{"id":46253,"date":"2023-05-26T11:55:00","date_gmt":"2023-05-26T04:55:00","guid":{"rendered":"https:\/\/mouldking.store\/shop\/joytoy-jt4669-adepta-sororitas-order-of-the-argent-shroud-paragon-warsuit-sister-collaen-with-1-pieces\/"},"modified":"2023-05-26T11:55:00","modified_gmt":"2023-05-26T04:55:00","slug":"joytoy-jt4669-adepta-sororitas-order-of-the-argent-shroud-paragon-warsuit-sister-collaen-with-1-pieces","status":"publish","type":"product","link":"https:\/\/mouldking.store\/hu\/shop\/joytoy-jt4669-adepta-sororitas-order-of-the-argent-shroud-paragon-warsuit-sister-collaen-with-1-pieces\/","title":{"rendered":"Joytoy JT4669 Adepta Sororitas Order of the Argent Shroud Paragon Warsuit Sister Collaen with 1 Pieces"},"content":{"rendered":"<div>\u2705 JOYTOY JT4669 Adepta Sororitas Order of the Argent Shroud Paragon Warsuit Sister Collaen<br \/>&nbsp;<br \/>\u2705Sister Collaen is a custom character or a recent addition to the Warhammer 40,000 lore<br \/>&nbsp;<br \/>\ud83d\udeab FONTOS!&nbsp;<br \/>&nbsp;<br \/>Product Name: Adepta Sororitas Order of the Argent Shroud Paragon Warsuit Sister Collaen<br \/>&nbsp;<br \/>Kateg\u00f3ria: Alkot\u00f3&nbsp;<br \/>&nbsp;<br \/>This Kit Contains: JOYTOY JT4669<br \/>&nbsp;<br \/>1 pcs Good Quality Bricks&nbsp;<br \/>&nbsp;<br \/>Size: 16cm<br \/>&nbsp;<br \/>K\u00e9zi utas\u00edt\u00e1sok&nbsp;<br \/>&nbsp;<br \/>\ud83d\udcccA f\u0151szerepl\u0151 term\u00e9szete&nbsp;<br \/>&nbsp;<br \/>Introducing our proud collection named \u201cAdepta Sororitas Order of the Argent Shroud Paragon Warsuit Sister Collaen\u201d you should not miss.&nbsp;<br \/>&nbsp;<br \/>The Order of the Argent Shroud is one of the many Orders Militant of the Adepta Sororitas (Sisters of Battle). They are known for their devotion to the Emperor and their preference for rapid assaults and close-quarters combat. Paragon Warsuits are powerful exoskeleton suits worn by the Sisters of Battle, enhancing their strength and providing additional armament.<\/div>","protected":false},"excerpt":{"rendered":"<p>M\u00e1rka: Joytoy<br \/>\nNem: Uniszex<br \/>\nKoroszt\u00e1ly: &gt; 6 \u00e9v<br \/>\nModel Number: JT4669<br \/>\nBesorol\u00e1s: \u00d6sszeszerel\u00e9s<br \/>\nM\u0171anyag blokk forma: \u00f6nz\u00e1r\u00f3 t\u00e9gla<br \/>\nAnyaga: M\u0171anyag<br \/>\nM\u0171anyag t\u00edpus: ABS<br \/>\nBricks Blocks: 1 +<br \/>\nEredeti doboza nincs<\/p>","protected":false},"featured_media":46247,"comment_status":"open","ping_status":"closed","template":"","meta":{"_acf_changed":false},"product_cat":[1365,371],"product_tag":[11827,12043,11072,8452,12019,12042,12021,11828,11824,12020],"class_list":["product","first","instock","shipping-taxable","purchasable","product-type-simple"],"acf":[],"_links":{"self":[{"href":"https:\/\/mouldking.store\/hu\/wp-json\/wp\/v2\/product\/46253","targetHints":{"allow":["GET"]}}],"collection":[{"href":"https:\/\/mouldking.store\/hu\/wp-json\/wp\/v2\/product"}],"about":[{"href":"https:\/\/mouldking.store\/hu\/wp-json\/wp\/v2\/types\/product"}],"replies":[{"embeddable":true,"href":"https:\/\/mouldking.store\/hu\/wp-json\/wp\/v2\/comments?post=46253"}],"wp:featuredmedia":[{"embeddable":true,"href":"https:\/\/mouldking.store\/hu\/wp-json\/wp\/v2\/media\/46247"}],"wp:attachment":[{"href":"https:\/\/mouldking.store\/hu\/wp-json\/wp\/v2\/media?parent=46253"}],"wp:term":[{"taxonomy":"product_cat","embeddable":true,"href":"https:\/\/mouldking.store\/hu\/wp-json\/wp\/v2\/product_cat?post=46253"},{"taxonomy":"product_tag","embeddable":true,"href":"https:\/\/mouldking.store\/hu\/wp-json\/wp\/v2\/product_tag?post=46253"}],"curies":[{"name":"wp","href":"https:\/\/api.w.org\/{rel}","templated":true}]}}