{"id":46265,"date":"2023-05-26T16:02:46","date_gmt":"2023-05-26T09:02:46","guid":{"rendered":"https:\/\/mouldking.store\/shop\/joytoy-jt4638-adepta-sororitas-battle-sisters-order-of-the-argent-shroud-sister-irmengard-with-1-pieces\/"},"modified":"2023-05-26T16:02:46","modified_gmt":"2023-05-26T09:02:46","slug":"joytoy-jt4638-adepta-sororitas-battle-sisters-order-of-the-argent-shroud-sister-irmengard-with-1-pieces","status":"publish","type":"product","link":"https:\/\/mouldking.store\/hu\/shop\/joytoy-jt4638-adepta-sororitas-battle-sisters-order-of-the-argent-shroud-sister-irmengard-with-1-pieces\/","title":{"rendered":"Joytoy JT4638 Adepta Sororitas Battle Sisters Order of the Argent Shroud Sister Irmengard with 1 Pieces"},"content":{"rendered":"<div>\u2705 JOYTOY JT4638 Adepta Sororitas Battle Sisters Order of the Argent Shroud Sister Irmengard<br \/>&nbsp;<br \/>\u2705Sister Irmengard is a custom character or a recent addition to the Warhammer 40,000 lore<br \/>&nbsp;<br \/>\ud83d\udeab FONTOS!&nbsp;<br \/>&nbsp;<br \/>Product Name: Adepta Sororitas Battle Sisters Order of the Argent Shroud Sister Irmengard<br \/>&nbsp;<br \/>Kateg\u00f3ria: Alkot\u00f3&nbsp;<br \/>&nbsp;<br \/>This Kit Contains:&nbsp; JOYTOY JT4638&nbsp;<br \/>&nbsp;<br \/>1 pcs Good Quality Bricks&nbsp;<br \/>&nbsp;<br \/>Size: 13.6cm<br \/>&nbsp;<br \/>K\u00e9zi utas\u00edt\u00e1sok&nbsp;<br \/>&nbsp;<br \/>\ud83d\udcccA f\u0151szerepl\u0151 term\u00e9szete&nbsp;<br \/>&nbsp;<br \/>Introducing our proud collection named \u201cAdepta Sororitas Battle Sisters Order of the Argent Shroud Sister Irmengard\u201d you should not miss.&nbsp;<br \/>&nbsp;<br \/>The Order of the Argent Shroud is known for its disciplined and efficient approach to combat, as well as its silver-colored armor and dedication to the Emperor. Sister Superiors within the Adepta Sororitas are experienced leaders who provide guidance and leadership to their fellow Battle Sisters.<\/div>","protected":false},"excerpt":{"rendered":"<p>M\u00e1rka: Joytoy<br \/>\nNem: Uniszex<br \/>\nKoroszt\u00e1ly: &gt; 6 \u00e9v<br \/>\nModel Number: JT4638<br \/>\nBesorol\u00e1s: \u00d6sszeszerel\u00e9s<br \/>\nM\u0171anyag blokk forma: \u00f6nz\u00e1r\u00f3 t\u00e9gla<br \/>\nAnyaga: M\u0171anyag<br \/>\nM\u0171anyag t\u00edpus: ABS<br \/>\nBricks Blocks: 1 +<br \/>\nEredeti doboza nincs<\/p>","protected":false},"featured_media":46263,"comment_status":"open","ping_status":"closed","template":"","meta":{"_acf_changed":false},"product_cat":[1365,371],"product_tag":[11827,9077,11072,8452,12045,12042,12021,11828,11824],"class_list":["product","first","instock","shipping-taxable","purchasable","product-type-simple"],"acf":[],"_links":{"self":[{"href":"https:\/\/mouldking.store\/hu\/wp-json\/wp\/v2\/product\/46265","targetHints":{"allow":["GET"]}}],"collection":[{"href":"https:\/\/mouldking.store\/hu\/wp-json\/wp\/v2\/product"}],"about":[{"href":"https:\/\/mouldking.store\/hu\/wp-json\/wp\/v2\/types\/product"}],"replies":[{"embeddable":true,"href":"https:\/\/mouldking.store\/hu\/wp-json\/wp\/v2\/comments?post=46265"}],"wp:featuredmedia":[{"embeddable":true,"href":"https:\/\/mouldking.store\/hu\/wp-json\/wp\/v2\/media\/46263"}],"wp:attachment":[{"href":"https:\/\/mouldking.store\/hu\/wp-json\/wp\/v2\/media?parent=46265"}],"wp:term":[{"taxonomy":"product_cat","embeddable":true,"href":"https:\/\/mouldking.store\/hu\/wp-json\/wp\/v2\/product_cat?post=46265"},{"taxonomy":"product_tag","embeddable":true,"href":"https:\/\/mouldking.store\/hu\/wp-json\/wp\/v2\/product_tag?post=46265"}],"curies":[{"name":"wp","href":"https:\/\/api.w.org\/{rel}","templated":true}]}}