{"id":46286,"date":"2023-05-26T16:45:12","date_gmt":"2023-05-26T09:45:12","guid":{"rendered":"https:\/\/mouldking.store\/shop\/joytoy-jt4492-iron-wrecker-09-pursue-type-mecha-with-2-pieces\/"},"modified":"2023-05-26T16:45:12","modified_gmt":"2023-05-26T09:45:12","slug":"joytoy-jt4492-iron-wrecker-09-pursue-type-mecha-with-2-pieces","status":"publish","type":"product","link":"https:\/\/mouldking.store\/hu\/shop\/joytoy-jt4492-iron-wrecker-09-pursue-type-mecha-with-2-pieces\/","title":{"rendered":"Joytoy JT4492 Iron Wrecker 09 Pursue Type Mecha with 2 Pieces"},"content":{"rendered":"<div>\u2705 JOYTOY JT4492 Iron Wrecker 09 Pursue Type Mecha<br \/>&nbsp;<br \/>\u2705 Iron Wrecker 09 Pursue Type Mecha is a specific model produced by JOYTOY<br \/>&nbsp;<br \/>\ud83d\udeab FONTOS!&nbsp;<br \/>&nbsp;<br \/>Product Name: Iron Wrecker 09 Pursue Type Mecha<br \/>&nbsp;<br \/>Kateg\u00f3ria: Alkot\u00f3&nbsp;<br \/>&nbsp;<br \/>This Kit Contains: JOYTOY JT4492<br \/>&nbsp;<br \/>&nbsp;pcs Good Quality Bricks&nbsp;<br \/>&nbsp;<br \/>Size: Mecha: ~22cm, Action Figure: 7.5cm<br \/>&nbsp;<br \/>K\u00e9zi utas\u00edt\u00e1sok&nbsp;<br \/>&nbsp;<br \/>\ud83d\udcccA f\u0151szerepl\u0151 term\u00e9szete&nbsp;<br \/>&nbsp;<br \/>Introducing our proud collection named \u201cIron Wrecker 09 Pursue Type Mecha\u201d you should not miss.&nbsp;<br \/>&nbsp;<br \/>JOYTOY JT4492 1:25 Iron Wrecker 09 Pursue Type Mecha is likely a collectible model or action figure that enthusiasts can assemble, display, or pose. It features detailed articulation, accessories, and a design inspired by mecha aesthetics.<\/div>","protected":false},"excerpt":{"rendered":"<p>M\u00e1rka: Joytoy<br \/>\nNem: Uniszex<br \/>\nKoroszt\u00e1ly: &gt; 6 \u00e9v<br \/>\nModel Number: JT4492<br \/>\nBesorol\u00e1s: \u00d6sszeszerel\u00e9s<br \/>\nM\u0171anyag blokk forma: \u00f6nz\u00e1r\u00f3 t\u00e9gla<br \/>\nAnyaga: M\u0171anyag<br \/>\nM\u0171anyag t\u00edpus: ABS<br \/>\nBricks Blocks: 2 +<br \/>\nEredeti doboza nincs<\/p>","protected":false},"featured_media":46280,"comment_status":"open","ping_status":"closed","template":"","meta":{"_acf_changed":false},"product_cat":[1365,371],"product_tag":[11072,8452,8789,9302,11944],"class_list":["product","first","instock","shipping-taxable","purchasable","product-type-simple"],"acf":[],"_links":{"self":[{"href":"https:\/\/mouldking.store\/hu\/wp-json\/wp\/v2\/product\/46286","targetHints":{"allow":["GET"]}}],"collection":[{"href":"https:\/\/mouldking.store\/hu\/wp-json\/wp\/v2\/product"}],"about":[{"href":"https:\/\/mouldking.store\/hu\/wp-json\/wp\/v2\/types\/product"}],"replies":[{"embeddable":true,"href":"https:\/\/mouldking.store\/hu\/wp-json\/wp\/v2\/comments?post=46286"}],"wp:featuredmedia":[{"embeddable":true,"href":"https:\/\/mouldking.store\/hu\/wp-json\/wp\/v2\/media\/46280"}],"wp:attachment":[{"href":"https:\/\/mouldking.store\/hu\/wp-json\/wp\/v2\/media?parent=46286"}],"wp:term":[{"taxonomy":"product_cat","embeddable":true,"href":"https:\/\/mouldking.store\/hu\/wp-json\/wp\/v2\/product_cat?post=46286"},{"taxonomy":"product_tag","embeddable":true,"href":"https:\/\/mouldking.store\/hu\/wp-json\/wp\/v2\/product_tag?post=46286"}],"curies":[{"name":"wp","href":"https:\/\/api.w.org\/{rel}","templated":true}]}}