{"id":46292,"date":"2023-05-26T17:09:46","date_gmt":"2023-05-26T10:09:46","guid":{"rendered":"https:\/\/mouldking.store\/shop\/joytoy-jt4546-imperial-fists-primaris-invader-atv-with-1-pieces\/"},"modified":"2023-05-26T17:09:46","modified_gmt":"2023-05-26T10:09:46","slug":"joytoy-jt4546-imperial-fists-primaris-invader-atv-with-1-pieces","status":"publish","type":"product","link":"https:\/\/mouldking.store\/hu\/shop\/joytoy-jt4546-imperial-fists-primaris-invader-atv-with-1-pieces\/","title":{"rendered":"Joytoy JT4546 Imperial Fists Primaris Invader ATV with 1 Pieces"},"content":{"rendered":"<div>\u2705 JOYTOY JT4546 Imperial Fists Primaris Invader ATV<br \/>&nbsp;<br \/>\u2705The Imperial Fists Primaris Invader ATV is a specialized vehicle used by the Imperial Fists Space Marine Chapter in the Warhammer 40,000 universe. The Invader ATV is a fast and versatile all-terrain vehicle that combines speed and firepower to support the forces of the Imperial Fists on the battlefield.<br \/>&nbsp;<br \/>\ud83d\udeab FONTOS!&nbsp;<br \/>&nbsp;<br \/>Product Name:&nbsp; Imperial Fists Primaris Invader ATV<br \/>&nbsp;<br \/>Kateg\u00f3ria: Alkot\u00f3&nbsp;<br \/>&nbsp;<br \/>This Kit Contains: JOYTOY JT4546<br \/>&nbsp;<br \/>1 pcs Good Quality Bricks&nbsp;<br \/>&nbsp;<br \/>Size: 10cm<br \/>&nbsp;<br \/>K\u00e9zi utas\u00edt\u00e1sok&nbsp;<br \/>&nbsp;<br \/>\ud83d\udcccA f\u0151szerepl\u0151 term\u00e9szete&nbsp;<br \/>&nbsp;<br \/>Introducing our proud collection named \u201cImperial Fists Primaris Invader ATV\u201d you should not miss.&nbsp;<br \/>&nbsp;<br \/>The Imperial Fists are known for their expertise in siege warfare and fortification defense. They are one of the First Founding Space Marine Chapters and are recognized for their yellow armor and their unwavering loyalty to the Emperor.<\/div>","protected":false},"excerpt":{"rendered":"<p>M\u00e1rka: Joytoy<br \/>\nNem: Uniszex<br \/>\nKoroszt\u00e1ly: &gt; 6 \u00e9v<br \/>\nModel Number: JT4546<br \/>\nBesorol\u00e1s: \u00d6sszeszerel\u00e9s<br \/>\nM\u0171anyag blokk forma: \u00f6nz\u00e1r\u00f3 t\u00e9gla<br \/>\nAnyaga: M\u0171anyag<br \/>\nM\u0171anyag t\u00edpus: ABS<br \/>\nBricks Blocks: 1 +<br \/>\nEredeti doboza nincs<\/p>","protected":false},"featured_media":46287,"comment_status":"open","ping_status":"closed","template":"","meta":{"_acf_changed":false},"product_cat":[1365,371],"product_tag":[11072,8452,12047,12048,12040,11824],"class_list":["product","first","instock","shipping-taxable","purchasable","product-type-simple"],"acf":[],"_links":{"self":[{"href":"https:\/\/mouldking.store\/hu\/wp-json\/wp\/v2\/product\/46292","targetHints":{"allow":["GET"]}}],"collection":[{"href":"https:\/\/mouldking.store\/hu\/wp-json\/wp\/v2\/product"}],"about":[{"href":"https:\/\/mouldking.store\/hu\/wp-json\/wp\/v2\/types\/product"}],"replies":[{"embeddable":true,"href":"https:\/\/mouldking.store\/hu\/wp-json\/wp\/v2\/comments?post=46292"}],"wp:featuredmedia":[{"embeddable":true,"href":"https:\/\/mouldking.store\/hu\/wp-json\/wp\/v2\/media\/46287"}],"wp:attachment":[{"href":"https:\/\/mouldking.store\/hu\/wp-json\/wp\/v2\/media?parent=46292"}],"wp:term":[{"taxonomy":"product_cat","embeddable":true,"href":"https:\/\/mouldking.store\/hu\/wp-json\/wp\/v2\/product_cat?post=46292"},{"taxonomy":"product_tag","embeddable":true,"href":"https:\/\/mouldking.store\/hu\/wp-json\/wp\/v2\/product_tag?post=46292"}],"curies":[{"name":"wp","href":"https:\/\/api.w.org\/{rel}","templated":true}]}}