{"id":46347,"date":"2023-05-29T10:19:06","date_gmt":"2023-05-29T03:19:06","guid":{"rendered":"https:\/\/mouldking.store\/shop\/mould-king-15077-power-motor-green-robot-dog-with-886-pieces\/"},"modified":"2023-05-29T10:19:06","modified_gmt":"2023-05-29T03:19:06","slug":"mould-king-15077-power-motor-green-robot-dog-with-886-pieces","status":"publish","type":"product","link":"https:\/\/mouldking.store\/hu\/shop\/mould-king-15077-power-motor-green-robot-dog-with-886-pieces\/","title":{"rendered":"MOULD KING 15077 Motoros Z\u00f6ld Robotkutya 886 Darabossal"},"content":{"rendered":"<div>\u2705Mould King 15077 Power Motor Green Robot Dog<br \/>&nbsp;<br \/>\u2705The Mould King 15077 Technic Power Motor Green Robot Dog Building Blocks is a specific set of building blocks designed for constructing a robot dog model. It consists of approximately 886 pieces or bricks.&nbsp;<br \/>&nbsp;<br \/>\ud83d\udeab FONTOS!&nbsp;<br \/>&nbsp;<br \/>Product Name: Power Motor Green Robot Dog<br \/>&nbsp;<br \/>Kateg\u00f3ria: Alkot\u00f3&nbsp;<\/p>\n<p>This kit contains: Mould King 15077&nbsp;<br \/>&nbsp;<br \/>886 pcs Good Quality Bricks&nbsp;<br \/>&nbsp;<br \/>K\u00e9zi utas\u00edt\u00e1sok&nbsp;<br \/>&nbsp;<br \/>\ud83d\udcccA f\u0151szerepl\u0151 term\u00e9szete&nbsp;<br \/>&nbsp;<br \/>Introducing our proud collection named \u201cPower Motor Green Robot Dog\u201d you should not miss.&nbsp;<br \/>&nbsp;<br \/>The Technic Power Motor suggests that this robot dog may have motorized features, such as walking or wagging its tail, which can be controlled using a power source.&nbsp;<\/div>","protected":false},"excerpt":{"rendered":"<p>M\u00e1rka: MOLD KING<br \/>\nNem: Uniszex<br \/>\nKoroszt\u00e1ly: 8 \u00e9v felett<br \/>\nModel Number: 15077<br \/>\nBesorol\u00e1s: \u00d6sszeszerel\u00e9s<br \/>\nM\u0171anyag blokk forma: \u00f6nz\u00e1r\u00f3 t\u00e9gla<br \/>\nAnyaga: M\u0171anyag<br \/>\nM\u0171anyag t\u00edpus: ABS<br \/>\nBricks Blocks: 886 +<br \/>\nEredeti doboza nincs<\/p>","protected":false},"featured_media":46342,"comment_status":"open","ping_status":"closed","template":"","meta":{"_acf_changed":false},"product_cat":[1365,1357,371,364],"product_tag":[11072,8452,11777,7978,12059,389],"class_list":["product","first","instock","shipping-taxable","purchasable","product-type-simple"],"acf":[],"_links":{"self":[{"href":"https:\/\/mouldking.store\/hu\/wp-json\/wp\/v2\/product\/46347","targetHints":{"allow":["GET"]}}],"collection":[{"href":"https:\/\/mouldking.store\/hu\/wp-json\/wp\/v2\/product"}],"about":[{"href":"https:\/\/mouldking.store\/hu\/wp-json\/wp\/v2\/types\/product"}],"replies":[{"embeddable":true,"href":"https:\/\/mouldking.store\/hu\/wp-json\/wp\/v2\/comments?post=46347"}],"wp:featuredmedia":[{"embeddable":true,"href":"https:\/\/mouldking.store\/hu\/wp-json\/wp\/v2\/media\/46342"}],"wp:attachment":[{"href":"https:\/\/mouldking.store\/hu\/wp-json\/wp\/v2\/media?parent=46347"}],"wp:term":[{"taxonomy":"product_cat","embeddable":true,"href":"https:\/\/mouldking.store\/hu\/wp-json\/wp\/v2\/product_cat?post=46347"},{"taxonomy":"product_tag","embeddable":true,"href":"https:\/\/mouldking.store\/hu\/wp-json\/wp\/v2\/product_tag?post=46347"}],"curies":[{"name":"wp","href":"https:\/\/api.w.org\/{rel}","templated":true}]}}