{"id":46351,"date":"2023-05-29T10:34:45","date_gmt":"2023-05-29T03:34:45","guid":{"rendered":"https:\/\/mouldking.store\/shop\/jaki-jk8213-red-white-game-console-retro-with-228-pieces\/"},"modified":"2023-05-29T10:34:45","modified_gmt":"2023-05-29T03:34:45","slug":"jaki-jk8213-red-white-game-console-retro-with-228-pieces","status":"publish","type":"product","link":"https:\/\/mouldking.store\/hu\/shop\/jaki-jk8213-red-white-game-console-retro-with-228-pieces\/","title":{"rendered":"JAKI JK8213 Piros-feh\u00e9r retr\u00f3 j\u00e1t\u00e9kkonzol 228 darabbal"},"content":{"rendered":"<div>\u2705 JAKI JK8213 Piros-feh\u00e9r retr\u00f3 j\u00e1t\u00e9kkonzol<br \/>&nbsp;<br \/>\u2705A JAKI JK8213 Piros \u00e9s Feh\u00e9r Retro J\u00e1t\u00e9kkonzol egy \u00e9p\u00edt\u0151kocka k\u00e9szlet, amely lehet\u0151v\u00e9 teszi egy retr\u00f3 st\u00edlus\u00fa j\u00e1t\u00e9kkonzol modellj\u00e9nek meg\u00e9p\u00edt\u00e9s\u00e9t. K\u00f6r\u00fclbel\u00fcl 228 darabb\u00f3l vagy kock\u00e1b\u00f3l \u00e1ll, amelyekb\u0151l a konzol \u00e9s a hozz\u00e1 tartoz\u00f3 alkatr\u00e9szek meg\u00e9p\u00edt\u00e9s\u00e9re lehet haszn\u00e1lni.<br \/>&nbsp;<br \/>\ud83d\udeab FONTOS!&nbsp;<br \/>&nbsp;<br \/>Term\u00e9k neve: Piros \u00e9s feh\u00e9r j\u00e1t\u00e9kkonzol retr\u00f3<br \/>&nbsp;<br \/>Kateg\u00f3ria: Alkot\u00f3&nbsp;<br \/>&nbsp;<br \/>A k\u00e9szlet tartalma: JAKI JK8213<br \/>&nbsp;<\/div>\n<div>228 db j\u00f3 min\u0151s\u00e9g\u0171 t\u00e9gla&nbsp;<br \/>&nbsp;<br \/>M\u00e9ret: 16,9 \u00d7 23,5 \u00d7 4,2 cm<br \/>&nbsp;<br \/>K\u00e9zi utas\u00edt\u00e1sok&nbsp;<br \/>&nbsp;<br \/>\ud83d\udcccA f\u0151szerepl\u0151 term\u00e9szete&nbsp;<br \/>&nbsp;<br \/>Bemutatjuk b\u00fcszke kollekci\u00f3nkat, a \u201eRed &amp; White Game Console Retro\u201d-t, amit nem szabad kihagynod.&nbsp;<br \/>&nbsp;<br \/>A piros-feh\u00e9r sz\u00ednvil\u00e1ggal ez az \u00e9p\u00edt\u0151kocka-k\u00e9szlet a m\u00falt klasszikus j\u00e1t\u00e9kkonzoljainak nosztalgikus megjelen\u00e9s\u00e9t k\u00edv\u00e1nja felid\u00e9zni. \u00dagy tervezt\u00e9k, hogy egy retr\u00f3 j\u00e1t\u00e9krendszerre hasonl\u00edtson, olyan elemeket tartalmazva, mint a kontrollerek, gombok \u00e9s egy k\u00e9perny\u0151.&nbsp;<\/div>","protected":false},"excerpt":{"rendered":"<p>M\u00e1rka: JAKI<br \/>\nNem: Uniszex<br \/>\nKoroszt\u00e1ly: 8 \u00e9v felett<br \/>\nModellsz\u00e1m: JK8213<br \/>\nBesorol\u00e1s: \u00d6sszeszerel\u00e9s<br \/>\nM\u0171anyag blokk forma: \u00f6nz\u00e1r\u00f3 t\u00e9gla<br \/>\nAnyaga: M\u0171anyag<br \/>\nM\u0171anyag t\u00edpus: ABS<br \/>\nT\u00e9gl\u00e1k Blokkok: 228 +<br \/>\nEredeti doboza nincs<\/p>","protected":false},"featured_media":46348,"comment_status":"open","ping_status":"closed","template":"","meta":{"_acf_changed":false},"product_cat":[1365,371],"product_tag":[12060,11072,8452,9139,7457],"class_list":["product","first","instock","shipping-taxable","purchasable","product-type-simple"],"acf":[],"_links":{"self":[{"href":"https:\/\/mouldking.store\/hu\/wp-json\/wp\/v2\/product\/46351","targetHints":{"allow":["GET"]}}],"collection":[{"href":"https:\/\/mouldking.store\/hu\/wp-json\/wp\/v2\/product"}],"about":[{"href":"https:\/\/mouldking.store\/hu\/wp-json\/wp\/v2\/types\/product"}],"replies":[{"embeddable":true,"href":"https:\/\/mouldking.store\/hu\/wp-json\/wp\/v2\/comments?post=46351"}],"wp:featuredmedia":[{"embeddable":true,"href":"https:\/\/mouldking.store\/hu\/wp-json\/wp\/v2\/media\/46348"}],"wp:attachment":[{"href":"https:\/\/mouldking.store\/hu\/wp-json\/wp\/v2\/media?parent=46351"}],"wp:term":[{"taxonomy":"product_cat","embeddable":true,"href":"https:\/\/mouldking.store\/hu\/wp-json\/wp\/v2\/product_cat?post=46351"},{"taxonomy":"product_tag","embeddable":true,"href":"https:\/\/mouldking.store\/hu\/wp-json\/wp\/v2\/product_tag?post=46351"}],"curies":[{"name":"wp","href":"https:\/\/api.w.org\/{rel}","templated":true}]}}