{"id":46355,"date":"2023-05-29T10:45:43","date_gmt":"2023-05-29T03:45:43","guid":{"rendered":"https:\/\/mouldking.store\/shop\/tuomu-t5002-rotating-solar-system-with-775-pieces\/"},"modified":"2023-05-29T10:45:43","modified_gmt":"2023-05-29T03:45:43","slug":"tuomu-t5002-rotating-solar-system-with-775-pieces","status":"publish","type":"product","link":"https:\/\/mouldking.store\/hu\/shop\/tuomu-t5002-rotating-solar-system-with-775-pieces\/","title":{"rendered":"TuoMu T5002 forg\u00f3 napelemes rendszer 775 darabbal"},"content":{"rendered":"<div>\u2705 TuoMu T5002 Rotating Solar System<br \/>&nbsp;<br \/>\u2705The TuoMu T5002 Rotating Solar System is a building block set that allows you to construct a model of the solar system. It features a rotating mechanism that mimics the movement of celestial bodies, creating a dynamic representation of the sun and planets in our solar system.<br \/>&nbsp;<br \/>\ud83d\udeab FONTOS!&nbsp;<br \/>&nbsp;<br \/>Product Name: Rotating Solar System<br \/>&nbsp;<br \/>Kateg\u00f3ria: \u0170r&nbsp;<br \/>&nbsp;<br \/>This Kit Contains: TuoMu T5002<br \/>&nbsp;<br \/>775 pcs Good Quality Bricks&nbsp;<br \/>&nbsp;<br \/>K\u00e9zi utas\u00edt\u00e1sok&nbsp;<br \/>&nbsp;<br \/>\ud83d\udcccA f\u0151szerepl\u0151 term\u00e9szete&nbsp;<br \/>&nbsp;<br \/>Introducing our proud collection named \u201cRotating Solar System\u201d you should not miss.&nbsp;<br \/>&nbsp;<br \/>The set likely includes a series of building blocks and components that represent the sun, planets, and possibly other celestial objects such as moons or asteroids. These blocks can be assembled to create a model with a central rotating mechanism that simulates the orbits and rotations of the planets around the sun. The TuoMu T5002 Rotating Solar System is designed to be educational and visually engaging, providing a hands-on way to learn about the solar system and its various components. It can be used as a tool for teaching astronomy and planetary science concepts to children and enthusiasts.<\/div>","protected":false},"excerpt":{"rendered":"<p>Brand: TuoMu<br \/>\nNem: Uniszex<br \/>\nKoroszt\u00e1ly: 8 \u00e9v felett<br \/>\nModel Number: T5002<br \/>\nBesorol\u00e1s: \u00d6sszeszerel\u00e9s<br \/>\nM\u0171anyag blokk forma: \u00f6nz\u00e1r\u00f3 t\u00e9gla<br \/>\nAnyaga: M\u0171anyag<br \/>\nM\u0171anyag t\u00edpus: ABS<br \/>\nBricks Blocks: 775 +<br \/>\nEredeti doboza nincs<\/p>","protected":false},"featured_media":46352,"comment_status":"open","ping_status":"closed","template":"","meta":{"_acf_changed":false},"product_cat":[1365,371,6016],"product_tag":[11072,8452,12061,10901,2276],"class_list":["product","first","instock","shipping-taxable","purchasable","product-type-simple"],"acf":[],"_links":{"self":[{"href":"https:\/\/mouldking.store\/hu\/wp-json\/wp\/v2\/product\/46355","targetHints":{"allow":["GET"]}}],"collection":[{"href":"https:\/\/mouldking.store\/hu\/wp-json\/wp\/v2\/product"}],"about":[{"href":"https:\/\/mouldking.store\/hu\/wp-json\/wp\/v2\/types\/product"}],"replies":[{"embeddable":true,"href":"https:\/\/mouldking.store\/hu\/wp-json\/wp\/v2\/comments?post=46355"}],"wp:featuredmedia":[{"embeddable":true,"href":"https:\/\/mouldking.store\/hu\/wp-json\/wp\/v2\/media\/46352"}],"wp:attachment":[{"href":"https:\/\/mouldking.store\/hu\/wp-json\/wp\/v2\/media?parent=46355"}],"wp:term":[{"taxonomy":"product_cat","embeddable":true,"href":"https:\/\/mouldking.store\/hu\/wp-json\/wp\/v2\/product_cat?post=46355"},{"taxonomy":"product_tag","embeddable":true,"href":"https:\/\/mouldking.store\/hu\/wp-json\/wp\/v2\/product_tag?post=46355"}],"curies":[{"name":"wp","href":"https:\/\/api.w.org\/{rel}","templated":true}]}}