{"id":46393,"date":"2023-06-06T10:13:27","date_gmt":"2023-06-06T03:13:27","guid":{"rendered":"https:\/\/mouldking.store\/shop\/mould-king-10041-no-zonda-r-sports-car-with-1278-pieces\/"},"modified":"2023-06-06T10:13:27","modified_gmt":"2023-06-06T03:13:27","slug":"mould-king-10041-no-zonda-r-sports-car-with-1278-pieces","status":"publish","type":"product","link":"https:\/\/mouldking.store\/hu\/shop\/mould-king-10041-no-zonda-r-sports-car-with-1278-pieces\/","title":{"rendered":"MOULD KING 10041 No.Zonda R Sports Car with 1278 Pieces"},"content":{"rendered":"<div>\u2705 Mould King 10041 No.Zonda R Sports Car<br \/>&nbsp;<br \/>\u2705The Pagani Zonda R is a high-performance sports car produced by the Italian automaker Pagani. It is a track-only version of the Pagani Zonda, designed to provide an exhilarating driving experience on race circuits.<br \/>&nbsp;<br \/>\ud83d\udeab FONTOS!&nbsp;<br \/>&nbsp;<br \/>Product Name: No.Zonda R Sports Car<br \/>&nbsp;<br \/>Kateg\u00f3ria: M\u0171szaki<br \/>&nbsp;<br \/>This Kit Contains: Mould King 10041<br \/>&nbsp;<br \/>1278 pcs Good Quality Bricks&nbsp;<br \/>&nbsp;<br \/>Size: 32.4 \u00d7 14.5 \u00d7 7.5 cm<br \/>&nbsp;<br \/>K\u00e9zi utas\u00edt\u00e1sok&nbsp;<br \/>&nbsp;<br \/>\ud83d\udcccA f\u0151szerepl\u0151 term\u00e9szete&nbsp;<br \/>&nbsp;<br \/>Introducing our proud collection named \u201cNo. Zonda R Sports Car\u201d you should not miss.&nbsp;<br \/>&nbsp;<br \/>The Zonda R is equipped with a powerful 6.0-liter V12 engine sourced from Mercedes-AMG. It generates a staggering output of around 800 horsepower, offering exceptional acceleration and top speed. The Zonda R showcases an aggressive and aerodynamically optimized design. It features a large rear wing, a prominent front splitter, and various air intakes and vents to enhance the downforce and overall stability at high speeds. Pagani utilized advanced lightweight materials, including carbon fiber and titanium, to keep the weight of the Zonda R to a minimum. This enables the car to achieve impressive performance and agility on the track. The Zonda R boasts remarkable performance capabilities. It can accelerate from 0 to 60 mph (0 to 97 km\/h) in just around 2.5 seconds and has a top speed of approximately 220 mph (354 km\/h).&nbsp;<\/div>","protected":false},"excerpt":{"rendered":"<p>M\u00e1rka: MOLD KING<br \/>\nNem: Uniszex<br \/>\nKoroszt\u00e1ly: 8 \u00e9v felett<br \/>\nModel Number: 10041<br \/>\nBesorol\u00e1s: \u00d6sszeszerel\u00e9s<br \/>\nM\u0171anyag blokk forma: \u00f6nz\u00e1r\u00f3 t\u00e9gla<br \/>\nAnyaga: M\u0171anyag<br \/>\nM\u0171anyag t\u00edpus: ABS<br \/>\nBricks Blocks: 1278 +<br \/>\nEredeti doboza nincs<\/p>","protected":false},"featured_media":46388,"comment_status":"open","ping_status":"closed","template":"","meta":{"_acf_changed":false},"product_cat":[1360,1357,364],"product_tag":[457,11813,11071,389,11080,6304],"class_list":["product","first","instock","shipping-taxable","purchasable","product-type-simple"],"acf":[],"_links":{"self":[{"href":"https:\/\/mouldking.store\/hu\/wp-json\/wp\/v2\/product\/46393","targetHints":{"allow":["GET"]}}],"collection":[{"href":"https:\/\/mouldking.store\/hu\/wp-json\/wp\/v2\/product"}],"about":[{"href":"https:\/\/mouldking.store\/hu\/wp-json\/wp\/v2\/types\/product"}],"replies":[{"embeddable":true,"href":"https:\/\/mouldking.store\/hu\/wp-json\/wp\/v2\/comments?post=46393"}],"wp:featuredmedia":[{"embeddable":true,"href":"https:\/\/mouldking.store\/hu\/wp-json\/wp\/v2\/media\/46388"}],"wp:attachment":[{"href":"https:\/\/mouldking.store\/hu\/wp-json\/wp\/v2\/media?parent=46393"}],"wp:term":[{"taxonomy":"product_cat","embeddable":true,"href":"https:\/\/mouldking.store\/hu\/wp-json\/wp\/v2\/product_cat?post=46393"},{"taxonomy":"product_tag","embeddable":true,"href":"https:\/\/mouldking.store\/hu\/wp-json\/wp\/v2\/product_tag?post=46393"}],"curies":[{"name":"wp","href":"https:\/\/api.w.org\/{rel}","templated":true}]}}