{"id":46546,"date":"2023-06-12T11:33:17","date_gmt":"2023-06-12T04:33:17","guid":{"rendered":"https:\/\/mouldking.store\/shop\/moc-factory-142400-horizon-forbidden-west-champions-spear-with-3427-pieces\/"},"modified":"2025-12-16T22:24:55","modified_gmt":"2025-12-16T15:24:55","slug":"moc-factory-142400-horizon-forbidden-west-champions-spear-with-3427-pieces","status":"publish","type":"product","link":"https:\/\/mouldking.store\/hu\/shop\/moc-factory-142400-horizon-forbidden-west-champions-spear-with-3427-pieces\/","title":{"rendered":"MOC Factory 142400 Horizon Forbidden West Champion&#8217;s Spear with 3427 Pieces"},"content":{"rendered":"<div>\u2705 MOC-142400 Horizont Tiltott Nyugat Bajnok L\u00e1ndzs\u00e1ja<\/p>\n<p>\u2705Ez a Horizon: Forbidden West j\u00e1t\u00e9kban haszn\u00e1lt Bajnok L\u00e1ndzs\u00e1j\u00e1nak 1:1 m\u00e9retar\u00e1ny\u00fa m\u00e1solata, melyet a j\u00e1t\u00e9k f\u0151szerepl\u0151je, Aloy haszn\u00e1lt. 173,2 szegecs (138,6 cm) hossz\u00fa, ami azt jelenti, hogy a j\u00e1t\u00e9kbeli l\u00e1ndzsa becs\u00fclt 130-150 cm-es hossz\u00e1n bel\u00fcl van.<\/p>\n<p>\ud83d\udeab FONTOS!<\/p>\n<p>Term\u00e9k neve: Horizont \u2013 Tiltott Nyugat \u2013 Bajnok L\u00e1ndzs\u00e1ja<\/p>\n<p>Kateg\u00f3ria: Film<\/p>\n<p>A k\u00e9szlet tartalma: C9437<\/p>\n<p>3427 db j\u00f3 min\u0151s\u00e9g\u0171 t\u00e9gla<\/p>\n<p>M\u00e9ret: 140 x 12 x 20 cm<\/p>\n<p>S\u00faly: 2,25 kg<\/p>\n<p>PDF \u00datmutat\u00f3<\/p>\n<p>\ud83d\udcccA f\u0151szerepl\u0151 term\u00e9szete<\/p>\n<p>Bemutatjuk b\u00fcszke kollekci\u00f3nkat, a \u201eHorizont Forbidden West Champion&#039;s Spear\u201d-t, amelyet nem szabad kihagynod.<\/p>\n<p>A Bajnok L\u00e1ndzs\u00e1j\u00e1nak diz\u00e1jnja Sylens L\u00e1ndzs\u00e1j\u00e1n alapul, ugyanolyan tekercselt ny\u00e9lform\u00e1val \u00e9s hasonl\u00f3 l\u00e1ndzsahegygel (b\u00e1r Carja mint\u00e1kkal d\u00edsz\u00edtve). Aloy szem\u00e9lyes m\u00f3dos\u00edt\u00e1sai k\u00f6z\u00e9 tartozik egy Fel\u00fcl\u00edr\u00e1s modul a v\u00e9g\u00e9re szerelve \u00e9s tollak a ny\u00e9l ment\u00e9n. A Bajnok L\u00e1ndzs\u00e1ja megtartja a Horizon Zero Dawn l\u00e1ndzs\u00e1j\u00e1nak funkci\u00f3it, az alapvet\u0151 K\u00f6nny\u0171 \u00e9s Neh\u00e9z t\u00e1mad\u00e1sokkal, a Fel\u00fcl\u00edr\u00e1s funkci\u00f3val \u00e9s az er\u0151teljes lopakod\u00f3 t\u00e1mad\u00e1sokkal. V\u00e1ltoz\u00e1sai k\u00f6z\u00e9 tartozik t\u00f6bb \u00faj kombin\u00e1ci\u00f3, amelyek a Harcos K\u00e9pess\u00e9gf\u00e1n kereszt\u00fcl oldhat\u00f3k fel, valamint egy Rezon\u00e1tor, amely energi\u00e1t gy\u0171jt \u00e9s egy er\u0151teljes l\u00f6v\u00e9ssel szabad\u00edthat fel. A f\u0151 kamp\u00e1ny r\u00e9szek\u00e9nt a L\u00e1ndzsa k\u00e9t \u00faj funkci\u00f3val m\u00f3dosul: egy Gy\u00fajt\u00f3, amely lehet\u0151v\u00e9 teszi a T\u0171zcsill\u00e1m-f\u00fcrt\u00f6k elpuszt\u00edt\u00e1s\u00e1t; \u00e9s egy Sz\u0151l\u0151v\u00e1g\u00f3, amely elt\u00e1vol\u00edtja a F\u00e9mvir\u00e1gokb\u00f3l n\u00f6vesztett ind\u00e1kat.<\/p><\/div>","protected":false},"excerpt":{"rendered":"<p>M\u00e1rka: MOC Factory<br \/>\nNem: Uniszex<br \/>\nKoroszt\u00e1ly: &gt; 6 \u00e9v<br \/>\nModel Number: 142400<br \/>\nBesorol\u00e1s: \u00d6sszeszerel\u00e9s<br \/>\nM\u0171anyag blokk forma: \u00f6nz\u00e1r\u00f3 t\u00e9gla<br \/>\nAnyaga: M\u0171anyag<br \/>\nM\u0171anyag t\u00edpus: ABS<br \/>\nBricks Blocks: 3427 +<br \/>\nEredeti doboza nincs<\/p>","protected":false},"featured_media":46541,"comment_status":"open","ping_status":"closed","template":"","meta":{"_acf_changed":false},"product_cat":[1365,371],"product_tag":[11882,11072,8452,9815,9139,8168,12082,8965],"class_list":["product","first","instock","shipping-taxable","purchasable","product-type-simple"],"acf":[],"_links":{"self":[{"href":"https:\/\/mouldking.store\/hu\/wp-json\/wp\/v2\/product\/46546","targetHints":{"allow":["GET"]}}],"collection":[{"href":"https:\/\/mouldking.store\/hu\/wp-json\/wp\/v2\/product"}],"about":[{"href":"https:\/\/mouldking.store\/hu\/wp-json\/wp\/v2\/types\/product"}],"replies":[{"embeddable":true,"href":"https:\/\/mouldking.store\/hu\/wp-json\/wp\/v2\/comments?post=46546"}],"wp:featuredmedia":[{"embeddable":true,"href":"https:\/\/mouldking.store\/hu\/wp-json\/wp\/v2\/media\/46541"}],"wp:attachment":[{"href":"https:\/\/mouldking.store\/hu\/wp-json\/wp\/v2\/media?parent=46546"}],"wp:term":[{"taxonomy":"product_cat","embeddable":true,"href":"https:\/\/mouldking.store\/hu\/wp-json\/wp\/v2\/product_cat?post=46546"},{"taxonomy":"product_tag","embeddable":true,"href":"https:\/\/mouldking.store\/hu\/wp-json\/wp\/v2\/product_tag?post=46546"}],"curies":[{"name":"wp","href":"https:\/\/api.w.org\/{rel}","templated":true}]}}