{"id":46578,"date":"2023-06-12T12:02:09","date_gmt":"2023-06-12T05:02:09","guid":{"rendered":"https:\/\/mouldking.store\/shop\/panlosbrick-613003-pink-dream-castle-with-9963-pieces\/"},"modified":"2023-06-12T12:02:09","modified_gmt":"2023-06-12T05:02:09","slug":"panlosbrick-613003-pink-dream-castle-with-9963-pieces","status":"publish","type":"product","link":"https:\/\/mouldking.store\/hu\/shop\/panlosbrick-613003-pink-dream-castle-with-9963-pieces\/","title":{"rendered":"PANLOSBRICK 613003 Pink Dream Castle with 9963 Pieces"},"content":{"rendered":"<div>\u2705 PANLOS 613003 Pink Dream Castle<br \/>&nbsp;<br \/>\u2705The PANLOS 613003 Creator Expert Pink Dream Castle Building Blocks is a specific building block set that features a pink dream castle design. It includes approximately 9963 pieces, allowing builders to create a detailed and intricate model of a castle using interlocking plastic bricks.<br \/>&nbsp;<br \/>\ud83d\udeab FONTOS!&nbsp;<br \/>&nbsp;<br \/>Product Name: Pink Dream Castle<br \/>&nbsp;<br \/>Kateg\u00f3ria: Modul\u00e1ris \u00e9p\u00fclet<br \/>&nbsp;<br \/>This Kit Contains: PANLOS 613003&nbsp;<br \/>&nbsp;<br \/>9963 pcs Good Quality Bricks&nbsp;<br \/>&nbsp;<br \/>Size: 42 \u00d7 42 \u00d7 51 cm<br \/>&nbsp;<br \/>K\u00e9zi utas\u00edt\u00e1sok&nbsp;<br \/>&nbsp;<br \/>\ud83d\udcccA f\u0151szerepl\u0151 term\u00e9szete&nbsp;<br \/>&nbsp;<br \/>Introducing our proud collection named \u201cPink Dream Castle\u201d you should not miss.&nbsp;<br \/>&nbsp;<br \/>The specific features of the set can vary, but building block sets often include elements such as architectural details, interior rooms, balconies, towers, gates, and other castle-related structures. These features can be assembled to create a visually appealing and immersive castle model.<\/div>","protected":false},"excerpt":{"rendered":"<p>M\u00e1rka: PANLOSBRICK<br \/>\nNem: Uniszex<br \/>\nKorhat\u00e1r: &gt; 16 \u00e9v<br \/>\nModel Number: 613003<br \/>\nBesorol\u00e1s: \u00d6sszeszerel\u00e9s<br \/>\nM\u0171anyag blokk forma: \u00f6nz\u00e1r\u00f3 t\u00e9gla<br \/>\nAnyaga: M\u0171anyag<br \/>\nM\u0171anyag t\u00edpus: ABS<br \/>\nBricks Blocks: 9963 +<br \/>\nEredeti doboza nincs<\/p>","protected":false},"featured_media":46572,"comment_status":"open","ping_status":"closed","template":"","meta":{"_acf_changed":false},"product_cat":[1365,1395,371,390],"product_tag":[787,11072,8452,2722,392],"class_list":["product","first","instock","shipping-taxable","purchasable","product-type-simple"],"acf":[],"_links":{"self":[{"href":"https:\/\/mouldking.store\/hu\/wp-json\/wp\/v2\/product\/46578","targetHints":{"allow":["GET"]}}],"collection":[{"href":"https:\/\/mouldking.store\/hu\/wp-json\/wp\/v2\/product"}],"about":[{"href":"https:\/\/mouldking.store\/hu\/wp-json\/wp\/v2\/types\/product"}],"replies":[{"embeddable":true,"href":"https:\/\/mouldking.store\/hu\/wp-json\/wp\/v2\/comments?post=46578"}],"wp:featuredmedia":[{"embeddable":true,"href":"https:\/\/mouldking.store\/hu\/wp-json\/wp\/v2\/media\/46572"}],"wp:attachment":[{"href":"https:\/\/mouldking.store\/hu\/wp-json\/wp\/v2\/media?parent=46578"}],"wp:term":[{"taxonomy":"product_cat","embeddable":true,"href":"https:\/\/mouldking.store\/hu\/wp-json\/wp\/v2\/product_cat?post=46578"},{"taxonomy":"product_tag","embeddable":true,"href":"https:\/\/mouldking.store\/hu\/wp-json\/wp\/v2\/product_tag?post=46578"}],"curies":[{"name":"wp","href":"https:\/\/api.w.org\/{rel}","templated":true}]}}