{"id":46614,"date":"2023-06-12T15:06:22","date_gmt":"2023-06-12T08:06:22","guid":{"rendered":"https:\/\/mouldking.store\/shop\/panlosbrick-881102-teddy-convenience-store-with-1156-pieces\/"},"modified":"2023-06-12T15:06:22","modified_gmt":"2023-06-12T08:06:22","slug":"panlosbrick-881102-teddy-convenience-store-with-1156-pieces","status":"publish","type":"product","link":"https:\/\/mouldking.store\/hu\/shop\/panlosbrick-881102-teddy-convenience-store-with-1156-pieces\/","title":{"rendered":"PANLOSBRICK 881102 Teddy Convenience Store with 1156 Pieces"},"content":{"rendered":"<div>\u2705 Inbrixx 881102 Teddy Convenience Store<br \/>&nbsp;<br \/>\u2705Teddy bear is a stuffed toy bear that is typically soft, cuddly, and often given to children as a comforting companion. The term &#8220;teddy&#8221; is derived from the name of former U.S. President Theodore Roosevelt, who was fondly known as &#8220;Teddy.&#8221; The name was given to a stuffed bear in honor of an incident involving Roosevelt, which led to the creation of the teddy bear.<br \/>&nbsp;<br \/>\ud83d\udeab FONTOS!&nbsp;<br \/>&nbsp;<br \/>Product Name: Teddy Convenience Store<br \/>&nbsp;<br \/>Kateg\u00f3ria: Modul\u00e1ris \u00e9p\u00fclet<br \/>&nbsp;<br \/>This Kit Contains: Inbrixx 881102<br \/>&nbsp;<br \/>1156 pcs Good Quality Bricks&nbsp;<br \/>&nbsp;<br \/>Size:&nbsp; 21 \u00d7 16 \u00d7 29 cm<br \/>&nbsp;<br \/>K\u00e9zi utas\u00edt\u00e1sok&nbsp;<br \/>&nbsp;<br \/>\ud83d\udcccA f\u0151szerepl\u0151 term\u00e9szete&nbsp;<br \/>&nbsp;<br \/>Introducing our proud collection named \u201cTeddy Convenience Store\u201d you should not miss.&nbsp;<br \/>&nbsp;<br \/>A convenience store, also known as a corner store, mini-mart, or neighborhood store, is a small retail establishment that primarily sells a wide range of everyday items and groceries. These stores are typically located in residential areas, near residential buildings or busy intersections, and are designed to provide convenience to customers.<\/div>","protected":false},"excerpt":{"rendered":"<p>M\u00e1rka: PANLOSBRICK<br \/>\nNem: Uniszex<br \/>\nKoroszt\u00e1ly: &gt; 6 \u00e9v<br \/>\nModel Number: 881102<br \/>\nBesorol\u00e1s: \u00d6sszeszerel\u00e9s<br \/>\nM\u0171anyag blokk forma: \u00f6nz\u00e1r\u00f3 t\u00e9gla<br \/>\nAnyaga: M\u0171anyag<br \/>\nM\u0171anyag t\u00edpus: ABS<br \/>\nBricks Blocks: 1156 +<br \/>\nEredeti doboza nincs<\/p>","protected":false},"featured_media":46612,"comment_status":"open","ping_status":"closed","template":"","meta":{"_acf_changed":false},"product_cat":[1365,1395,390],"product_tag":[4883,12088,8452,392,11953],"class_list":["product","first","instock","shipping-taxable","purchasable","product-type-simple"],"acf":[],"_links":{"self":[{"href":"https:\/\/mouldking.store\/hu\/wp-json\/wp\/v2\/product\/46614","targetHints":{"allow":["GET"]}}],"collection":[{"href":"https:\/\/mouldking.store\/hu\/wp-json\/wp\/v2\/product"}],"about":[{"href":"https:\/\/mouldking.store\/hu\/wp-json\/wp\/v2\/types\/product"}],"replies":[{"embeddable":true,"href":"https:\/\/mouldking.store\/hu\/wp-json\/wp\/v2\/comments?post=46614"}],"wp:featuredmedia":[{"embeddable":true,"href":"https:\/\/mouldking.store\/hu\/wp-json\/wp\/v2\/media\/46612"}],"wp:attachment":[{"href":"https:\/\/mouldking.store\/hu\/wp-json\/wp\/v2\/media?parent=46614"}],"wp:term":[{"taxonomy":"product_cat","embeddable":true,"href":"https:\/\/mouldking.store\/hu\/wp-json\/wp\/v2\/product_cat?post=46614"},{"taxonomy":"product_tag","embeddable":true,"href":"https:\/\/mouldking.store\/hu\/wp-json\/wp\/v2\/product_tag?post=46614"}],"curies":[{"name":"wp","href":"https:\/\/api.w.org\/{rel}","templated":true}]}}