{"id":46647,"date":"2023-06-14T18:08:17","date_gmt":"2023-06-14T11:08:17","guid":{"rendered":"https:\/\/mouldking.store\/shop\/taigaole-t2031-98k-sniper-rifle-with-903-pieces\/"},"modified":"2023-06-14T18:08:17","modified_gmt":"2023-06-14T11:08:17","slug":"taigaole-t2031-98k-sniper-rifle-with-903-pieces","status":"publish","type":"product","link":"https:\/\/mouldking.store\/hu\/shop\/taigaole-t2031-98k-sniper-rifle-with-903-pieces\/","title":{"rendered":"TaiGaoLe T2031 98K Sniper Rifle with 903 Pieces"},"content":{"rendered":"<div>\u2705 Tegole T2031 98K Sniper Rifle<br \/>&nbsp;<br \/>\u2705The 98K, or Karabiner 98k, was a bolt-action rifle that served as the standard German infantry rifle during World War II. It was developed from earlier Mauser designs and was chambered for the 7.92\u00d757mm Mauser cartridge.<br \/>&nbsp;<br \/>\ud83d\udeab FONTOS!&nbsp;<br \/>&nbsp;<br \/>Product Name: 98K Sniper Rifle<br \/>&nbsp;<br \/>Kateg\u00f3ria: Katonai<br \/>&nbsp;<br \/>This Kit Contains: Tegole T2031<br \/>&nbsp;<br \/>903 pcs Good Quality Bricks&nbsp;<br \/>&nbsp;<br \/>Size: 108 \u00d7 6 \u00d7 21 cm<br \/>&nbsp;<br \/>K\u00e9zi utas\u00edt\u00e1sok&nbsp;<br \/>&nbsp;<br \/>\ud83d\udcccA f\u0151szerepl\u0151 term\u00e9szete&nbsp;<br \/>&nbsp;<br \/>Introducing our proud collection named \u201c98K Sniper Rifle\u201d you should not miss.&nbsp;<br \/>&nbsp;<br \/>The Karabiner 98k was highly regarded for its accuracy, reliability, and robustness. It had a five-round internal magazine and was fed using stripper clips. The rifle had an effective range of around 500 meters (550 yards) and could be fitted with a variety of optics, including scopes, for sniper use. Today, the 98K is highly sought after by collectors and enthusiasts due to its historical significance. It remains an iconic weapon associated with World War II.<\/div>","protected":false},"excerpt":{"rendered":"<p>Brand: TaiGaoLe<br \/>\nNem: Uniszex<br \/>\nKoroszt\u00e1ly: 8 \u00e9v felett<br \/>\nModel Number: T2031<br \/>\nBesorol\u00e1s: \u00d6sszeszerel\u00e9s<br \/>\nM\u0171anyag blokk forma: \u00f6nz\u00e1r\u00f3 t\u00e9gla<br \/>\nAnyaga: M\u0171anyag<br \/>\nM\u0171anyag t\u00edpus: ABS<br \/>\nBricks Blocks: 903 +<br \/>\nEredeti doboza nincs<\/p>","protected":false},"featured_media":46641,"comment_status":"open","ping_status":"closed","template":"","meta":{"_acf_changed":false},"product_cat":[1350,372],"product_tag":[12093,5154,374,11135,11209],"class_list":["product","first","instock","shipping-taxable","purchasable","product-type-simple"],"acf":[],"_links":{"self":[{"href":"https:\/\/mouldking.store\/hu\/wp-json\/wp\/v2\/product\/46647","targetHints":{"allow":["GET"]}}],"collection":[{"href":"https:\/\/mouldking.store\/hu\/wp-json\/wp\/v2\/product"}],"about":[{"href":"https:\/\/mouldking.store\/hu\/wp-json\/wp\/v2\/types\/product"}],"replies":[{"embeddable":true,"href":"https:\/\/mouldking.store\/hu\/wp-json\/wp\/v2\/comments?post=46647"}],"wp:featuredmedia":[{"embeddable":true,"href":"https:\/\/mouldking.store\/hu\/wp-json\/wp\/v2\/media\/46641"}],"wp:attachment":[{"href":"https:\/\/mouldking.store\/hu\/wp-json\/wp\/v2\/media?parent=46647"}],"wp:term":[{"taxonomy":"product_cat","embeddable":true,"href":"https:\/\/mouldking.store\/hu\/wp-json\/wp\/v2\/product_cat?post=46647"},{"taxonomy":"product_tag","embeddable":true,"href":"https:\/\/mouldking.store\/hu\/wp-json\/wp\/v2\/product_tag?post=46647"}],"curies":[{"name":"wp","href":"https:\/\/api.w.org\/{rel}","templated":true}]}}