{"id":46658,"date":"2023-06-16T09:25:48","date_gmt":"2023-06-16T02:25:48","guid":{"rendered":"https:\/\/mouldking.store\/shop\/moc-factory-141726-b-2-spirit-with-1847-pieces\/"},"modified":"2025-12-16T22:24:55","modified_gmt":"2025-12-16T15:24:55","slug":"moc-factory-141726-b-2-spirit-with-1847-pieces","status":"publish","type":"product","link":"https:\/\/mouldking.store\/hu\/shop\/moc-factory-141726-b-2-spirit-with-1847-pieces\/","title":{"rendered":"MOC Factory 141726 B-2 Spirit 1847 darabbal"},"content":{"rendered":"<div>\u2705 MOC-141726 B-2 Spirit<\/p>\n<p>\u2705The B-2 Spirit is a strategic stealth bomber aircraft operated by the United States Air Force (USAF). It is known for its distinctive shape and advanced stealth capabilities, which allow it to penetrate sophisticated enemy air defenses and conduct precision strikes with conventional or nuclear weapons.<\/p>\n<p>\ud83d\udeab FONTOS!<\/p>\n<p>Product Name: B-2 Spirit<\/p>\n<p>Kateg\u00f3ria: Katonai<\/p>\n<p>This Kit Contains: C9579<\/p>\n<p>1847 pcs Good Quality Bricks<\/p>\n<p>Size: 96 x 40 x 16 cm<\/p>\n<p>S\u00faly: 1,33 kg<\/p>\n<p>PDF \u00datmutat\u00f3<\/p>\n<p>\ud83d\udcccA f\u0151szerepl\u0151 term\u00e9szete<\/p>\n<p>Introducing our proud collection named \u201cB-2 Spirit\u201d you should not miss.<\/p>\n<p>The B-2 Spirit is primarily designed for stealth operations. Its unique flying-wing design, combined with advanced composite materials and radar-absorbent coatings, allows it to have a significantly reduced radar signature, making it difficult to detect and track by enemy air defenses. The B-2 Spirit has an unrefueled range of over 6,000 nautical miles (11,100 kilometers). It can carry up to 40,000 pounds (18,000 kilograms) of ordnance, including conventional and nuclear weapons. The B-2 incorporates advanced low observable (LO) technology, which includes not only its stealthy design but also features like reduced infrared, acoustic, electromagnetic, and visual signatures. This makes it highly survivable in hostile environments.&nbsp;<\/p><\/div>","protected":false},"excerpt":{"rendered":"<p>M\u00e1rka: MOC Factory<br \/>\nNem: Uniszex<br \/>\nKoroszt\u00e1ly: 8 \u00e9v felett<br \/>\nModel Number: 141726<br \/>\nBesorol\u00e1s: \u00d6sszeszerel\u00e9s<br \/>\nM\u0171anyag blokk forma: \u00f6nz\u00e1r\u00f3 t\u00e9gla<br \/>\nAnyaga: M\u0171anyag<br \/>\nM\u0171anyag t\u00edpus: ABS<br \/>\nBricks Blocks: 1847 +<br \/>\nEredeti doboza nincs<\/p>","protected":false},"featured_media":46649,"comment_status":"open","ping_status":"closed","template":"","meta":{"_acf_changed":false},"product_cat":[1350,1357,372,364],"product_tag":[5271,12094,5533,374,11487,389],"class_list":["product","first","instock","shipping-taxable","purchasable","product-type-simple"],"acf":[],"_links":{"self":[{"href":"https:\/\/mouldking.store\/hu\/wp-json\/wp\/v2\/product\/46658","targetHints":{"allow":["GET"]}}],"collection":[{"href":"https:\/\/mouldking.store\/hu\/wp-json\/wp\/v2\/product"}],"about":[{"href":"https:\/\/mouldking.store\/hu\/wp-json\/wp\/v2\/types\/product"}],"replies":[{"embeddable":true,"href":"https:\/\/mouldking.store\/hu\/wp-json\/wp\/v2\/comments?post=46658"}],"wp:featuredmedia":[{"embeddable":true,"href":"https:\/\/mouldking.store\/hu\/wp-json\/wp\/v2\/media\/46649"}],"wp:attachment":[{"href":"https:\/\/mouldking.store\/hu\/wp-json\/wp\/v2\/media?parent=46658"}],"wp:term":[{"taxonomy":"product_cat","embeddable":true,"href":"https:\/\/mouldking.store\/hu\/wp-json\/wp\/v2\/product_cat?post=46658"},{"taxonomy":"product_tag","embeddable":true,"href":"https:\/\/mouldking.store\/hu\/wp-json\/wp\/v2\/product_tag?post=46658"}],"curies":[{"name":"wp","href":"https:\/\/api.w.org\/{rel}","templated":true}]}}