{"id":46664,"date":"2023-06-16T09:31:44","date_gmt":"2023-06-16T02:31:44","guid":{"rendered":"https:\/\/mouldking.store\/shop\/moc-factory-147549-winter-country-church-with-1853-pieces\/"},"modified":"2025-12-16T22:24:55","modified_gmt":"2025-12-16T15:24:55","slug":"moc-factory-147549-winter-country-church-with-1853-pieces","status":"publish","type":"product","link":"https:\/\/mouldking.store\/hu\/shop\/moc-factory-147549-winter-country-church-with-1853-pieces\/","title":{"rendered":"MOC Factory 147549 T\u00e9li vid\u00e9ki templom 1853 darabbal"},"content":{"rendered":"<div>\u2705 MOC-147549 Winter Country Church<\/p>\n<p>\u2705A winter country church is a church located in a rural or countryside setting that experiences the winter season. These churches are often found in regions that have distinct seasonal changes and where winter brings cold temperatures, snowfall, and a unique atmosphere.<\/p>\n<p>\ud83d\udeab FONTOS!<\/p>\n<p>Product Name: Winter Country Church<\/p>\n<p>Kateg\u00f3ria: Modul\u00e1ris \u00e9p\u00fclet<\/p>\n<p>This Kit Contains: C9578<\/p>\n<p>1853 pcs Good Quality Bricks<\/p>\n<p>Size: 30 x 25 x 30 cm<\/p>\n<p>Weight: 1.28 kg<\/p>\n<p>PDF \u00datmutat\u00f3<\/p>\n<p>\ud83d\udcccA f\u0151szerepl\u0151 term\u00e9szete<\/p>\n<p>Introducing our proud collection named \u201cWinter Country Church\u201d you should not miss.<\/p>\n<p>Winter country churches often exhibit traditional or historic architectural styles that are common in rural areas. These styles may include Gothic, Victorian, Colonial, or simple vernacular designs. The church buildings are typically made of stone, brick, or wood, reflecting the local building materials and techniques. These churches are often situated in picturesque locations, surrounded by natural beauty such as snow-covered landscapes, forests, or rolling hills. The winter season can enhance the charm of these surroundings, creating a serene and peaceful atmosphere.<\/p><\/div>","protected":false},"excerpt":{"rendered":"<p>M\u00e1rka: MOC Factory<br \/>\nNem: Uniszex<br \/>\nKoroszt\u00e1ly: &gt; 6 \u00e9v<br \/>\nModel Number: 147549<br \/>\nBesorol\u00e1s: \u00d6sszeszerel\u00e9s<br \/>\nM\u0171anyag blokk forma: \u00f6nz\u00e1r\u00f3 t\u00e9gla<br \/>\nAnyaga: M\u0171anyag<br \/>\nM\u0171anyag t\u00edpus: ABS<br \/>\nBricks Blocks: 1853 +<br \/>\nEredeti doboza nincs<\/p>","protected":false},"featured_media":46659,"comment_status":"open","ping_status":"closed","template":"","meta":{"_acf_changed":false},"product_cat":[1365,1395,371,390],"product_tag":[727,4977,12095,11072,8452,392,10511],"class_list":["product","first","instock","shipping-taxable","purchasable","product-type-simple"],"acf":[],"_links":{"self":[{"href":"https:\/\/mouldking.store\/hu\/wp-json\/wp\/v2\/product\/46664","targetHints":{"allow":["GET"]}}],"collection":[{"href":"https:\/\/mouldking.store\/hu\/wp-json\/wp\/v2\/product"}],"about":[{"href":"https:\/\/mouldking.store\/hu\/wp-json\/wp\/v2\/types\/product"}],"replies":[{"embeddable":true,"href":"https:\/\/mouldking.store\/hu\/wp-json\/wp\/v2\/comments?post=46664"}],"wp:featuredmedia":[{"embeddable":true,"href":"https:\/\/mouldking.store\/hu\/wp-json\/wp\/v2\/media\/46659"}],"wp:attachment":[{"href":"https:\/\/mouldking.store\/hu\/wp-json\/wp\/v2\/media?parent=46664"}],"wp:term":[{"taxonomy":"product_cat","embeddable":true,"href":"https:\/\/mouldking.store\/hu\/wp-json\/wp\/v2\/product_cat?post=46664"},{"taxonomy":"product_tag","embeddable":true,"href":"https:\/\/mouldking.store\/hu\/wp-json\/wp\/v2\/product_tag?post=46664"}],"curies":[{"name":"wp","href":"https:\/\/api.w.org\/{rel}","templated":true}]}}