{"id":46675,"date":"2023-06-16T09:38:02","date_gmt":"2023-06-16T02:38:02","guid":{"rendered":"https:\/\/mouldking.store\/shop\/moc-factory-89345-dragon-pet-simulator-x-with-273-pieces\/"},"modified":"2025-12-16T22:24:55","modified_gmt":"2025-12-16T15:24:55","slug":"moc-factory-89345-dragon-pet-simulator-x-with-273-pieces","status":"publish","type":"product","link":"https:\/\/mouldking.store\/hu\/shop\/moc-factory-89345-dragon-pet-simulator-x-with-273-pieces\/","title":{"rendered":"MOC Factory 89345 S\u00e1rk\u00e1ny \u00c1llat Szimul\u00e1tor X 273 Darab"},"content":{"rendered":"<div>\u2705 MOC-89345 S\u00e1rk\u00e1ny H\u00e1zi\u00e1llat Szimul\u00e1tor X<\/p>\n<p>\u2705A Dragon Pet Simulator X egy olyan j\u00e1t\u00e9k, amely virtu\u00e1lis s\u00e1rk\u00e1nyok nevel\u00e9s\u00e9t \u00e9s gondoz\u00e1s\u00e1t foglalja mag\u00e1ban szimul\u00e1lt k\u00f6rnyezetben. A Pet Simulator X egy n\u00e9pszer\u0171 virtu\u00e1lis kis\u00e1llat-szimul\u00e1tor j\u00e1t\u00e9k a Roblox platformon. Lehet\u0151v\u00e9 teszi a j\u00e1t\u00e9kosok sz\u00e1m\u00e1ra, hogy sokf\u00e9le virtu\u00e1lis h\u00e1zi\u00e1llatot fogadjanak \u00f6r\u00f6kbe \u00e9s gondozzanak, a hagyom\u00e1nyos \u00e1llatokt\u00f3l, mint a kuty\u00e1k \u00e9s macsk\u00e1k, az egzotikusabb l\u00e9nyekig.<\/p>\n<p>\ud83d\udeab FONTOS!<\/p>\n<p>Term\u00e9k neve: Dragon Pet Simulator X<\/p>\n<p>Kateg\u00f3ria: Alkot\u00f3<\/p>\n<p>A k\u00e9szlet tartalma: C9550<\/p>\n<p>273 db j\u00f3 min\u0151s\u00e9g\u0171 t\u00e9gla<\/p>\n<p>M\u00e9ret: 16,2 x 7 x 12,2 cm<\/p>\n<p>S\u00faly: 0,22 kg<\/p>\n<p>PDF \u00datmutat\u00f3<\/p>\n<p>\ud83d\udcccA f\u0151szerepl\u0151 term\u00e9szete<\/p>\n<p>Bemutatjuk b\u00fcszke gy\u0171jtem\u00e9ny\u00fcnket, a \u201eDragon Pet Simulator X\u201d-et, amelyet nem szabad kihagynod.<\/p>\n<p>&nbsp;A j\u00e1t\u00e9kosoknak \u00e1ltal\u00e1ban lehet\u0151s\u00e9g\u00fck van k\u00fcl\u00f6nf\u00e9le s\u00e1rk\u00e1nyfajok vagy fajt\u00e1k k\u00f6z\u00fcl v\u00e1lasztani. Minden s\u00e1rk\u00e1nynak egyedi tulajdons\u00e1gai, megjelen\u00e9se \u00e9s k\u00e9pess\u00e9gei lehetnek. A j\u00e1t\u00e9kosok felel\u0151sek a s\u00e1rk\u00e1nyaik gondoz\u00e1s\u00e1\u00e9rt az\u00e1ltal, hogy \u00e9lelmet, vizet \u00e9s mened\u00e9ket biztos\u00edtanak sz\u00e1mukra. Figyelni\u00fck kell s\u00e1rk\u00e1nyuk eg\u00e9szs\u00e9g\u00e9t, boldogs\u00e1g\u00e1t \u00e9s energiaszintj\u00e9t, hogy biztos\u00edts\u00e1k j\u00f3l\u00e9t\u00fcket.&nbsp;<\/p><\/div>","protected":false},"excerpt":{"rendered":"<p>M\u00e1rka: MOC Factory<br \/>\nNem: Uniszex<br \/>\nKoroszt\u00e1ly: &gt; 6 \u00e9v<br \/>\nModellsz\u00e1m: 89345<br \/>\nBesorol\u00e1s: \u00d6sszeszerel\u00e9s<br \/>\nM\u0171anyag blokk forma: \u00f6nz\u00e1r\u00f3 t\u00e9gla<br \/>\nAnyaga: M\u0171anyag<br \/>\nM\u0171anyag t\u00edpus: ABS<br \/>\nT\u00e9gl\u00e1k Blokkok: 273 +<br \/>\nEredeti doboza nincs<\/p>","protected":false},"featured_media":46665,"comment_status":"open","ping_status":"closed","template":"","meta":{"_acf_changed":false},"product_cat":[1365,371],"product_tag":[11110,11072,8452,1771,9139,12096,12098,12097],"class_list":["product","first","instock","shipping-taxable","purchasable","product-type-simple"],"acf":[],"_links":{"self":[{"href":"https:\/\/mouldking.store\/hu\/wp-json\/wp\/v2\/product\/46675","targetHints":{"allow":["GET"]}}],"collection":[{"href":"https:\/\/mouldking.store\/hu\/wp-json\/wp\/v2\/product"}],"about":[{"href":"https:\/\/mouldking.store\/hu\/wp-json\/wp\/v2\/types\/product"}],"replies":[{"embeddable":true,"href":"https:\/\/mouldking.store\/hu\/wp-json\/wp\/v2\/comments?post=46675"}],"wp:featuredmedia":[{"embeddable":true,"href":"https:\/\/mouldking.store\/hu\/wp-json\/wp\/v2\/media\/46665"}],"wp:attachment":[{"href":"https:\/\/mouldking.store\/hu\/wp-json\/wp\/v2\/media?parent=46675"}],"wp:term":[{"taxonomy":"product_cat","embeddable":true,"href":"https:\/\/mouldking.store\/hu\/wp-json\/wp\/v2\/product_cat?post=46675"},{"taxonomy":"product_tag","embeddable":true,"href":"https:\/\/mouldking.store\/hu\/wp-json\/wp\/v2\/product_tag?post=46675"}],"curies":[{"name":"wp","href":"https:\/\/api.w.org\/{rel}","templated":true}]}}