{"id":46735,"date":"2023-06-16T10:21:29","date_gmt":"2023-06-16T03:21:29","guid":{"rendered":"https:\/\/mouldking.store\/shop\/jiestar-92028-motor-nxe-racer-car-with-594-pieces\/"},"modified":"2023-06-16T10:21:29","modified_gmt":"2023-06-16T03:21:29","slug":"jiestar-92028-motor-nxe-racer-car-with-594-pieces","status":"publish","type":"product","link":"https:\/\/mouldking.store\/hu\/shop\/jiestar-92028-motor-nxe-racer-car-with-594-pieces\/","title":{"rendered":"JIESTAR 92028 Motor NXE Racer Car with 594 Pieces"},"content":{"rendered":"<div>\u2705 JIESTAR 92028 Motor NXE Racer Car<br \/>&nbsp;<br \/>\u2705NXE or Peugeot 9X8 supercar is an all-electric supercar designed for endurance racing. It was specifically developed to compete in the Le Mans 24 Hours race and showcase Peugeot&#8217;s commitment to electrification and high-performance vehicles.<br \/>&nbsp;<br \/>\ud83d\udeab FONTOS!&nbsp;<br \/>&nbsp;<br \/>Product Name: Motor NXE Racer Car<br \/>&nbsp;<br \/>Kateg\u00f3ria: M\u0171szaki<br \/>&nbsp;<br \/>This Kit Contains: JIESTAR 92028<br \/>&nbsp;<br \/>594 pcs Good Quality Bricks&nbsp;<br \/>&nbsp;<br \/>Size: 28.8 \u00d7 11.2 \u00d7 7.2 cm<br \/>&nbsp;<br \/>K\u00e9zi utas\u00edt\u00e1sok&nbsp;<br \/>&nbsp;<br \/>\ud83d\udcccA f\u0151szerepl\u0151 term\u00e9szete&nbsp;<br \/>&nbsp;<br \/>Introducing our proud collection named \u201cMotor NXE Racer Car\u201d you should not miss.&nbsp;<br \/>&nbsp;<br \/>The 9X8 features a unique design with a low-slung body and aerodynamic elements optimized for racing performance. It adopts a closed cockpit design and incorporates several innovative features, including an innovative high-performance powertrain. As an electric vehicle, the Peugeot 9X8 likely features advanced electric motors and battery technology to provide high power output and range.<\/div>","protected":false},"excerpt":{"rendered":"<p>M\u00e1rka: JIESTAR<br \/>\nNem: Uniszex<br \/>\nKoroszt\u00e1ly: &gt; 6 \u00e9v<br \/>\nModel Number: 92028<br \/>\nBesorol\u00e1s: \u00d6sszeszerel\u00e9s<br \/>\nM\u0171anyag blokk forma: \u00f6nz\u00e1r\u00f3 t\u00e9gla<br \/>\nAnyaga: M\u0171anyag<br \/>\nM\u0171anyag t\u00edpus: ABS<br \/>\nBricks Blocks: 594 +<br \/>\nEredeti doboza nincs<\/p>","protected":false},"featured_media":46729,"comment_status":"open","ping_status":"closed","template":"","meta":{"_acf_changed":false},"product_cat":[1360,1357,364],"product_tag":[457,12107,588,389,11080],"class_list":["product","first","instock","shipping-taxable","purchasable","product-type-simple"],"acf":[],"_links":{"self":[{"href":"https:\/\/mouldking.store\/hu\/wp-json\/wp\/v2\/product\/46735","targetHints":{"allow":["GET"]}}],"collection":[{"href":"https:\/\/mouldking.store\/hu\/wp-json\/wp\/v2\/product"}],"about":[{"href":"https:\/\/mouldking.store\/hu\/wp-json\/wp\/v2\/types\/product"}],"replies":[{"embeddable":true,"href":"https:\/\/mouldking.store\/hu\/wp-json\/wp\/v2\/comments?post=46735"}],"wp:featuredmedia":[{"embeddable":true,"href":"https:\/\/mouldking.store\/hu\/wp-json\/wp\/v2\/media\/46729"}],"wp:attachment":[{"href":"https:\/\/mouldking.store\/hu\/wp-json\/wp\/v2\/media?parent=46735"}],"wp:term":[{"taxonomy":"product_cat","embeddable":true,"href":"https:\/\/mouldking.store\/hu\/wp-json\/wp\/v2\/product_cat?post=46735"},{"taxonomy":"product_tag","embeddable":true,"href":"https:\/\/mouldking.store\/hu\/wp-json\/wp\/v2\/product_tag?post=46735"}],"curies":[{"name":"wp","href":"https:\/\/api.w.org\/{rel}","templated":true}]}}