{"id":46748,"date":"2023-06-16T10:34:57","date_gmt":"2023-06-16T03:34:57","guid":{"rendered":"https:\/\/mouldking.store\/shop\/loz-1296-haruhi-train-painting-with-758-pieces\/"},"modified":"2024-02-25T07:22:20","modified_gmt":"2024-02-25T00:22:20","slug":"loz-1296-haruhi-train-painting-with-758-pieces","status":"publish","type":"product","link":"https:\/\/mouldking.store\/hu\/shop\/loz-1296-haruhi-train-painting-with-758-pieces\/","title":{"rendered":"LOZ 1296 Haruhi Train Painting with 758 Pieces"},"content":{"rendered":"<div>\u2705LOZ 1296 Haruhi Train Painting<br \/>&nbsp;<br \/>\u2705 The LOZ1296 Art and Crafts Haruhi train is a three-dimensional building block painting set that consists of approximately 758 bricks<br \/>&nbsp;<br \/>\ud83d\udeab FONTOS!&nbsp;<br \/>&nbsp;<br \/>Product Name: Haruhi Train Painting<br \/>&nbsp;<br \/>Kateg\u00f3ria: Alkot\u00f3&nbsp;<br \/>&nbsp;<br \/>This Kit Contains: LOZ 1296<br \/>&nbsp;<br \/>758 pcs Good Quality Bricks&nbsp;<br \/>&nbsp;<br \/>K\u00e9zi utas\u00edt\u00e1sok&nbsp;<br \/>&nbsp;<br \/>\ud83d\udcccA f\u0151szerepl\u0151 term\u00e9szete&nbsp;<br \/>&nbsp;<br \/>Introducing our proud collection named \u201cHaruhi Train Painting\u201d you should not miss.&nbsp;<br \/>&nbsp;<br \/>With this set, you can construct a model of the Haruhi train using the included building blocks. Once the model is built, you can further enhance it by painting the bricks to add color and personalization. It offers a creative and engaging activity for enthusiasts who enjoy both building and art.<\/div>","protected":false},"excerpt":{"rendered":"<p>M\u00e1rka: LOZ<br \/>\nNem: Uniszex<br \/>\nKoroszt\u00e1ly: &gt; 6 \u00e9v<br \/>\nModel Number: 1296<br \/>\nBesorol\u00e1s: \u00d6sszeszerel\u00e9s<br \/>\nM\u0171anyag blokk forma: \u00f6nz\u00e1r\u00f3 t\u00e9gla<br \/>\nAnyaga: M\u0171anyag<br \/>\nM\u0171anyag t\u00edpus: ABS<br \/>\nBricks Blocks: 758 +<br \/>\nEredeti doboza nincs<\/p>","protected":false},"featured_media":46744,"comment_status":"open","ping_status":"closed","template":"","meta":{"_acf_changed":false},"product_cat":[1365,371],"product_tag":[11072,8452,12109,7204,300],"class_list":["product","first","instock","shipping-taxable","purchasable","product-type-simple"],"acf":[],"_links":{"self":[{"href":"https:\/\/mouldking.store\/hu\/wp-json\/wp\/v2\/product\/46748","targetHints":{"allow":["GET"]}}],"collection":[{"href":"https:\/\/mouldking.store\/hu\/wp-json\/wp\/v2\/product"}],"about":[{"href":"https:\/\/mouldking.store\/hu\/wp-json\/wp\/v2\/types\/product"}],"replies":[{"embeddable":true,"href":"https:\/\/mouldking.store\/hu\/wp-json\/wp\/v2\/comments?post=46748"}],"wp:featuredmedia":[{"embeddable":true,"href":"https:\/\/mouldking.store\/hu\/wp-json\/wp\/v2\/media\/46744"}],"wp:attachment":[{"href":"https:\/\/mouldking.store\/hu\/wp-json\/wp\/v2\/media?parent=46748"}],"wp:term":[{"taxonomy":"product_cat","embeddable":true,"href":"https:\/\/mouldking.store\/hu\/wp-json\/wp\/v2\/product_cat?post=46748"},{"taxonomy":"product_tag","embeddable":true,"href":"https:\/\/mouldking.store\/hu\/wp-json\/wp\/v2\/product_tag?post=46748"}],"curies":[{"name":"wp","href":"https:\/\/api.w.org\/{rel}","templated":true}]}}