{"id":46755,"date":"2023-06-16T10:40:00","date_gmt":"2023-06-16T03:40:00","guid":{"rendered":"https:\/\/mouldking.store\/shop\/mould-king-20024-sherman-tank-with-1000-pieces\/"},"modified":"2023-06-16T10:40:00","modified_gmt":"2023-06-16T03:40:00","slug":"mould-king-20024-sherman-tank-with-1000-pieces","status":"publish","type":"product","link":"https:\/\/mouldking.store\/hu\/shop\/mould-king-20024-sherman-tank-with-1000-pieces\/","title":{"rendered":"MOULD KING 20024 Sherman Tank with 1000 Pieces"},"content":{"rendered":"<div>\u2705 Mould King 20024 Sherman Tank<br \/>&nbsp;<br \/>\u2705The Sherman Tank, officially known as the M4 Sherman, was one of the most widely used tanks by the United States and its allies during World War II. It was named after the American Civil War General William T. Sherman.<br \/>&nbsp;<br \/>\ud83d\udeab FONTOS!&nbsp;<br \/>&nbsp;<br \/>Product Name: Sherman Tank<br \/>&nbsp;<br \/>Kateg\u00f3ria: Katonai<br \/>&nbsp;<br \/>This Kit Contains:&nbsp; Mould King 20024&nbsp;<br \/>&nbsp;<br \/>1000 pcs Good Quality Bricks&nbsp;<br \/>&nbsp;<br \/>Size: 22.7 \u00d7 12.6 \u00d7 13.5 cm<br \/>&nbsp;<br \/>K\u00e9zi utas\u00edt\u00e1sok&nbsp;<br \/>&nbsp;<br \/>\ud83d\udcccA f\u0151szerepl\u0151 term\u00e9szete&nbsp;<br \/>&nbsp;<br \/>Introducing our proud collection named \u201cSherman Tank\u201d you should not miss.&nbsp;<br \/>&nbsp;<br \/>The M4 Sherman was designed to be reliable, versatile, and relatively easy to produce, making it a workhorse for the Allied forces. It had a crew of five members and was armed with a 75mm main gun, along with various machine guns. The Sherman Tank saw action in numerous theaters of war, including Europe, North Africa, and the Pacific. It played a crucial role in key battles such as the Normandy landings, the Battle of the Bulge, and the Pacific island-hopping campaigns.<\/div>","protected":false},"excerpt":{"rendered":"<p>M\u00e1rka: MOLD KING<br \/>\nNem: Uniszex<br \/>\nKoroszt\u00e1ly: 8 \u00e9v felett<br \/>\nModel Number: 20024<br \/>\nBesorol\u00e1s: \u00d6sszeszerel\u00e9s<br \/>\nM\u0171anyag blokk forma: \u00f6nz\u00e1r\u00f3 t\u00e9gla<br \/>\nAnyaga: M\u0171anyag<br \/>\nM\u0171anyag t\u00edpus: ABS<br \/>\nBricks Blocks: 1000 +<br \/>\nA darabok v\u00e1ltozhatnak<br \/>\nEredeti doboza nincs<\/p>","protected":false},"featured_media":46749,"comment_status":"open","ping_status":"closed","template":"","meta":{"_acf_changed":false},"product_cat":[1350,1357,372,364],"product_tag":[374,11461,485,389],"class_list":["product","first","instock","shipping-taxable","purchasable","product-type-simple"],"acf":[],"_links":{"self":[{"href":"https:\/\/mouldking.store\/hu\/wp-json\/wp\/v2\/product\/46755","targetHints":{"allow":["GET"]}}],"collection":[{"href":"https:\/\/mouldking.store\/hu\/wp-json\/wp\/v2\/product"}],"about":[{"href":"https:\/\/mouldking.store\/hu\/wp-json\/wp\/v2\/types\/product"}],"replies":[{"embeddable":true,"href":"https:\/\/mouldking.store\/hu\/wp-json\/wp\/v2\/comments?post=46755"}],"wp:featuredmedia":[{"embeddable":true,"href":"https:\/\/mouldking.store\/hu\/wp-json\/wp\/v2\/media\/46749"}],"wp:attachment":[{"href":"https:\/\/mouldking.store\/hu\/wp-json\/wp\/v2\/media?parent=46755"}],"wp:term":[{"taxonomy":"product_cat","embeddable":true,"href":"https:\/\/mouldking.store\/hu\/wp-json\/wp\/v2\/product_cat?post=46755"},{"taxonomy":"product_tag","embeddable":true,"href":"https:\/\/mouldking.store\/hu\/wp-json\/wp\/v2\/product_tag?post=46755"}],"curies":[{"name":"wp","href":"https:\/\/api.w.org\/{rel}","templated":true}]}}