{"id":46761,"date":"2023-06-16T10:45:17","date_gmt":"2023-06-16T03:45:17","guid":{"rendered":"https:\/\/mouldking.store\/shop\/mould-king-20025-motor-kv-1-heavy-tank-with-1000-pieces\/"},"modified":"2023-06-16T10:45:17","modified_gmt":"2023-06-16T03:45:17","slug":"mould-king-20025-motor-kv-1-heavy-tank-with-1000-pieces","status":"publish","type":"product","link":"https:\/\/mouldking.store\/hu\/shop\/mould-king-20025-motor-kv-1-heavy-tank-with-1000-pieces\/","title":{"rendered":"MOULD KING 20025 Motor KV-1 Heavy Tank with 1000 Pieces"},"content":{"rendered":"<div>\u2705 Mould King 20025 Motor KV-1 Heavy Tank<br \/>&nbsp;<br \/>\u2705The KV-1 was a heavy tank that was developed and deployed by the Soviet Union during World War II. It was named after Soviet defense commissar Kliment Voroshilov. The KV-1 was designed to be heavily armored and to provide strong firepower on the battlefield.<br \/>&nbsp;<br \/>\ud83d\udeab FONTOS!&nbsp;<br \/>&nbsp;<br \/>Product Name:&nbsp; Motor KV-1 Heavy Tank<br \/>&nbsp;<br \/>Kateg\u00f3ria: Katonai&nbsp;<br \/>&nbsp;<br \/>This Kit Contains: Mould King 20025<br \/>&nbsp;<br \/>1000 pcs Good Quality Bricks&nbsp;<br \/>&nbsp;<br \/>Size: 25 \u00d7 12.9 \u00d7 11.6 cm<br \/>&nbsp;<br \/>K\u00e9zi utas\u00edt\u00e1sok&nbsp;<br \/>&nbsp;<br \/>\ud83d\udcccA f\u0151szerepl\u0151 term\u00e9szete&nbsp;<br \/>&nbsp;<br \/>Introducing our proud collection named \u201cMotor KV-1 Heavy Tank\u201d you should not miss.&nbsp;<br \/>&nbsp;<br \/>The KV-1 was introduced in 1939 and quickly gained a reputation for its thick armor, which was highly resistant to enemy fire, especially during the early stages of the war. Its armor was among the thickest of any tank in service at that time. The tank&#8217;s protection was further enhanced by its sloped armor design, which improved its defensive capabilities. The main armament of the KV-1 initially consisted of a 76.2mm cannon, which was later upgraded to a more powerful 85mm gun. This allowed it to engage enemy tanks effectively. The KV-1 also had secondary armaments, including machine guns for anti-infantry and anti-aircraft defense.<\/div>","protected":false},"excerpt":{"rendered":"<p>M\u00e1rka: MOLD KING<br \/>\nNem: Uniszex<br \/>\nKoroszt\u00e1ly: 8 \u00e9v felett<br \/>\nModel Number: 20025<br \/>\nBesorol\u00e1s: \u00d6sszeszerel\u00e9s<br \/>\nM\u0171anyag blokk forma: \u00f6nz\u00e1r\u00f3 t\u00e9gla<br \/>\nAnyaga: M\u0171anyag<br \/>\nM\u0171anyag t\u00edpus: ABS<br \/>\nBricks Blocks: 1000 +<br \/>\nA darabok v\u00e1ltozhatnak<br \/>\nEredeti doboza nincs<\/p>","protected":false},"featured_media":46756,"comment_status":"open","ping_status":"closed","template":"","meta":{"_acf_changed":false},"product_cat":[1350,1357,372,364],"product_tag":[12111,12110,374,485,389],"class_list":["product","first","instock","shipping-taxable","purchasable","product-type-simple"],"acf":[],"_links":{"self":[{"href":"https:\/\/mouldking.store\/hu\/wp-json\/wp\/v2\/product\/46761","targetHints":{"allow":["GET"]}}],"collection":[{"href":"https:\/\/mouldking.store\/hu\/wp-json\/wp\/v2\/product"}],"about":[{"href":"https:\/\/mouldking.store\/hu\/wp-json\/wp\/v2\/types\/product"}],"replies":[{"embeddable":true,"href":"https:\/\/mouldking.store\/hu\/wp-json\/wp\/v2\/comments?post=46761"}],"wp:featuredmedia":[{"embeddable":true,"href":"https:\/\/mouldking.store\/hu\/wp-json\/wp\/v2\/media\/46756"}],"wp:attachment":[{"href":"https:\/\/mouldking.store\/hu\/wp-json\/wp\/v2\/media?parent=46761"}],"wp:term":[{"taxonomy":"product_cat","embeddable":true,"href":"https:\/\/mouldking.store\/hu\/wp-json\/wp\/v2\/product_cat?post=46761"},{"taxonomy":"product_tag","embeddable":true,"href":"https:\/\/mouldking.store\/hu\/wp-json\/wp\/v2\/product_tag?post=46761"}],"curies":[{"name":"wp","href":"https:\/\/api.w.org\/{rel}","templated":true}]}}