{"id":46765,"date":"2023-06-16T10:53:48","date_gmt":"2023-06-16T03:53:48","guid":{"rendered":"https:\/\/mouldking.store\/shop\/mould-king-17030-motor-red-container-truck-with-4878-pieces\/"},"modified":"2023-06-16T10:53:48","modified_gmt":"2023-06-16T03:53:48","slug":"mould-king-17030-motor-red-container-truck-with-4878-pieces","status":"publish","type":"product","link":"https:\/\/mouldking.store\/hu\/shop\/mould-king-17030-motor-red-container-truck-with-4878-pieces\/","title":{"rendered":"MOULD KING 17030 Piros Kont\u00e9nersz\u00e1ll\u00edt\u00f3 Teheraut\u00f3 4878 Darabos"},"content":{"rendered":"<div>\u2705 Mould King 17030 Motor Red Container Truck<br \/>&nbsp;<br \/>\u2705The Mould King 17030 Technic Red Container Truck is a building block set consisting of approximately 4,878 bricks. It is a construction toy that allows you to build a detailed model of a red container truck using the included building blocks.<br \/>&nbsp;<br \/>\ud83d\udeab FONTOS!&nbsp;<br \/>&nbsp;<br \/>Product Name: Motor Red Container Truck<br \/>&nbsp;<br \/>Kateg\u00f3ria: M\u0171szaki<br \/>&nbsp;<br \/>This Kit Contains: Mould King 17030<br \/>&nbsp;<br \/>4878 pcs Good Quality Bricks&nbsp;<br \/>&nbsp;<br \/>Size: 33 \u00d7 37.5 \u00d7 55.5 cm<br \/>&nbsp;<br \/>K\u00e9zi utas\u00edt\u00e1sok&nbsp;<br \/>&nbsp;<br \/>\ud83d\udcccA f\u0151szerepl\u0151 term\u00e9szete&nbsp;<br \/>&nbsp;<br \/>Introducing our proud collection named \u201cMotor Red Container Truck\u201d you should not miss.&nbsp;<br \/>&nbsp;<br \/>The Mould King 17030 set specifically features a red container truck design, which typically includes features such as opening doors, a functioning container lifting mechanism, and realistic details modeled after real-life container trucks.<\/div>","protected":false},"excerpt":{"rendered":"<p>M\u00e1rka: MOLD KING<br \/>\nNem: Uniszex<br \/>\nKorhat\u00e1r: 14 \u00e9v felett<br \/>\nModel Number: 17030<br \/>\nBesorol\u00e1s: \u00d6sszeszerel\u00e9s<br \/>\nM\u0171anyag blokk forma: \u00f6nz\u00e1r\u00f3 t\u00e9gla<br \/>\nAnyaga: M\u0171anyag<br \/>\nM\u0171anyag t\u00edpus: ABS<br \/>\nBricks Blocks: 4878 +<br \/>\nEredeti doboza nincs<\/p>","protected":false},"featured_media":46762,"comment_status":"open","ping_status":"closed","template":"","meta":{"_acf_changed":false},"product_cat":[1357,364],"product_tag":[1841,389,11080,466],"class_list":["product","first","instock","shipping-taxable","purchasable","product-type-simple"],"acf":[],"_links":{"self":[{"href":"https:\/\/mouldking.store\/hu\/wp-json\/wp\/v2\/product\/46765","targetHints":{"allow":["GET"]}}],"collection":[{"href":"https:\/\/mouldking.store\/hu\/wp-json\/wp\/v2\/product"}],"about":[{"href":"https:\/\/mouldking.store\/hu\/wp-json\/wp\/v2\/types\/product"}],"replies":[{"embeddable":true,"href":"https:\/\/mouldking.store\/hu\/wp-json\/wp\/v2\/comments?post=46765"}],"wp:featuredmedia":[{"embeddable":true,"href":"https:\/\/mouldking.store\/hu\/wp-json\/wp\/v2\/media\/46762"}],"wp:attachment":[{"href":"https:\/\/mouldking.store\/hu\/wp-json\/wp\/v2\/media?parent=46765"}],"wp:term":[{"taxonomy":"product_cat","embeddable":true,"href":"https:\/\/mouldking.store\/hu\/wp-json\/wp\/v2\/product_cat?post=46765"},{"taxonomy":"product_tag","embeddable":true,"href":"https:\/\/mouldking.store\/hu\/wp-json\/wp\/v2\/product_tag?post=46765"}],"curies":[{"name":"wp","href":"https:\/\/api.w.org\/{rel}","templated":true}]}}