{"id":46773,"date":"2023-06-16T11:00:52","date_gmt":"2023-06-16T04:00:52","guid":{"rendered":"https:\/\/mouldking.store\/shop\/mould-king-17029-motor-white-container-truck-with-4878-pieces\/"},"modified":"2023-06-16T11:00:52","modified_gmt":"2023-06-16T04:00:52","slug":"mould-king-17029-motor-white-container-truck-with-4878-pieces","status":"publish","type":"product","link":"https:\/\/mouldking.store\/hu\/shop\/mould-king-17029-motor-white-container-truck-with-4878-pieces\/","title":{"rendered":"MOULD KING 17029 Motoros Feh\u00e9r Kont\u00e9nersz\u00e1ll\u00edt\u00f3 Teheraut\u00f3 4878 Darabos"},"content":{"rendered":"<div>\u2705 Mould King 17029 Motor White Container Truck<br \/>&nbsp;<br \/>\u2705The Mould King 17029 Technic White Container Truck is a building block set that consists of approximately 4,878 bricks. Like other Technic sets, it is designed to provide an immersive building experience with a focus on mechanical functionality and intricate details.<br \/>&nbsp;<br \/>\ud83d\udeab FONTOS!&nbsp;<br \/>&nbsp;<br \/>Product Name: Motor White Container Truck<br \/>&nbsp;<br \/>Kateg\u00f3ria: M\u0171szaki&nbsp;<br \/>&nbsp;<br \/>This Kit Contains: Mould King 17029<br \/>&nbsp;<br \/>4878 pcs Good Quality Bricks&nbsp;<br \/>&nbsp;<br \/>Size: 33 \u00d7 37.5 \u00d7 55.5 cm<br \/>&nbsp;<br \/>K\u00e9zi utas\u00edt\u00e1sok&nbsp;<br \/>&nbsp;<br \/>\ud83d\udcccA f\u0151szerepl\u0151 term\u00e9szete&nbsp;<br \/>&nbsp;<br \/>Introducing our proud collection named \u201cMotor White Container Truck\u201d you should not miss.&nbsp;<br \/>&nbsp;<br \/>With this set, you can construct a detailed model of a white container truck using the included building blocks. The design may include features such as opening doors, a functioning container lifting mechanism, and other realistic details commonly found in real-life container trucks.<\/div>","protected":false},"excerpt":{"rendered":"<p>M\u00e1rka: MOLD KING<br \/>\nNem: Uniszex<br \/>\nKorhat\u00e1r: 14 \u00e9v felett<br \/>\nModel Number: 17029<br \/>\nBesorol\u00e1s: \u00d6sszeszerel\u00e9s<br \/>\nM\u0171anyag blokk forma: \u00f6nz\u00e1r\u00f3 t\u00e9gla<br \/>\nAnyaga: M\u0171anyag<br \/>\nM\u0171anyag t\u00edpus: ABS<br \/>\nBricks Blocks: 4878 +<br \/>\nEredeti doboza nincs<\/p>","protected":false},"featured_media":46766,"comment_status":"open","ping_status":"closed","template":"","meta":{"_acf_changed":false},"product_cat":[1357,364],"product_tag":[1841,389,11080,466],"class_list":["product","first","instock","shipping-taxable","purchasable","product-type-simple"],"acf":[],"_links":{"self":[{"href":"https:\/\/mouldking.store\/hu\/wp-json\/wp\/v2\/product\/46773","targetHints":{"allow":["GET"]}}],"collection":[{"href":"https:\/\/mouldking.store\/hu\/wp-json\/wp\/v2\/product"}],"about":[{"href":"https:\/\/mouldking.store\/hu\/wp-json\/wp\/v2\/types\/product"}],"replies":[{"embeddable":true,"href":"https:\/\/mouldking.store\/hu\/wp-json\/wp\/v2\/comments?post=46773"}],"wp:featuredmedia":[{"embeddable":true,"href":"https:\/\/mouldking.store\/hu\/wp-json\/wp\/v2\/media\/46766"}],"wp:attachment":[{"href":"https:\/\/mouldking.store\/hu\/wp-json\/wp\/v2\/media?parent=46773"}],"wp:term":[{"taxonomy":"product_cat","embeddable":true,"href":"https:\/\/mouldking.store\/hu\/wp-json\/wp\/v2\/product_cat?post=46773"},{"taxonomy":"product_tag","embeddable":true,"href":"https:\/\/mouldking.store\/hu\/wp-json\/wp\/v2\/product_tag?post=46773"}],"curies":[{"name":"wp","href":"https:\/\/api.w.org\/{rel}","templated":true}]}}