{"id":46800,"date":"2023-06-16T11:32:11","date_gmt":"2023-06-16T04:32:11","guid":{"rendered":"https:\/\/mouldking.store\/shop\/quanguan-100241-british-tog-ii-super-heavy-tank-with-2288-pieces\/"},"modified":"2023-06-16T11:32:11","modified_gmt":"2023-06-16T04:32:11","slug":"quanguan-100241-british-tog-ii-super-heavy-tank-with-2288-pieces","status":"publish","type":"product","link":"https:\/\/mouldking.store\/hu\/shop\/quanguan-100241-british-tog-ii-super-heavy-tank-with-2288-pieces\/","title":{"rendered":"QUANGUAN 100241 British TOG II Super Heavy Tank with 2288 Pieces"},"content":{"rendered":"<div>\u2705 QUANGUAN 100241 British TOG II Super Heavy Tank<br \/>&nbsp;<br \/>\u2705The British TOG II (also known as the TOG II*) was a prototype super heavy tank developed by the United Kingdom during World War II. The name &#8220;TOG&#8221; stands for The Old Gang, referring to the team of engineers who worked on its development.<br \/>&nbsp;<br \/>\ud83d\udeab FONTOS!&nbsp;<br \/>&nbsp;<br \/>Product Name: British TOG II Super Heavy Tank<br \/>&nbsp;<br \/>Kateg\u00f3ria: Katonai<br \/>&nbsp;<br \/>This Kit Contains: QUANGUAN 100241<br \/>&nbsp;<br \/>2288 pcs Good Quality Bricks&nbsp;<br \/>&nbsp;<br \/>Size: 42 \u00d7 11.7 \u00d7 18 cm<br \/>&nbsp;<br \/>K\u00e9zi utas\u00edt\u00e1sok&nbsp;<br \/>&nbsp;<br \/>\ud83d\udcccA f\u0151szerepl\u0151 term\u00e9szete&nbsp;<br \/>&nbsp;<br \/>Introducing our proud collection named \u201cBritish TOG II Super Heavy Tank\u201d you should not miss.&nbsp;<br \/>&nbsp;<br \/>The TOG II was an enormous tank, measuring approximately 33 feet (10 meters) in length and weighing around 80 tons. Its large size was intended to provide increased protection and firepower. The tank featured thick armor plating, up to 152 mm (6 inches) thick in some areas. This made it heavily resistant to enemy fire, but it also contributed to its significant weight. The main armament of the TOG II consisted of a 17-pounder (76.2 mm) gun, known for its effectiveness against enemy tanks. It also had several machine guns for anti-infantry defense.<\/div>","protected":false},"excerpt":{"rendered":"<p>M\u00e1rka: QUANGUAN<br \/>\nNem: Uniszex<br \/>\nKoroszt\u00e1ly: &gt; 6 \u00e9v<br \/>\nModellsz\u00e1m: 100241<br \/>\nBesorol\u00e1s: \u00d6sszeszerel\u00e9s<br \/>\nM\u0171anyag blokk forma: \u00f6nz\u00e1r\u00f3 t\u00e9gla<br \/>\nAnyaga: M\u0171anyag<br \/>\nM\u0171anyag t\u00edpus: ABS<br \/>\nBricks Blocks: 2288 +<br \/>\nEredeti doboza nincs<\/p>","protected":false},"featured_media":46794,"comment_status":"open","ping_status":"closed","template":"","meta":{"_acf_changed":false},"product_cat":[1350,1357,372,364],"product_tag":[11666,12111,374,485,389,12113],"class_list":["product","first","instock","shipping-taxable","purchasable","product-type-simple"],"acf":[],"_links":{"self":[{"href":"https:\/\/mouldking.store\/hu\/wp-json\/wp\/v2\/product\/46800","targetHints":{"allow":["GET"]}}],"collection":[{"href":"https:\/\/mouldking.store\/hu\/wp-json\/wp\/v2\/product"}],"about":[{"href":"https:\/\/mouldking.store\/hu\/wp-json\/wp\/v2\/types\/product"}],"replies":[{"embeddable":true,"href":"https:\/\/mouldking.store\/hu\/wp-json\/wp\/v2\/comments?post=46800"}],"wp:featuredmedia":[{"embeddable":true,"href":"https:\/\/mouldking.store\/hu\/wp-json\/wp\/v2\/media\/46794"}],"wp:attachment":[{"href":"https:\/\/mouldking.store\/hu\/wp-json\/wp\/v2\/media?parent=46800"}],"wp:term":[{"taxonomy":"product_cat","embeddable":true,"href":"https:\/\/mouldking.store\/hu\/wp-json\/wp\/v2\/product_cat?post=46800"},{"taxonomy":"product_tag","embeddable":true,"href":"https:\/\/mouldking.store\/hu\/wp-json\/wp\/v2\/product_tag?post=46800"}],"curies":[{"name":"wp","href":"https:\/\/api.w.org\/{rel}","templated":true}]}}