{"id":46835,"date":"2023-06-26T09:23:04","date_gmt":"2023-06-26T02:23:04","guid":{"rendered":"https:\/\/mouldking.store\/shop\/custom-991-marvel-mk44-hulkbusers-with-4620-pieces\/"},"modified":"2023-06-26T09:23:04","modified_gmt":"2023-06-26T02:23:04","slug":"custom-991-marvel-mk44-hulkbusers-with-4620-pieces","status":"publish","type":"product","link":"https:\/\/mouldking.store\/hu\/shop\/custom-991-marvel-mk44-hulkbusers-with-4620-pieces\/","title":{"rendered":"Custom 991 Marvel MK44 Hulkbusers with 4620 Pieces"},"content":{"rendered":"<div>\u2705 Custom 991 Marvel MK44 Hulkbusers<br \/>&nbsp;<br \/>\u2705The &#8220;MK44 Hulkbuster&#8221; is a fictional suit of armor that appears in Marvel Comics and the Marvel Cinematic Universe (MCU). It is also known as the &#8220;Hulkbuster Armor&#8221; and was specifically designed to combat the Hulk or other powerful adversaries.<br \/>&nbsp;<br \/>\ud83d\udeab FONTOS!&nbsp;<br \/>&nbsp;<br \/>Product Name: Marvel MK44 Hulkbusers<br \/>&nbsp;<br \/>Kateg\u00f3ria: Alkot\u00f3&nbsp;<br \/>&nbsp;<br \/>This Kit Contains: Custom 991<br \/>&nbsp;<br \/>4620 pcs Good Quality Bricks&nbsp;<br \/>&nbsp;<br \/>Size:&nbsp; 35 \u00d7 20.5 \u00d7 46 cm<br \/>&nbsp;<br \/>K\u00e9zi utas\u00edt\u00e1sok&nbsp;<br \/>&nbsp;<br \/>\ud83d\udcccA f\u0151szerepl\u0151 term\u00e9szete&nbsp;<br \/>&nbsp;<br \/>Introducing our proud collection named \u201cMarvel MK44 Hulkbusers\u201d you should not miss.&nbsp;<br \/>&nbsp;<br \/>In the Marvel Comics, the Hulkbuster armor was created by Tony Stark, also known as Iron Man. Its purpose is to provide enhanced strength, durability, and firepower to match the incredible strength of the Hulk. The suit is larger and bulkier than Stark&#8217;s standard Iron Man armor, with enhanced hydraulic systems and reinforced armor plating. In the MCU, the Hulkbuster armor made its debut in the movie &#8220;Avengers: Age of Ultron&#8221; (2015). In the film, Tony Stark deploys the Hulkbuster armor to confront the Hulk during a destructive rampage. The suit is equipped with powerful repulsor blasts, pneumatic gauntlets, and additional weapons to subdue and contain the Hulk.<\/div>","protected":false},"excerpt":{"rendered":"<p>M\u00e1rka: Custom<br \/>\nNem: Uniszex<br \/>\nKoroszt\u00e1ly: 8 \u00e9v felett<br \/>\nModel Number: 991<br \/>\nBesorol\u00e1s: \u00d6sszeszerel\u00e9s<br \/>\nM\u0171anyag blokk forma: \u00f6nz\u00e1r\u00f3 t\u00e9gla<br \/>\nAnyaga: M\u0171anyag<br \/>\nM\u0171anyag t\u00edpus: ABS<br \/>\nBricks Blocks: 4620 +<br \/>\nEredeti doboza nincs<\/p>","protected":false},"featured_media":46830,"comment_status":"open","ping_status":"closed","template":"","meta":{"_acf_changed":false},"product_cat":[1365,1373,1848,371,581,1408],"product_tag":[11072,8452,12114,1496,8501,434,1498],"class_list":["product","first","instock","shipping-taxable","purchasable","product-type-simple"],"acf":[],"_links":{"self":[{"href":"https:\/\/mouldking.store\/hu\/wp-json\/wp\/v2\/product\/46835","targetHints":{"allow":["GET"]}}],"collection":[{"href":"https:\/\/mouldking.store\/hu\/wp-json\/wp\/v2\/product"}],"about":[{"href":"https:\/\/mouldking.store\/hu\/wp-json\/wp\/v2\/types\/product"}],"replies":[{"embeddable":true,"href":"https:\/\/mouldking.store\/hu\/wp-json\/wp\/v2\/comments?post=46835"}],"wp:featuredmedia":[{"embeddable":true,"href":"https:\/\/mouldking.store\/hu\/wp-json\/wp\/v2\/media\/46830"}],"wp:attachment":[{"href":"https:\/\/mouldking.store\/hu\/wp-json\/wp\/v2\/media?parent=46835"}],"wp:term":[{"taxonomy":"product_cat","embeddable":true,"href":"https:\/\/mouldking.store\/hu\/wp-json\/wp\/v2\/product_cat?post=46835"},{"taxonomy":"product_tag","embeddable":true,"href":"https:\/\/mouldking.store\/hu\/wp-json\/wp\/v2\/product_tag?post=46835"}],"curies":[{"name":"wp","href":"https:\/\/api.w.org\/{rel}","templated":true}]}}