{"id":46867,"date":"2023-06-26T09:26:49","date_gmt":"2023-06-26T02:26:49","guid":{"rendered":"https:\/\/mouldking.store\/shop\/mould-king-20001-hj-10-anti-tank-missile-with-1600-pieces\/"},"modified":"2023-06-26T09:26:49","modified_gmt":"2023-06-26T02:26:49","slug":"mould-king-20001-hj-10-anti-tank-missile-with-1600-pieces","status":"publish","type":"product","link":"https:\/\/mouldking.store\/hu\/shop\/mould-king-20001-hj-10-anti-tank-missile-with-1600-pieces\/","title":{"rendered":"MOLD KING 20001 HJ-10 p\u00e1nc\u00e9lt\u00f6r\u0151 rak\u00e9ta 1600 darabbal"},"content":{"rendered":"<div>\u2705Mould King 20001 Motor HJ-10 Anti-tank Missile<br \/>&nbsp;<br \/>\u2705The HJ-10 is a Chinese-made anti-tank guided missile (ATGM) system. It is also known as the Red Arrow 10. Developed by the China North Industries Corporation (NORINCO), the HJ-10 is designed to engage and destroy armored vehicles, including main battle tanks, at long ranges.<br \/>&nbsp;<br \/>\ud83d\udeab FONTOS!&nbsp;<br \/>&nbsp;<br \/>Product Name:&nbsp; Motor HJ-10 Anti-tank Missile<br \/>&nbsp;<br \/>Kateg\u00f3ria: Katonai<br \/>&nbsp;<br \/>This Kit Contains: Mould King 20001<br \/>&nbsp;<br \/>1600 pcs Good Quality Bricks&nbsp;<br \/>&nbsp;<br \/>K\u00e9zi utas\u00edt\u00e1sok&nbsp;<br \/>&nbsp;<br \/>\ud83d\udcccA f\u0151szerepl\u0151 term\u00e9szete&nbsp;<br \/>&nbsp;<br \/>Introducing our proud collection named \u201c Motor HJ-10 Anti-tank Missile\u201d you should not miss.&nbsp;<br \/>&nbsp;<br \/>The HJ-10 is a fire-and-forget missile, meaning that once it is launched, it does not require continuous guidance from the operator. It can autonomously track and engage its target using its onboard guidance system. The missile is available in various warhead configurations to engage different types of targets effectively. These may include a high-explosive anti-tank (HEAT) warhead for penetrating armor, as well as thermobaric or fragmentation warheads for engaging personnel or lightly armored vehicles.<\/div>","protected":false},"excerpt":{"rendered":"<p>M\u00e1rka: MOLD KING<br \/>\nNem: Uniszex<br \/>\nKoroszt\u00e1ly: 8 \u00e9v felett<br \/>\nModel Number: 20001<br \/>\nBesorol\u00e1s: \u00d6sszeszerel\u00e9s<br \/>\nM\u0171anyag blokk forma: \u00f6nz\u00e1r\u00f3 t\u00e9gla<br \/>\nAnyaga: M\u0171anyag<br \/>\nM\u0171anyag t\u00edpus: ABS<br \/>\nBricks Blocks: 1600 +<br \/>\nEredeti doboza nincs<\/p>","protected":false},"featured_media":46862,"comment_status":"open","ping_status":"closed","template":"","meta":{"_acf_changed":false},"product_cat":[1350,1357,372,364],"product_tag":[12118,1172,374,11374,389],"class_list":["product","first","instock","shipping-taxable","purchasable","product-type-simple"],"acf":[],"_links":{"self":[{"href":"https:\/\/mouldking.store\/hu\/wp-json\/wp\/v2\/product\/46867","targetHints":{"allow":["GET"]}}],"collection":[{"href":"https:\/\/mouldking.store\/hu\/wp-json\/wp\/v2\/product"}],"about":[{"href":"https:\/\/mouldking.store\/hu\/wp-json\/wp\/v2\/types\/product"}],"replies":[{"embeddable":true,"href":"https:\/\/mouldking.store\/hu\/wp-json\/wp\/v2\/comments?post=46867"}],"wp:featuredmedia":[{"embeddable":true,"href":"https:\/\/mouldking.store\/hu\/wp-json\/wp\/v2\/media\/46862"}],"wp:attachment":[{"href":"https:\/\/mouldking.store\/hu\/wp-json\/wp\/v2\/media?parent=46867"}],"wp:term":[{"taxonomy":"product_cat","embeddable":true,"href":"https:\/\/mouldking.store\/hu\/wp-json\/wp\/v2\/product_cat?post=46867"},{"taxonomy":"product_tag","embeddable":true,"href":"https:\/\/mouldking.store\/hu\/wp-json\/wp\/v2\/product_tag?post=46867"}],"curies":[{"name":"wp","href":"https:\/\/api.w.org\/{rel}","templated":true}]}}