{"id":46909,"date":"2023-06-26T09:31:58","date_gmt":"2023-06-26T02:31:58","guid":{"rendered":"https:\/\/mouldking.store\/shop\/panlosbrick-613001-doctor-stranges-sanctum-sanctorum-with-6632-pieces\/"},"modified":"2023-06-30T16:39:47","modified_gmt":"2023-06-30T09:39:47","slug":"panlosbrick-613001-doctor-stranges-sanctum-sanctorum-with-6632-pieces","status":"publish","type":"product","link":"https:\/\/mouldking.store\/hu\/shop\/panlosbrick-613001-doctor-stranges-sanctum-sanctorum-with-6632-pieces\/","title":{"rendered":"PANLOSBRICK 613001 Doctor Strange&#8217;s Sanctum Sanctorum with 6632 Pieces"},"content":{"rendered":"<div>\u2705 PANLOS 613001 Doctor Strange&#8217;s Sanctum Sanctorum<br \/>&nbsp;<br \/>\u2705Doctor Strange&#8217;s Sanctum Sanctorum is a fictional location in the Marvel Universe, specifically associated with the character Doctor Strange. It serves as his mystical headquarters and residence, as well as a place of training and study for the mystic arts.<br \/>&nbsp;<br \/>\ud83d\udeab FONTOS!&nbsp;<br \/>&nbsp;<br \/>Product Name: Doctor Strange&#8217;s Sanctum Sanctorum<br \/>&nbsp;<br \/>Kateg\u00f3ria: Modul\u00e1ris \u00e9p\u00fclet<br \/>&nbsp;<br \/>This Kit Contains: PANLOS 613001<br \/>&nbsp;<br \/>6632 pcs Good Quality Bricks&nbsp;<br \/>&nbsp;<br \/>Size: 42 x 26 x 43 cm&nbsp;<br \/>&nbsp;<br \/>K\u00e9zi utas\u00edt\u00e1sok&nbsp;<br \/>&nbsp;<br \/>\ud83d\udcccA f\u0151szerepl\u0151 term\u00e9szete&nbsp;<br \/>&nbsp;<br \/>Introducing our proud collection named \u201cDoctor Strange&#8217;s Sanctum Sanctorum\u201d you should not miss.&nbsp;<\/p>\n<p>The Sanctum Sanctorum is located at 177A Bleecker Street in the Greenwich Village neighborhood of New York City. From the outside, it appears to be an ordinary townhouse, but its interior holds a vast array of magical artifacts, mystical books, and otherworldly relics. Within the Sanctum Sanctorum, Doctor Strange conducts his magical studies and research, as well as meeting with other mystical beings and allies. The building also houses a vast library called the Library of Wong, which contains countless mystical tomes and knowledge accumulated over centuries.<\/p><\/div>","protected":false},"excerpt":{"rendered":"<p>M\u00e1rka: PANLOSBRICK<br \/>\nNem: Uniszex<br \/>\nKoroszt\u00e1ly: &gt; 6 \u00e9v<br \/>\nModel Number: 613001<br \/>\nBesorol\u00e1s: \u00d6sszeszerel\u00e9s<br \/>\nM\u0171anyag blokk forma: \u00f6nz\u00e1r\u00f3 t\u00e9gla<br \/>\nAnyaga: M\u0171anyag<br \/>\nM\u0171anyag t\u00edpus: ABS<br \/>\nBricks Blocks: 6632 +<br \/>\nEredeti doboza nincs<\/p>","protected":false},"featured_media":46905,"comment_status":"open","ping_status":"closed","template":"","meta":{"_acf_changed":false},"product_cat":[1395,390],"product_tag":[4883,10859,392,12127,12126,12125],"class_list":["product","first","instock","shipping-taxable","purchasable","product-type-simple"],"acf":[],"_links":{"self":[{"href":"https:\/\/mouldking.store\/hu\/wp-json\/wp\/v2\/product\/46909","targetHints":{"allow":["GET"]}}],"collection":[{"href":"https:\/\/mouldking.store\/hu\/wp-json\/wp\/v2\/product"}],"about":[{"href":"https:\/\/mouldking.store\/hu\/wp-json\/wp\/v2\/types\/product"}],"replies":[{"embeddable":true,"href":"https:\/\/mouldking.store\/hu\/wp-json\/wp\/v2\/comments?post=46909"}],"wp:featuredmedia":[{"embeddable":true,"href":"https:\/\/mouldking.store\/hu\/wp-json\/wp\/v2\/media\/46905"}],"wp:attachment":[{"href":"https:\/\/mouldking.store\/hu\/wp-json\/wp\/v2\/media?parent=46909"}],"wp:term":[{"taxonomy":"product_cat","embeddable":true,"href":"https:\/\/mouldking.store\/hu\/wp-json\/wp\/v2\/product_cat?post=46909"},{"taxonomy":"product_tag","embeddable":true,"href":"https:\/\/mouldking.store\/hu\/wp-json\/wp\/v2\/product_tag?post=46909"}],"curies":[{"name":"wp","href":"https:\/\/api.w.org\/{rel}","templated":true}]}}