{"id":46948,"date":"2023-06-26T09:41:47","date_gmt":"2023-06-26T02:41:47","guid":{"rendered":"https:\/\/mouldking.store\/shop\/forange-fc1614-speed-champions-yellow-racer-car-with-287-pieces\/"},"modified":"2023-06-26T09:41:47","modified_gmt":"2023-06-26T02:41:47","slug":"forange-fc1614-speed-champions-yellow-racer-car-with-287-pieces","status":"publish","type":"product","link":"https:\/\/mouldking.store\/hu\/shop\/forange-fc1614-speed-champions-yellow-racer-car-with-287-pieces\/","title":{"rendered":"Forange FC1614 Speed Champions Yellow Racer Car with 287 Pieces"},"content":{"rendered":"<div>\u2705 Forange FC1614 Speed Champions Yellow Racer Car<br \/>&nbsp;<br \/>\u2705The Forange FC1614 Speed Champions Yellow Racer Car Building Blocks set is a construction toy that allows you to build a yellow racing car model. It consists of approximately 287 pieces.<br \/>&nbsp;<br \/>\ud83d\udeab FONTOS!&nbsp;<br \/>&nbsp;<br \/>Product Name: Speed Champions Yellow Racer Car<br \/>&nbsp;<br \/>Kateg\u00f3ria: M\u0171szaki<br \/>&nbsp;<br \/>This Kit Contains: Forange FC1614&nbsp;<br \/>&nbsp;<br \/>287 pcs Good Quality Bricks&nbsp;<br \/>&nbsp;<br \/>Size: 15.7 \u00d7 7.4 \u00d7 4.6 cm<br \/>&nbsp;<br \/>K\u00e9zi utas\u00edt\u00e1sok&nbsp;<br \/>&nbsp;<br \/>\ud83d\udcccA f\u0151szerepl\u0151 term\u00e9szete&nbsp;<br \/>&nbsp;<br \/>Introducing our proud collection named \u201cSpeed Champions Yellow Racer Car\u201d you should not miss.&nbsp;<br \/>&nbsp;<br \/>With these building blocks, you can create a detailed replica of a racing car, featuring a yellow color scheme. The set likely includes various bricks, plates, and other pieces that can be assembled to form the car&#8217;s body, wheels, and other intricate details. The exact design and features of the car may vary depending on the specific set.<\/div>","protected":false},"excerpt":{"rendered":"<p>M\u00e1rka: Forange<br \/>\nNem: Uniszex<br \/>\nKoroszt\u00e1ly: &gt; 6 \u00e9v<br \/>\nModel Number: FC1614<br \/>\nBesorol\u00e1s: \u00d6sszeszerel\u00e9s<br \/>\nM\u0171anyag blokk forma: \u00f6nz\u00e1r\u00f3 t\u00e9gla<br \/>\nAnyaga: M\u0171anyag<br \/>\nM\u0171anyag t\u00edpus: ABS<br \/>\nBricks Blocks: 287 +<br \/>\nEredeti doboza nincs<\/p>","protected":false},"featured_media":46942,"comment_status":"open","ping_status":"closed","template":"","meta":{"_acf_changed":false},"product_cat":[1360,1357,364],"product_tag":[457,7761,389,11080],"class_list":["product","first","instock","shipping-taxable","purchasable","product-type-simple"],"acf":[],"_links":{"self":[{"href":"https:\/\/mouldking.store\/hu\/wp-json\/wp\/v2\/product\/46948","targetHints":{"allow":["GET"]}}],"collection":[{"href":"https:\/\/mouldking.store\/hu\/wp-json\/wp\/v2\/product"}],"about":[{"href":"https:\/\/mouldking.store\/hu\/wp-json\/wp\/v2\/types\/product"}],"replies":[{"embeddable":true,"href":"https:\/\/mouldking.store\/hu\/wp-json\/wp\/v2\/comments?post=46948"}],"wp:featuredmedia":[{"embeddable":true,"href":"https:\/\/mouldking.store\/hu\/wp-json\/wp\/v2\/media\/46942"}],"wp:attachment":[{"href":"https:\/\/mouldking.store\/hu\/wp-json\/wp\/v2\/media?parent=46948"}],"wp:term":[{"taxonomy":"product_cat","embeddable":true,"href":"https:\/\/mouldking.store\/hu\/wp-json\/wp\/v2\/product_cat?post=46948"},{"taxonomy":"product_tag","embeddable":true,"href":"https:\/\/mouldking.store\/hu\/wp-json\/wp\/v2\/product_tag?post=46948"}],"curies":[{"name":"wp","href":"https:\/\/api.w.org\/{rel}","templated":true}]}}