{"id":46953,"date":"2023-06-26T09:42:35","date_gmt":"2023-06-26T02:42:35","guid":{"rendered":"https:\/\/mouldking.store\/shop\/forange-fc1615-speed-champions-purple-racer-car-with-269-pieces\/"},"modified":"2023-06-26T09:42:35","modified_gmt":"2023-06-26T02:42:35","slug":"forange-fc1615-speed-champions-purple-racer-car-with-269-pieces","status":"publish","type":"product","link":"https:\/\/mouldking.store\/hu\/shop\/forange-fc1615-speed-champions-purple-racer-car-with-269-pieces\/","title":{"rendered":"Forange FC1615 Speed Champions Purple Racer Car with 269 Pieces"},"content":{"rendered":"<div>\u2705 Forange FC1615 Speed Champions Purple Racer Car<br \/>&nbsp;<br \/>\u2705The Forange FC1615 Speed Champions Purple Racer Car Building Blocks set is another construction toy that allows you to build a model of a racing car.&nbsp;<br \/>&nbsp;<br \/>\ud83d\udeab FONTOS!&nbsp;<br \/>&nbsp;<br \/>Product Name: Speed Champions Purple Racer Car<br \/>&nbsp;<br \/>Kateg\u00f3ria: M\u0171szaki&nbsp;<br \/>&nbsp;<br \/>This Kit Contains: Forange FC1615<br \/>&nbsp;<br \/>269 pcs Good Quality Bricks&nbsp;<br \/>&nbsp;<br \/>Size: 16 \u00d7 7.6 \u00d7 4.6 cm<br \/>&nbsp;<br \/>K\u00e9zi utas\u00edt\u00e1sok&nbsp;<br \/>&nbsp;<br \/>\ud83d\udcccA f\u0151szerepl\u0151 term\u00e9szete&nbsp;<br \/>&nbsp;<br \/>Introducing our proud collection named \u201cSpeed Champions Purple Racer Car\u201d you should not miss.&nbsp;<br \/>&nbsp;<br \/>Similar to other building block sets, this one is designed to offer an enjoyable building experience. It should come with step-by-step instructions to assist you in assembling the model.<\/div>","protected":false},"excerpt":{"rendered":"<p>M\u00e1rka: Forange<br \/>\nNem: Uniszex<br \/>\nKoroszt\u00e1ly: &gt; 6 \u00e9v<br \/>\nModel Number: FC1615<br \/>\nBesorol\u00e1s: \u00d6sszeszerel\u00e9s<br \/>\nM\u0171anyag blokk forma: \u00f6nz\u00e1r\u00f3 t\u00e9gla<br \/>\nAnyaga: M\u0171anyag<br \/>\nM\u0171anyag t\u00edpus: ABS<br \/>\nBricks Blocks: 269 +<br \/>\nEredeti doboza nincs<\/p>","protected":false},"featured_media":46949,"comment_status":"open","ping_status":"closed","template":"","meta":{"_acf_changed":false},"product_cat":[1360,1357,364],"product_tag":[457,7761,389,11080],"class_list":["product","first","instock","shipping-taxable","purchasable","product-type-simple"],"acf":[],"_links":{"self":[{"href":"https:\/\/mouldking.store\/hu\/wp-json\/wp\/v2\/product\/46953","targetHints":{"allow":["GET"]}}],"collection":[{"href":"https:\/\/mouldking.store\/hu\/wp-json\/wp\/v2\/product"}],"about":[{"href":"https:\/\/mouldking.store\/hu\/wp-json\/wp\/v2\/types\/product"}],"replies":[{"embeddable":true,"href":"https:\/\/mouldking.store\/hu\/wp-json\/wp\/v2\/comments?post=46953"}],"wp:featuredmedia":[{"embeddable":true,"href":"https:\/\/mouldking.store\/hu\/wp-json\/wp\/v2\/media\/46949"}],"wp:attachment":[{"href":"https:\/\/mouldking.store\/hu\/wp-json\/wp\/v2\/media?parent=46953"}],"wp:term":[{"taxonomy":"product_cat","embeddable":true,"href":"https:\/\/mouldking.store\/hu\/wp-json\/wp\/v2\/product_cat?post=46953"},{"taxonomy":"product_tag","embeddable":true,"href":"https:\/\/mouldking.store\/hu\/wp-json\/wp\/v2\/product_tag?post=46953"}],"curies":[{"name":"wp","href":"https:\/\/api.w.org\/{rel}","templated":true}]}}