{"id":46970,"date":"2023-06-26T09:45:02","date_gmt":"2023-06-26T02:45:02","guid":{"rendered":"https:\/\/mouldking.store\/shop\/forange-fc1617-speed-champions-blue-racer-car-with-270-pieces\/"},"modified":"2023-06-26T09:45:02","modified_gmt":"2023-06-26T02:45:02","slug":"forange-fc1617-speed-champions-blue-racer-car-with-270-pieces","status":"publish","type":"product","link":"https:\/\/mouldking.store\/hu\/shop\/forange-fc1617-speed-champions-blue-racer-car-with-270-pieces\/","title":{"rendered":"Forange FC1617 Speed Champions Blue Racer Car with 270 Pieces"},"content":{"rendered":"<div>\u2705 Forange FC1617 Speed Champions Blue Racer Car<\/p>\n<p>\u2705The Forange FC1617 Speed Champions Blue Racer Car Building Blocks set consists of approximately 270 pieces.&nbsp;<br \/>&nbsp;<br \/>\ud83d\udeab FONTOS!&nbsp;<br \/>&nbsp;<br \/>Product Name: Speed Champions Blue Racer Car<br \/>&nbsp;<br \/>Kateg\u00f3ria: M\u0171szaki&nbsp;<\/p>\n<p>This kit contains: Forange FC1617<br \/>&nbsp;<br \/>270 pcs Good Quality Bricks&nbsp;<br \/>&nbsp;<br \/>Size: 16 \u00d7 7.4 \u00d7 4.8 cm<br \/>&nbsp;<br \/>K\u00e9zi utas\u00edt\u00e1sok&nbsp;<br \/>&nbsp;<br \/>\ud83d\udcccA f\u0151szerepl\u0151 term\u00e9szete&nbsp;<br \/>&nbsp;<br \/>Introducing our proud collection named \u201cSpeed Champions Blue Racer Car\u201d you should not miss.&nbsp;<br \/>&nbsp;<br \/>It is a construction toy that allows you to build a blue racer car model. With 270 pieces, you can expect a decent level of detail and complexity in the build. It&#8217;s a great set for fans of building blocks and car enthusiasts who enjoy constructing and displaying their creations.<\/div>","protected":false},"excerpt":{"rendered":"<p>M\u00e1rka: Forange<br \/>\nNem: Uniszex<br \/>\nKoroszt\u00e1ly: &gt; 6 \u00e9v<br \/>\nModel Number: FC1617<br \/>\nBesorol\u00e1s: \u00d6sszeszerel\u00e9s<br \/>\nM\u0171anyag blokk forma: \u00f6nz\u00e1r\u00f3 t\u00e9gla<br \/>\nAnyaga: M\u0171anyag<br \/>\nM\u0171anyag t\u00edpus: ABS<br \/>\nBricks Blocks: 270 +<br \/>\nEredeti doboza nincs<\/p>","protected":false},"featured_media":46966,"comment_status":"open","ping_status":"closed","template":"","meta":{"_acf_changed":false},"product_cat":[1360,1357,364],"product_tag":[457,7761,389,11080],"class_list":["product","first","instock","shipping-taxable","purchasable","product-type-simple"],"acf":[],"_links":{"self":[{"href":"https:\/\/mouldking.store\/hu\/wp-json\/wp\/v2\/product\/46970","targetHints":{"allow":["GET"]}}],"collection":[{"href":"https:\/\/mouldking.store\/hu\/wp-json\/wp\/v2\/product"}],"about":[{"href":"https:\/\/mouldking.store\/hu\/wp-json\/wp\/v2\/types\/product"}],"replies":[{"embeddable":true,"href":"https:\/\/mouldking.store\/hu\/wp-json\/wp\/v2\/comments?post=46970"}],"wp:featuredmedia":[{"embeddable":true,"href":"https:\/\/mouldking.store\/hu\/wp-json\/wp\/v2\/media\/46966"}],"wp:attachment":[{"href":"https:\/\/mouldking.store\/hu\/wp-json\/wp\/v2\/media?parent=46970"}],"wp:term":[{"taxonomy":"product_cat","embeddable":true,"href":"https:\/\/mouldking.store\/hu\/wp-json\/wp\/v2\/product_cat?post=46970"},{"taxonomy":"product_tag","embeddable":true,"href":"https:\/\/mouldking.store\/hu\/wp-json\/wp\/v2\/product_tag?post=46970"}],"curies":[{"name":"wp","href":"https:\/\/api.w.org\/{rel}","templated":true}]}}