{"id":46977,"date":"2023-06-26T09:45:54","date_gmt":"2023-06-26T02:45:54","guid":{"rendered":"https:\/\/mouldking.store\/shop\/decool-jisi-3909-app-control-vessel-with-648-pieces\/"},"modified":"2023-06-26T09:45:54","modified_gmt":"2023-06-26T02:45:54","slug":"decool-jisi-3909-app-control-vessel-with-648-pieces","status":"publish","type":"product","link":"https:\/\/mouldking.store\/hu\/shop\/decool-jisi-3909-app-control-vessel-with-648-pieces\/","title":{"rendered":"DECOOL \/ JiSi 3909 App Control Vessel with 648 Pieces"},"content":{"rendered":"<div>\u2705 Decool 3909 App Control Vessel<br \/>&nbsp;<br \/>\u2705Decool 3909 App Control Vessel Building Blocks is a construction toy set that consists of approximately 648 pieces of bricks. The set is designed to allow users to build a vessel or ship model using the interlocking building blocks.<br \/>&nbsp;<br \/>\ud83d\udeab FONTOS!&nbsp;<br \/>&nbsp;<br \/>Product Name: App Control Vessel<br \/>&nbsp;<br \/>Kateg\u00f3ria: Alkot\u00f3&nbsp;<br \/>&nbsp;<br \/>This Kit Contains: Decool 3909<br \/>&nbsp;<br \/>648 pcs Good Quality Bricks&nbsp;<br \/>&nbsp;<br \/>Size: 22.7 \u00d7 12.6 \u00d7 27 cm<br \/>&nbsp;<br \/>K\u00e9zi utas\u00edt\u00e1sok&nbsp;<br \/>&nbsp;<br \/>\ud83d\udcccA f\u0151szerepl\u0151 term\u00e9szete&nbsp;<br \/>&nbsp;<br \/>Introducing our proud collection named \u201cApp Control Vessel\u201d you should not miss.&nbsp;<br \/>&nbsp;<br \/>With 648 pieces, the Decool 3909 App Control Vessel Building Blocks set offers a substantial number of bricks to build a detailed and intricate model. This building block set provides an opportunity for creative play and construction, allowing users to assemble their own vessel model using the provided bricks and potentially control certain aspects of it through a mobile application.<\/div>","protected":false},"excerpt":{"rendered":"<p>M\u00e1rka: DECOOL \/ JiSi<br \/>\nNem: Uniszex<br \/>\nKoroszt\u00e1ly: 8 \u00e9v felett<br \/>\nModel Number: 3909<br \/>\nBesorol\u00e1s: \u00d6sszeszerel\u00e9s<br \/>\nM\u0171anyag blokk forma: \u00f6nz\u00e1r\u00f3 t\u00e9gla<br \/>\nAnyaga: M\u0171anyag<br \/>\nM\u0171anyag t\u00edpus: ABS<br \/>\nBricks Blocks: 648 +<br \/>\nEredeti doboza nincs<\/p>","protected":false},"featured_media":46971,"comment_status":"open","ping_status":"closed","template":"","meta":{"_acf_changed":false},"product_cat":[1365,371],"product_tag":[6471,11072,8452,12133,9427],"class_list":["product","first","instock","shipping-taxable","purchasable","product-type-simple"],"acf":[],"_links":{"self":[{"href":"https:\/\/mouldking.store\/hu\/wp-json\/wp\/v2\/product\/46977","targetHints":{"allow":["GET"]}}],"collection":[{"href":"https:\/\/mouldking.store\/hu\/wp-json\/wp\/v2\/product"}],"about":[{"href":"https:\/\/mouldking.store\/hu\/wp-json\/wp\/v2\/types\/product"}],"replies":[{"embeddable":true,"href":"https:\/\/mouldking.store\/hu\/wp-json\/wp\/v2\/comments?post=46977"}],"wp:featuredmedia":[{"embeddable":true,"href":"https:\/\/mouldking.store\/hu\/wp-json\/wp\/v2\/media\/46971"}],"wp:attachment":[{"href":"https:\/\/mouldking.store\/hu\/wp-json\/wp\/v2\/media?parent=46977"}],"wp:term":[{"taxonomy":"product_cat","embeddable":true,"href":"https:\/\/mouldking.store\/hu\/wp-json\/wp\/v2\/product_cat?post=46977"},{"taxonomy":"product_tag","embeddable":true,"href":"https:\/\/mouldking.store\/hu\/wp-json\/wp\/v2\/product_tag?post=46977"}],"curies":[{"name":"wp","href":"https:\/\/api.w.org\/{rel}","templated":true}]}}