{"id":46984,"date":"2023-06-26T09:46:33","date_gmt":"2023-06-26T02:46:33","guid":{"rendered":"https:\/\/mouldking.store\/shop\/pleyerid-m38-p8009-earth-little-hero-astro-boy-sitting-with-1000-pieces\/"},"modified":"2023-06-26T09:46:33","modified_gmt":"2023-06-26T02:46:33","slug":"pleyerid-m38-p8009-earth-little-hero-astro-boy-sitting-with-1000-pieces","status":"publish","type":"product","link":"https:\/\/mouldking.store\/hu\/shop\/pleyerid-m38-p8009-earth-little-hero-astro-boy-sitting-with-1000-pieces\/","title":{"rendered":"Pleyerid M38-P8009 Earth Little Hero Astro Boy Sitting with 1000 Pieces"},"content":{"rendered":"<div>\u2705 Pleyerid M38-P8009 Earth Little Hero Astro Boy Sitting<br \/>&nbsp;<br \/>\u2705Astro Boy is a fictional character and a popular Japanese manga and anime series created by Osamu Tezuka. The series, also known as &#8220;Mighty Atom&#8221; in Japan, was first serialized in 1952 and quickly gained international recognition, becoming one of Tezuka&#8217;s most iconic works.<br \/>&nbsp;<br \/>\ud83d\udeab FONTOS!&nbsp;<br \/>&nbsp;<br \/>Product Name: Earth Little Hero Astro Boy Sitting<br \/>&nbsp;<br \/>Kateg\u00f3ria: Film<br \/>&nbsp;<br \/>This Kit Contains: Pleyerid M38-P8009<br \/>&nbsp;<br \/>1000 pcs Good Quality Bricks&nbsp;<br \/>&nbsp;<br \/>Size: 17.2 \u00d7 29.8 cm<br \/>&nbsp;<br \/>K\u00e9zi utas\u00edt\u00e1sok&nbsp;<br \/>&nbsp;<br \/>\ud83d\udcccA f\u0151szerepl\u0151 term\u00e9szete&nbsp;<br \/>&nbsp;<br \/>Introducing our proud collection named \u201cEarth Little Hero Astro Boy Sitting\u201d you should not miss.&nbsp;<br \/>&nbsp;<br \/>Astro Boy tells the story of a powerful android named Astro, also known as Atom in Japan, who was created by the brilliant scientist Dr. Tenma. Astro Boy is designed to resemble a young human boy and possesses incredible superhuman abilities, including super strength, flight, and the ability to shoot powerful energy beams from his fingertips. The series is set in a futuristic world where robots coexist with humans. Astro Boy fights against various threats, such as evil robots, aliens, and other villains, to protect humanity and promote peace between robots and humans. The story often explores themes of discrimination, morality, and the nature of humanity.<\/div>","protected":false},"excerpt":{"rendered":"<p>Brand: Pleyerid<br \/>\nNem: Uniszex<br \/>\nKoroszt\u00e1ly: &gt; 12 \u00e9ves<br \/>\nModel Number: M38-P8009<br \/>\nBesorol\u00e1s: \u00d6sszeszerel\u00e9s<br \/>\nM\u0171anyag blokk forma: \u00f6nz\u00e1r\u00f3 t\u00e9gla<br \/>\nAnyaga: M\u0171anyag<br \/>\nM\u0171anyag t\u00edpus: ABS<br \/>\nBricks Blocks: 1000 +<br \/>\nEredeti doboza nincs<br \/>\nA darabok v\u00e1ltozhatnak<\/p>","protected":false},"featured_media":46978,"comment_status":"open","ping_status":"closed","template":"","meta":{"_acf_changed":false},"product_cat":[1365,371,581,1408],"product_tag":[7487,11072,8452,9139,434],"class_list":["product","first","instock","shipping-taxable","purchasable","product-type-simple"],"acf":[],"_links":{"self":[{"href":"https:\/\/mouldking.store\/hu\/wp-json\/wp\/v2\/product\/46984","targetHints":{"allow":["GET"]}}],"collection":[{"href":"https:\/\/mouldking.store\/hu\/wp-json\/wp\/v2\/product"}],"about":[{"href":"https:\/\/mouldking.store\/hu\/wp-json\/wp\/v2\/types\/product"}],"replies":[{"embeddable":true,"href":"https:\/\/mouldking.store\/hu\/wp-json\/wp\/v2\/comments?post=46984"}],"wp:featuredmedia":[{"embeddable":true,"href":"https:\/\/mouldking.store\/hu\/wp-json\/wp\/v2\/media\/46978"}],"wp:attachment":[{"href":"https:\/\/mouldking.store\/hu\/wp-json\/wp\/v2\/media?parent=46984"}],"wp:term":[{"taxonomy":"product_cat","embeddable":true,"href":"https:\/\/mouldking.store\/hu\/wp-json\/wp\/v2\/product_cat?post=46984"},{"taxonomy":"product_tag","embeddable":true,"href":"https:\/\/mouldking.store\/hu\/wp-json\/wp\/v2\/product_tag?post=46984"}],"curies":[{"name":"wp","href":"https:\/\/api.w.org\/{rel}","templated":true}]}}