{"id":47005,"date":"2023-06-26T09:49:10","date_gmt":"2023-06-26T02:49:10","guid":{"rendered":"https:\/\/mouldking.store\/shop\/forange-fc1802-travel-picnic-car-with-1546-pieces\/"},"modified":"2023-06-26T09:49:10","modified_gmt":"2023-06-26T02:49:10","slug":"forange-fc1802-travel-picnic-car-with-1546-pieces","status":"publish","type":"product","link":"https:\/\/mouldking.store\/hu\/shop\/forange-fc1802-travel-picnic-car-with-1546-pieces\/","title":{"rendered":"Forange FC1802 Travel Picnic Car with 1546 Pieces"},"content":{"rendered":"<div>\u2705 Forange FC1802 Travel Picnic Car<br \/>&nbsp;<br \/>\u2705The Forange FC1802 Technic Travel Picnic Car is a building block set that allows you to construct a model of a travel picnic car using approximately 1546 bricks.<br \/>&nbsp;<br \/>\ud83d\udeab FONTOS!&nbsp;<br \/>&nbsp;<br \/>Product Name: Travel Picnic Car<br \/>&nbsp;<br \/>Kateg\u00f3ria: M\u0171szaki<\/p>\n<p>This kit contains: Forange FC1802<br \/>&nbsp;<br \/>1546 pcs Good Quality Bricks&nbsp;<br \/>&nbsp;<br \/>K\u00e9zi utas\u00edt\u00e1sok&nbsp;<br \/>&nbsp;<br \/>\ud83d\udcccA f\u0151szerepl\u0151 term\u00e9szete&nbsp;<br \/>&nbsp;<br \/>Introducing our proud collection named \u201cTravel Picnic Car\u201d you should not miss.&nbsp;<br \/>&nbsp;<br \/>Since it is a picnic car, there may be additional elements included for the picnic experience. This could consist of a folding table, chairs, a picnic basket, food items, drinks, and other picnic-related accessories.<\/div>","protected":false},"excerpt":{"rendered":"<p>M\u00e1rka: Forange<br \/>\nNem: Uniszex<br \/>\nKorhat\u00e1r: &gt; 16 \u00e9v<br \/>\nModel Number: FC1802<br \/>\nBesorol\u00e1s: \u00d6sszeszerel\u00e9s<br \/>\nM\u0171anyag blokk forma: \u00f6nz\u00e1r\u00f3 t\u00e9gla<br \/>\nAnyaga: M\u0171anyag<br \/>\nM\u0171anyag t\u00edpus: ABS<br \/>\nBricks Blocks: 1546 +<br \/>\nEredeti doboza nincs<\/p>","protected":false},"featured_media":46999,"comment_status":"open","ping_status":"closed","template":"","meta":{"_acf_changed":false},"product_cat":[1365,1360,1357,364],"product_tag":[457,8452,12136,389,11080],"class_list":["product","first","instock","shipping-taxable","purchasable","product-type-simple"],"acf":[],"_links":{"self":[{"href":"https:\/\/mouldking.store\/hu\/wp-json\/wp\/v2\/product\/47005","targetHints":{"allow":["GET"]}}],"collection":[{"href":"https:\/\/mouldking.store\/hu\/wp-json\/wp\/v2\/product"}],"about":[{"href":"https:\/\/mouldking.store\/hu\/wp-json\/wp\/v2\/types\/product"}],"replies":[{"embeddable":true,"href":"https:\/\/mouldking.store\/hu\/wp-json\/wp\/v2\/comments?post=47005"}],"wp:featuredmedia":[{"embeddable":true,"href":"https:\/\/mouldking.store\/hu\/wp-json\/wp\/v2\/media\/46999"}],"wp:attachment":[{"href":"https:\/\/mouldking.store\/hu\/wp-json\/wp\/v2\/media?parent=47005"}],"wp:term":[{"taxonomy":"product_cat","embeddable":true,"href":"https:\/\/mouldking.store\/hu\/wp-json\/wp\/v2\/product_cat?post=47005"},{"taxonomy":"product_tag","embeddable":true,"href":"https:\/\/mouldking.store\/hu\/wp-json\/wp\/v2\/product_tag?post=47005"}],"curies":[{"name":"wp","href":"https:\/\/api.w.org\/{rel}","templated":true}]}}