{"id":47012,"date":"2023-06-26T09:51:54","date_gmt":"2023-06-26T02:51:54","guid":{"rendered":"https:\/\/mouldking.store\/shop\/forange-fc6106-j-15-fighter-with-1293-pieces\/"},"modified":"2023-06-26T09:51:54","modified_gmt":"2023-06-26T02:51:54","slug":"forange-fc6106-j-15-fighter-with-1293-pieces","status":"publish","type":"product","link":"https:\/\/mouldking.store\/hu\/shop\/forange-fc6106-j-15-fighter-with-1293-pieces\/","title":{"rendered":"Forange FC6106 J-15 Fighter with 1293 Pieces"},"content":{"rendered":"<div>\u2705 Forange FC6106 J-15 Fighter<br \/>&nbsp;<br \/>\u2705The J-15, also known as the Flying Shark, is a carrier-based fighter aircraft developed by China. It is designed for operations from China&#8217;s aircraft carriers, including the Liaoning (Type 001) and the Shandong (Type 001A).<br \/>&nbsp;<br \/>\ud83d\udeab FONTOS!&nbsp;<br \/>&nbsp;<br \/>Product Name: J-15 Fighter<br \/>&nbsp;<br \/>Kateg\u00f3ria: Katonai<br \/>&nbsp;<br \/>This Kit Contains:&nbsp; Forange FC6106<br \/>&nbsp;<br \/>1293 pcs Good Quality Bricks&nbsp;<br \/>&nbsp;<br \/>K\u00e9zi utas\u00edt\u00e1sok&nbsp;<br \/>&nbsp;<br \/>\ud83d\udcccA f\u0151szerepl\u0151 term\u00e9szete&nbsp;<br \/>&nbsp;<br \/>Introducing our proud collection named \u201cJ-15 Fighter\u201d you should not miss.&nbsp;<br \/>&nbsp;<br \/>The J-15 is specifically designed for carrier-based operations. It features reinforced landing gear, folding wings, and a tailhook for arrested landings on aircraft carriers. The J-15 is largely based on the Russian Su-33 carrier-based fighter. China acquired a Su-33 prototype from Ukraine in the 1990s and reverse-engineered it to develop the J-15. The J-15 is a multirole fighter capable of air-to-air combat and air-to-surface strikes. It carries a variety of weapons, including air-to-air missiles, anti-ship missiles, and precision-guided munitions.<\/div>","protected":false},"excerpt":{"rendered":"<p>M\u00e1rka: Forange<br \/>\nNem: Uniszex<br \/>\nKoroszt\u00e1ly: &gt; 6 \u00e9v<br \/>\nModel Number: FC6106<br \/>\nBesorol\u00e1s: \u00d6sszeszerel\u00e9s<br \/>\nM\u0171anyag blokk forma: \u00f6nz\u00e1r\u00f3 t\u00e9gla<br \/>\nAnyaga: M\u0171anyag<br \/>\nM\u0171anyag t\u00edpus: ABS<br \/>\nBricks Blocks: 1293 +<br \/>\nEredeti doboza nincs<\/p>","protected":false},"featured_media":47006,"comment_status":"open","ping_status":"closed","template":"","meta":{"_acf_changed":false},"product_cat":[1350,1357,372,364],"product_tag":[11101,7374,12137,374,389],"class_list":["product","first","instock","shipping-taxable","purchasable","product-type-simple"],"acf":[],"_links":{"self":[{"href":"https:\/\/mouldking.store\/hu\/wp-json\/wp\/v2\/product\/47012","targetHints":{"allow":["GET"]}}],"collection":[{"href":"https:\/\/mouldking.store\/hu\/wp-json\/wp\/v2\/product"}],"about":[{"href":"https:\/\/mouldking.store\/hu\/wp-json\/wp\/v2\/types\/product"}],"replies":[{"embeddable":true,"href":"https:\/\/mouldking.store\/hu\/wp-json\/wp\/v2\/comments?post=47012"}],"wp:featuredmedia":[{"embeddable":true,"href":"https:\/\/mouldking.store\/hu\/wp-json\/wp\/v2\/media\/47006"}],"wp:attachment":[{"href":"https:\/\/mouldking.store\/hu\/wp-json\/wp\/v2\/media?parent=47012"}],"wp:term":[{"taxonomy":"product_cat","embeddable":true,"href":"https:\/\/mouldking.store\/hu\/wp-json\/wp\/v2\/product_cat?post=47012"},{"taxonomy":"product_tag","embeddable":true,"href":"https:\/\/mouldking.store\/hu\/wp-json\/wp\/v2\/product_tag?post=47012"}],"curies":[{"name":"wp","href":"https:\/\/api.w.org\/{rel}","templated":true}]}}