{"id":47025,"date":"2023-06-26T09:53:10","date_gmt":"2023-06-26T02:53:10","guid":{"rendered":"https:\/\/mouldking.store\/shop\/forange-fc4109-j-20-fighter-with-1240-pieces\/"},"modified":"2023-06-26T09:53:10","modified_gmt":"2023-06-26T02:53:10","slug":"forange-fc4109-j-20-fighter-with-1240-pieces","status":"publish","type":"product","link":"https:\/\/mouldking.store\/hu\/shop\/forange-fc4109-j-20-fighter-with-1240-pieces\/","title":{"rendered":"Forange FC4109 J-20 FIGHTER with 1240 Pieces"},"content":{"rendered":"<div>\u2705 Forange FC4109 J-20 FIGHTER<br \/>&nbsp;<br \/>\u2705The J-20, also known as the Chengdu J-20, is a fifth-generation stealth fighter aircraft developed by China. It is the People&#8217;s Liberation Army Air Force&#8217;s (PLAAF) first operational stealth aircraft and one of the most advanced fighter jets in China&#8217;s arsenal.<br \/>&nbsp;<br \/>\ud83d\udeab FONTOS!&nbsp;<br \/>&nbsp;<br \/>Product Name: J-20 FIGHTER<br \/>&nbsp;<br \/>Kateg\u00f3ria: Katonai<br \/>&nbsp;<br \/>This Kit Contains: Forange FC4109<br \/>&nbsp;<br \/>1240 pcs Good Quality Bricks&nbsp;<br \/>&nbsp;<br \/>Size: 51 x 30.5 x 12.5 cm&nbsp;<br \/>&nbsp;<br \/>K\u00e9zi utas\u00edt\u00e1sok&nbsp;<br \/>&nbsp;<br \/>\ud83d\udcccA f\u0151szerepl\u0151 term\u00e9szete&nbsp;<br \/>&nbsp;<br \/>Introducing our proud collection named \u201cJ-20 FIGHTER\u201d you should not miss.&nbsp;<br \/>&nbsp;<br \/>The J-20 incorporates stealth technology, including a low observable design, radar-absorbent materials, and internal weapons bays. These features aim to reduce its radar signature and enhance its survivability and lethality on the battlefield. The J-20 has a large and blended wing-body design, with distinctive chines along the fuselage. This design, along with other features like the forward-swept cockpit and serpentine inlet ducts, helps to reduce its radar cross-section and improve its maneuverability.<\/div>","protected":false},"excerpt":{"rendered":"<p>M\u00e1rka: Forange<br \/>\nNem: Uniszex<br \/>\nKoroszt\u00e1ly: &gt; 6 \u00e9v<br \/>\nModel Number: FC4109<br \/>\nBesorol\u00e1s: \u00d6sszeszerel\u00e9s<br \/>\nM\u0171anyag blokk forma: \u00f6nz\u00e1r\u00f3 t\u00e9gla<br \/>\nAnyaga: M\u0171anyag<br \/>\nM\u0171anyag t\u00edpus: ABS<br \/>\nBricks Blocks: 1240 +<br \/>\nEredeti doboza nincs<\/p>","protected":false},"featured_media":47020,"comment_status":"open","ping_status":"closed","template":"","meta":{"_acf_changed":false},"product_cat":[1350,1357,372,364],"product_tag":[11101,7374,11394,374,389],"class_list":["product","first","instock","shipping-taxable","purchasable","product-type-simple"],"acf":[],"_links":{"self":[{"href":"https:\/\/mouldking.store\/hu\/wp-json\/wp\/v2\/product\/47025","targetHints":{"allow":["GET"]}}],"collection":[{"href":"https:\/\/mouldking.store\/hu\/wp-json\/wp\/v2\/product"}],"about":[{"href":"https:\/\/mouldking.store\/hu\/wp-json\/wp\/v2\/types\/product"}],"replies":[{"embeddable":true,"href":"https:\/\/mouldking.store\/hu\/wp-json\/wp\/v2\/comments?post=47025"}],"wp:featuredmedia":[{"embeddable":true,"href":"https:\/\/mouldking.store\/hu\/wp-json\/wp\/v2\/media\/47020"}],"wp:attachment":[{"href":"https:\/\/mouldking.store\/hu\/wp-json\/wp\/v2\/media?parent=47025"}],"wp:term":[{"taxonomy":"product_cat","embeddable":true,"href":"https:\/\/mouldking.store\/hu\/wp-json\/wp\/v2\/product_cat?post=47025"},{"taxonomy":"product_tag","embeddable":true,"href":"https:\/\/mouldking.store\/hu\/wp-json\/wp\/v2\/product_tag?post=47025"}],"curies":[{"name":"wp","href":"https:\/\/api.w.org\/{rel}","templated":true}]}}