{"id":47032,"date":"2023-06-26T09:53:40","date_gmt":"2023-06-26T02:53:40","guid":{"rendered":"https:\/\/mouldking.store\/shop\/forange-fc4202-003-aircraft-carrier-with-1832-pieces\/"},"modified":"2023-06-26T09:53:40","modified_gmt":"2023-06-26T02:53:40","slug":"forange-fc4202-003-aircraft-carrier-with-1832-pieces","status":"publish","type":"product","link":"https:\/\/mouldking.store\/hu\/shop\/forange-fc4202-003-aircraft-carrier-with-1832-pieces\/","title":{"rendered":"Forange FC4202 003 Aircraft Carrier with 1832 Pieces"},"content":{"rendered":"<div>\u2705 Forange FC4202 003 Aircraft Carrier<br \/>&nbsp;<br \/>\u2705The Type 003 aircraft carrier is expected to be China&#8217;s third aircraft carrier and the first to feature a flat-top deck design, similar to the aircraft carriers used by other major naval powers. It is anticipated to be larger and more capable than the previous Chinese carriers.<br \/>&nbsp;<br \/>\ud83d\udeab FONTOS!&nbsp;<br \/>&nbsp;<br \/>Product Name: 003 Aircraft Carrier<br \/>&nbsp;<br \/>Kateg\u00f3ria: Katonai&nbsp;<br \/>&nbsp;<br \/>This Kit Contains:&nbsp; Forange FC4202<br \/>&nbsp;<br \/>1832 pcs Good Quality Bricks&nbsp;<br \/>&nbsp;<br \/>Size: 68.8 \u00d7 25.5 \u00d7 27.5 cm<br \/>&nbsp;<br \/>K\u00e9zi utas\u00edt\u00e1sok&nbsp;<br \/>&nbsp;<br \/>\ud83d\udcccA f\u0151szerepl\u0151 term\u00e9szete&nbsp;<br \/>&nbsp;<br \/>Introducing our proud collection named \u201c003 Aircraft Carrier\u201d you should not miss.&nbsp;<br \/>&nbsp;<br \/>The Type 003 aircraft carrier is a significant development for the Chinese Navy as it demonstrates the country&#8217;s ongoing efforts to modernize and expand its naval capabilities. Type 003 aircraft carrier is an aircraft carrier being developed by the People&#8217;s Liberation Army Navy (PLAN) of China. It is also known by its project name &#8220;Fujian ship.&#8221;<\/div>","protected":false},"excerpt":{"rendered":"<p>M\u00e1rka: Forange<br \/>\nNem: Uniszex<br \/>\nKoroszt\u00e1ly: &gt; 6 \u00e9v<br \/>\nModel Number: FC4202<br \/>\nBesorol\u00e1s: \u00d6sszeszerel\u00e9s<br \/>\nM\u0171anyag blokk forma: \u00f6nz\u00e1r\u00f3 t\u00e9gla<br \/>\nAnyaga: M\u0171anyag<br \/>\nM\u0171anyag t\u00edpus: ABS<br \/>\nBricks Blocks: 1832 +<br \/>\nEredeti doboza nincs<\/p>","protected":false},"featured_media":47026,"comment_status":"open","ping_status":"closed","template":"","meta":{"_acf_changed":false},"product_cat":[1350,1357,372,364],"product_tag":[5271,7373,374,389],"class_list":["product","first","instock","shipping-taxable","purchasable","product-type-simple"],"acf":[],"_links":{"self":[{"href":"https:\/\/mouldking.store\/hu\/wp-json\/wp\/v2\/product\/47032","targetHints":{"allow":["GET"]}}],"collection":[{"href":"https:\/\/mouldking.store\/hu\/wp-json\/wp\/v2\/product"}],"about":[{"href":"https:\/\/mouldking.store\/hu\/wp-json\/wp\/v2\/types\/product"}],"replies":[{"embeddable":true,"href":"https:\/\/mouldking.store\/hu\/wp-json\/wp\/v2\/comments?post=47032"}],"wp:featuredmedia":[{"embeddable":true,"href":"https:\/\/mouldking.store\/hu\/wp-json\/wp\/v2\/media\/47026"}],"wp:attachment":[{"href":"https:\/\/mouldking.store\/hu\/wp-json\/wp\/v2\/media?parent=47032"}],"wp:term":[{"taxonomy":"product_cat","embeddable":true,"href":"https:\/\/mouldking.store\/hu\/wp-json\/wp\/v2\/product_cat?post=47032"},{"taxonomy":"product_tag","embeddable":true,"href":"https:\/\/mouldking.store\/hu\/wp-json\/wp\/v2\/product_tag?post=47032"}],"curies":[{"name":"wp","href":"https:\/\/api.w.org\/{rel}","templated":true}]}}