{"id":47039,"date":"2023-06-26T09:54:20","date_gmt":"2023-06-26T02:54:20","guid":{"rendered":"https:\/\/mouldking.store\/shop\/forange-fc4201-bismarck-class-battleship-with-2081-pieces\/"},"modified":"2023-06-26T09:54:20","modified_gmt":"2023-06-26T02:54:20","slug":"forange-fc4201-bismarck-class-battleship-with-2081-pieces","status":"publish","type":"product","link":"https:\/\/mouldking.store\/hu\/shop\/forange-fc4201-bismarck-class-battleship-with-2081-pieces\/","title":{"rendered":"Forange FC4201 Bismarck Class Battleship with 2081 Pieces"},"content":{"rendered":"<div>\u2705 Forange FC4201 Bismarck Class Battleship<br \/>&nbsp;<br \/>\u2705The Bismarck class battleships were a pair of German battleships built for the Kriegsmarine (German Navy) during World War II. The class consisted of two ships: the Bismarck and the Tirpitz. These battleships were among the largest and most powerful warships of their time.<br \/>&nbsp;<br \/>\ud83d\udeab FONTOS!&nbsp;<br \/>&nbsp;<br \/>Product Name: Bismarck Class Battleship<br \/>&nbsp;<br \/>Kateg\u00f3ria: Katonai<br \/>&nbsp;<br \/>This Kit Contains: Forange FC4201<br \/>&nbsp;<br \/>2081 pcs Good Quality Bricks&nbsp;<br \/>&nbsp;<br \/>Size: 75 \u00d7 11 \u00d7 18 cm<br \/>&nbsp;<br \/>K\u00e9zi utas\u00edt\u00e1sok&nbsp;<br \/>&nbsp;<br \/>\ud83d\udcccA f\u0151szerepl\u0151 term\u00e9szete&nbsp;<br \/>&nbsp;<br \/>Introducing our proud collection named \u201cBismarck Class Battleship\u201d you should not miss.&nbsp;<\/p>\n<p>The Bismarck class battleships were massive, with a length of approximately 823 feet (251 meters) and a displacement of around 50,000 to 52,600 tons. They were designed to be heavily armored and powerful. The primary armament of the Bismarck class battleships consisted of eight 15-inch (38 cm) guns housed in four turrets, two forward and two aft. These guns had a range of approximately 22 miles (35 km) and were capable of firing high-explosive or armor-piercing shells. The battleships also had numerous secondary armaments, including twelve 5.9-inch (15 cm) guns, sixteen 4.1-inch (10.5 cm) guns, and numerous anti-aircraft guns of various calibers.<\/p><\/div>","protected":false},"excerpt":{"rendered":"<p>M\u00e1rka: Forange<br \/>\nNem: Uniszex<br \/>\nKoroszt\u00e1ly: &gt; 6 \u00e9v<br \/>\nModel Number: FC4201<br \/>\nBesorol\u00e1s: \u00d6sszeszerel\u00e9s<br \/>\nM\u0171anyag blokk forma: \u00f6nz\u00e1r\u00f3 t\u00e9gla<br \/>\nAnyaga: M\u0171anyag<br \/>\nM\u0171anyag t\u00edpus: ABS<br \/>\nBricks Blocks: 2081 +<br \/>\nEredeti doboza nincs<\/p>","protected":false},"featured_media":47033,"comment_status":"open","ping_status":"closed","template":"","meta":{"_acf_changed":false},"product_cat":[1350,1357,372,364],"product_tag":[5703,9289,374,389],"class_list":["product","first","instock","shipping-taxable","purchasable","product-type-simple"],"acf":[],"_links":{"self":[{"href":"https:\/\/mouldking.store\/hu\/wp-json\/wp\/v2\/product\/47039","targetHints":{"allow":["GET"]}}],"collection":[{"href":"https:\/\/mouldking.store\/hu\/wp-json\/wp\/v2\/product"}],"about":[{"href":"https:\/\/mouldking.store\/hu\/wp-json\/wp\/v2\/types\/product"}],"replies":[{"embeddable":true,"href":"https:\/\/mouldking.store\/hu\/wp-json\/wp\/v2\/comments?post=47039"}],"wp:featuredmedia":[{"embeddable":true,"href":"https:\/\/mouldking.store\/hu\/wp-json\/wp\/v2\/media\/47033"}],"wp:attachment":[{"href":"https:\/\/mouldking.store\/hu\/wp-json\/wp\/v2\/media?parent=47039"}],"wp:term":[{"taxonomy":"product_cat","embeddable":true,"href":"https:\/\/mouldking.store\/hu\/wp-json\/wp\/v2\/product_cat?post=47039"},{"taxonomy":"product_tag","embeddable":true,"href":"https:\/\/mouldking.store\/hu\/wp-json\/wp\/v2\/product_tag?post=47039"}],"curies":[{"name":"wp","href":"https:\/\/api.w.org\/{rel}","templated":true}]}}