{"id":47053,"date":"2023-06-26T10:24:44","date_gmt":"2023-06-26T03:24:44","guid":{"rendered":"https:\/\/mouldking.store\/shop\/custom-991-1-mk-4-hulkbusers-armor-demolition-station-with-3328-pieces\/"},"modified":"2025-10-09T07:02:01","modified_gmt":"2025-10-09T00:02:01","slug":"custom-991-1-mk-4-hulkbusers-armor-demolition-station-with-3328-pieces","status":"publish","type":"product","link":"https:\/\/mouldking.store\/hu\/shop\/custom-991-1-mk-4-hulkbusers-armor-demolition-station-with-3328-pieces\/","title":{"rendered":"Custom 991-1 MK-4 Hulkbusers Armor Demolition Station with 3328 Pieces"},"content":{"rendered":"<div>\u2705 Custom 991-1 MK-4 Hulkbusers Armor Demolition Station<br \/>&nbsp;<br \/>\u2705The MK-4 Armor Demolition Station, also known as Hulkbusters, is a fictional concept in the Marvel Comics universe. The Hulkbusters are a specialized military unit or technology designed to deal with the threat posed by the Hulk, a powerful and unpredictable superhero with immense strength.<br \/>&nbsp;<br \/>\ud83d\udeab FONTOS!&nbsp;<br \/>&nbsp;<br \/>Product Name: MK-4 Hulkbusers Armor Demolition Station<br \/>&nbsp;<br \/>Kateg\u00f3ria: Alkot\u00f3&nbsp;<br \/>&nbsp;<br \/>This Kit Contains: Custom 991-1<br \/>&nbsp;<br \/>3328 pcs Good Quality Bricks&nbsp;<br \/>&nbsp;<br \/>Size: 73 \u00d7 62 \u00d7 50 cm<br \/>&nbsp;<br \/>K\u00e9zi utas\u00edt\u00e1sok&nbsp;<br \/>&nbsp;<br \/>\ud83d\udcccA f\u0151szerepl\u0151 term\u00e9szete&nbsp;<br \/>&nbsp;<br \/>Introducing our proud collection named \u201cMK-4 Hulkbusers Armor Demolition Station\u201d you should not miss.&nbsp;<br \/>&nbsp;<br \/>In the comics, various versions of the Hulkbusters have been depicted over the years. Typically, they consist of advanced armored suits, weapons, and vehicles specifically created to combat the Hulk and other similar threats. The Hulkbusters&#8217; primary objective is to neutralize or restrain the Hulk, preventing him from causing further destruction or harm.&nbsp;<\/div>","protected":false},"excerpt":{"rendered":"<p>M\u00e1rka: Custom<br \/>\nNem: Uniszex<br \/>\nKoroszt\u00e1ly: 8 \u00e9v felett<br \/>\nModel Number: 991-1<br \/>\nBesorol\u00e1s: \u00d6sszeszerel\u00e9s<br \/>\nM\u0171anyag blokk forma: \u00f6nz\u00e1r\u00f3 t\u00e9gla<br \/>\nAnyaga: M\u0171anyag<br \/>\nM\u0171anyag t\u00edpus: ABS<br \/>\nBricks Blocks: 3328 +<br \/>\nEredeti doboza nincs<\/p>","protected":false},"featured_media":47047,"comment_status":"open","ping_status":"closed","template":"","meta":{"_acf_changed":false},"product_cat":[1365,371,581,1408],"product_tag":[11148,11072,8452,12139,12114,434,2309],"class_list":["product","first","instock","shipping-taxable","purchasable","product-type-simple"],"acf":[],"_links":{"self":[{"href":"https:\/\/mouldking.store\/hu\/wp-json\/wp\/v2\/product\/47053","targetHints":{"allow":["GET"]}}],"collection":[{"href":"https:\/\/mouldking.store\/hu\/wp-json\/wp\/v2\/product"}],"about":[{"href":"https:\/\/mouldking.store\/hu\/wp-json\/wp\/v2\/types\/product"}],"replies":[{"embeddable":true,"href":"https:\/\/mouldking.store\/hu\/wp-json\/wp\/v2\/comments?post=47053"}],"wp:featuredmedia":[{"embeddable":true,"href":"https:\/\/mouldking.store\/hu\/wp-json\/wp\/v2\/media\/47047"}],"wp:attachment":[{"href":"https:\/\/mouldking.store\/hu\/wp-json\/wp\/v2\/media?parent=47053"}],"wp:term":[{"taxonomy":"product_cat","embeddable":true,"href":"https:\/\/mouldking.store\/hu\/wp-json\/wp\/v2\/product_cat?post=47053"},{"taxonomy":"product_tag","embeddable":true,"href":"https:\/\/mouldking.store\/hu\/wp-json\/wp\/v2\/product_tag?post=47053"}],"curies":[{"name":"wp","href":"https:\/\/api.w.org\/{rel}","templated":true}]}}