{"id":47066,"date":"2023-06-26T10:37:58","date_gmt":"2023-06-26T03:37:58","guid":{"rendered":"https:\/\/mouldking.store\/shop\/toptoy-tc1907-retro-desktop-toys-with-600-pieces\/"},"modified":"2023-06-26T10:37:58","modified_gmt":"2023-06-26T03:37:58","slug":"toptoy-tc1907-retro-desktop-toys-with-600-pieces","status":"publish","type":"product","link":"https:\/\/mouldking.store\/hu\/shop\/toptoy-tc1907-retro-desktop-toys-with-600-pieces\/","title":{"rendered":"TOPTOY TC1907 Retro Desktop Toys with 600 Pieces"},"content":{"rendered":"<div>\u2705 TOP TOY TC1907 Retro Desktop Toys<br \/>&nbsp;<br \/>\u2705A retro desktop refers to a vintage or nostalgic setup of a desk or workspace, typically reminiscent of an earlier era, such as the mid-20th century.&nbsp;<br \/>&nbsp;<br \/>\ud83d\udeab FONTOS!&nbsp;<br \/>&nbsp;<br \/>Product Name: Retro Desktop Toys<br \/>&nbsp;<br \/>Kateg\u00f3ria: Alkot\u00f3&nbsp;<br \/>&nbsp;<br \/>This Kit Contains: TOP TOY TC1907<br \/>&nbsp;<br \/>600 pcs Good Quality Bricks&nbsp;<br \/>&nbsp;<br \/>Size: 13.2 \u00d7 12 \u00d7 17.3 cm<br \/>&nbsp;<br \/>K\u00e9zi utas\u00edt\u00e1sok&nbsp;<br \/>&nbsp;<br \/>\ud83d\udcccA f\u0151szerepl\u0151 term\u00e9szete&nbsp;<br \/>&nbsp;<br \/>Introducing our proud collection named \u201cRetro Desktop Toys\u201d you should not miss.&nbsp;<br \/>&nbsp;<br \/>A retro desktop would aim to recreate the charm and aesthetics of a bygone era, incorporating classic office items, vintage decor, and attention to detail that evoke a sense of nostalgia and add character to the workspace.<\/div>","protected":false},"excerpt":{"rendered":"<p>Brand: TOPTOY<br \/>\nNem: Uniszex<br \/>\nKoroszt\u00e1ly: &gt; 6 \u00e9v<br \/>\nModel Number: TC1907<br \/>\nBesorol\u00e1s: \u00d6sszeszerel\u00e9s<br \/>\nM\u0171anyag blokk forma: \u00f6nz\u00e1r\u00f3 t\u00e9gla<br \/>\nAnyaga: M\u0171anyag<br \/>\nM\u0171anyag t\u00edpus: ABS<br \/>\nT\u00e9gl\u00e1k Blokkok: 600+<br \/>\nA darabok v\u00e1ltozhatnak<br \/>\nEredeti doboza nincs<\/p>","protected":false},"featured_media":47061,"comment_status":"open","ping_status":"closed","template":"","meta":{"_acf_changed":false},"product_cat":[1365,371],"product_tag":[11072,8452,12140,7457],"class_list":["product","first","instock","shipping-taxable","purchasable","product-type-simple"],"acf":[],"_links":{"self":[{"href":"https:\/\/mouldking.store\/hu\/wp-json\/wp\/v2\/product\/47066","targetHints":{"allow":["GET"]}}],"collection":[{"href":"https:\/\/mouldking.store\/hu\/wp-json\/wp\/v2\/product"}],"about":[{"href":"https:\/\/mouldking.store\/hu\/wp-json\/wp\/v2\/types\/product"}],"replies":[{"embeddable":true,"href":"https:\/\/mouldking.store\/hu\/wp-json\/wp\/v2\/comments?post=47066"}],"wp:featuredmedia":[{"embeddable":true,"href":"https:\/\/mouldking.store\/hu\/wp-json\/wp\/v2\/media\/47061"}],"wp:attachment":[{"href":"https:\/\/mouldking.store\/hu\/wp-json\/wp\/v2\/media?parent=47066"}],"wp:term":[{"taxonomy":"product_cat","embeddable":true,"href":"https:\/\/mouldking.store\/hu\/wp-json\/wp\/v2\/product_cat?post=47066"},{"taxonomy":"product_tag","embeddable":true,"href":"https:\/\/mouldking.store\/hu\/wp-json\/wp\/v2\/product_tag?post=47066"}],"curies":[{"name":"wp","href":"https:\/\/api.w.org\/{rel}","templated":true}]}}