{"id":47073,"date":"2023-06-26T10:47:46","date_gmt":"2023-06-26T03:47:46","guid":{"rendered":"https:\/\/mouldking.store\/shop\/kuyu-moxing-ky7071-plated-purple-ferrari-sp3-super-car-with-1676-pieces\/"},"modified":"2023-06-26T10:47:46","modified_gmt":"2023-06-26T03:47:46","slug":"kuyu-moxing-ky7071-plated-purple-ferrari-sp3-super-car-with-1676-pieces","status":"publish","type":"product","link":"https:\/\/mouldking.store\/hu\/shop\/kuyu-moxing-ky7071-plated-purple-ferrari-sp3-super-car-with-1676-pieces\/","title":{"rendered":"KUYU MOXING KY7071 Plated Purple Ferrari SP3 Super Car with 1676 Pieces"},"content":{"rendered":"<div>\u2705 KUYU MOXING KY7071 Plated Purple Ferrari SP3 Super Car<br \/>&nbsp;<br \/>\u2705The Ferrari SP3 is a limited-edition supercar produced by the Italian luxury sports car manufacturer, Ferrari. The SP3 is part of Ferrari&#8217;s Special Projects division, which creates exclusive and bespoke vehicles tailored to individual clients&#8217; preferences. As a result, each SP3 is a unique and custom-built machine, designed to reflect the specific desires of its owner.<br \/>&nbsp;<br \/>\ud83d\udeab FONTOS!&nbsp;<br \/>&nbsp;<br \/>Product Name: Plated Purple Ferrari SP3 Super Car<br \/>&nbsp;<br \/>Kateg\u00f3ria: M\u0171szaki<br \/>&nbsp;<br \/>This Kit Contains: KUYU MOXING KY7071<br \/>&nbsp;<br \/>1676&nbsp; pcs Good Quality Bricks&nbsp;<br \/>&nbsp;<br \/>K\u00e9zi utas\u00edt\u00e1sok&nbsp;<br \/>&nbsp;<br \/>\ud83d\udcccA f\u0151szerepl\u0151 term\u00e9szete&nbsp;<br \/>&nbsp;<br \/>Introducing our proud collection named \u201cPlated Purple Ferrari SP3 Super Car\u201d you should not miss.&nbsp;<br \/>&nbsp;<br \/>The performance of the Ferrari SP3 is expected to be exceptional, combining a powerful engine with advanced aerodynamics and cutting-edge technology. It may be equipped with a high-performance V12 engine, delivering exhilarating acceleration and top speeds. The interior of the SP3 is likely to feature luxurious materials, custom upholstery, and state-of-the-art infotainment and comfort features.&nbsp;<\/div>","protected":false},"excerpt":{"rendered":"<p>Brand: KUYU MOXING<br \/>\nNem: Uniszex<br \/>\nKoroszt\u00e1ly: &gt; 6 \u00e9v<br \/>\nModel Number: KY7071<br \/>\nBesorol\u00e1s: \u00d6sszeszerel\u00e9s<br \/>\nM\u0171anyag blokk forma: \u00f6nz\u00e1r\u00f3 t\u00e9gla<br \/>\nAnyaga: M\u0171anyag<br \/>\nM\u0171anyag t\u00edpus: ABS<br \/>\nBricks Blocks: 1676 +<br \/>\nEredeti doboza nincs<\/p>","protected":false},"featured_media":47067,"comment_status":"open","ping_status":"closed","template":"","meta":{"_acf_changed":false},"product_cat":[1360,1357,364],"product_tag":[457,1585,9220,588,389,11080],"class_list":["product","first","instock","shipping-taxable","purchasable","product-type-simple"],"acf":[],"_links":{"self":[{"href":"https:\/\/mouldking.store\/hu\/wp-json\/wp\/v2\/product\/47073","targetHints":{"allow":["GET"]}}],"collection":[{"href":"https:\/\/mouldking.store\/hu\/wp-json\/wp\/v2\/product"}],"about":[{"href":"https:\/\/mouldking.store\/hu\/wp-json\/wp\/v2\/types\/product"}],"replies":[{"embeddable":true,"href":"https:\/\/mouldking.store\/hu\/wp-json\/wp\/v2\/comments?post=47073"}],"wp:featuredmedia":[{"embeddable":true,"href":"https:\/\/mouldking.store\/hu\/wp-json\/wp\/v2\/media\/47067"}],"wp:attachment":[{"href":"https:\/\/mouldking.store\/hu\/wp-json\/wp\/v2\/media?parent=47073"}],"wp:term":[{"taxonomy":"product_cat","embeddable":true,"href":"https:\/\/mouldking.store\/hu\/wp-json\/wp\/v2\/product_cat?post=47073"},{"taxonomy":"product_tag","embeddable":true,"href":"https:\/\/mouldking.store\/hu\/wp-json\/wp\/v2\/product_tag?post=47073"}],"curies":[{"name":"wp","href":"https:\/\/api.w.org\/{rel}","templated":true}]}}