{"id":47087,"date":"2023-06-26T11:03:11","date_gmt":"2023-06-26T04:03:11","guid":{"rendered":"https:\/\/mouldking.store\/shop\/jiestar-58010-motor-mercedes-benz-amg-c63-dtm-sports-car-with-2489-pieces\/"},"modified":"2023-06-26T11:03:11","modified_gmt":"2023-06-26T04:03:11","slug":"jiestar-58010-motor-mercedes-benz-amg-c63-dtm-sports-car-with-2489-pieces","status":"publish","type":"product","link":"https:\/\/mouldking.store\/hu\/shop\/jiestar-58010-motor-mercedes-benz-amg-c63-dtm-sports-car-with-2489-pieces\/","title":{"rendered":"JIESTAR 58010 Motor Mercedes-Benz AMG C63 DTM Sports Car with 2489 Pieces"},"content":{"rendered":"<div>\u2705JIESTAR 58010 Motor Mercedes-Benz AMG C63 DTM Sports Car<br \/>&nbsp;<br \/>\u2705The Mercedes-Benz AMG C63 DTM (Deutsche Tourenwagen Masters) is a high-performance sports car based on the Mercedes-Benz C-Class sedan. It is specifically designed for racing in the DTM championship, which is a touring car racing series held primarily in Germany.<br \/>&nbsp;<br \/>\ud83d\udeab FONTOS!&nbsp;<br \/>&nbsp;<br \/>Product Name: Motor Mercedes-Benz AMG C63 DTM Sports Car<br \/>&nbsp;<br \/>Kateg\u00f3ria: M\u0171szaki&nbsp;<br \/>&nbsp;<br \/>This Kit Contains: JIESTAR 58010<br \/>&nbsp;<br \/>2489 pcs Good Quality Bricks&nbsp;<br \/>&nbsp;<br \/>Size: 50 \u00d7 20 \u00d7 14.5 cm<br \/>&nbsp;<br \/>K\u00e9zi utas\u00edt\u00e1sok&nbsp;<br \/>&nbsp;<br \/>\ud83d\udcccA f\u0151szerepl\u0151 term\u00e9szete&nbsp;<br \/>&nbsp;<br \/>Introducing our proud collection named \u201cMotor Mercedes-Benz AMG C63 DTM Sports Car\u201d you should not miss.&nbsp;<br \/>&nbsp;<br \/>The AMG C63 DTM is built to meet the strict regulations of the DTM series, which require a specific set of performance and technical specifications. These regulations dictate the car&#8217;s weight, aerodynamics, engine output, safety features, and other aspects to ensure a competitive and level playing field for all participants. The exterior of the AMG C63 DTM features aggressive and aerodynamic bodywork, including a large rear wing, a prominent front splitter, widened fenders, and other enhancements to improve downforce and airflow management. The car&#8217;s appearance often incorporates the branding and livery of the team or sponsor that it represents.<\/div>","protected":false},"excerpt":{"rendered":"<p>M\u00e1rka: JIESTAR<br \/>\nNem: Uniszex<br \/>\nKoroszt\u00e1ly: 8 \u00e9v felett<br \/>\nModel Number: 58010<br \/>\nBesorol\u00e1s: \u00d6sszeszerel\u00e9s<br \/>\nM\u0171anyag blokk forma: \u00f6nz\u00e1r\u00f3 t\u00e9gla<br \/>\nAnyaga: M\u0171anyag<br \/>\nM\u0171anyag t\u00edpus: ABS<br \/>\nBricks Blocks: 2489 +<br \/>\nEredeti doboza nincs<\/p>","protected":false},"featured_media":47081,"comment_status":"open","ping_status":"closed","template":"","meta":{"_acf_changed":false},"product_cat":[1360,1357,364],"product_tag":[1456,12141,457,11275,11150,11071,389,11080],"class_list":["product","first","instock","shipping-taxable","purchasable","product-type-simple"],"acf":[],"_links":{"self":[{"href":"https:\/\/mouldking.store\/hu\/wp-json\/wp\/v2\/product\/47087","targetHints":{"allow":["GET"]}}],"collection":[{"href":"https:\/\/mouldking.store\/hu\/wp-json\/wp\/v2\/product"}],"about":[{"href":"https:\/\/mouldking.store\/hu\/wp-json\/wp\/v2\/types\/product"}],"replies":[{"embeddable":true,"href":"https:\/\/mouldking.store\/hu\/wp-json\/wp\/v2\/comments?post=47087"}],"wp:featuredmedia":[{"embeddable":true,"href":"https:\/\/mouldking.store\/hu\/wp-json\/wp\/v2\/media\/47081"}],"wp:attachment":[{"href":"https:\/\/mouldking.store\/hu\/wp-json\/wp\/v2\/media?parent=47087"}],"wp:term":[{"taxonomy":"product_cat","embeddable":true,"href":"https:\/\/mouldking.store\/hu\/wp-json\/wp\/v2\/product_cat?post=47087"},{"taxonomy":"product_tag","embeddable":true,"href":"https:\/\/mouldking.store\/hu\/wp-json\/wp\/v2\/product_tag?post=47087"}],"curies":[{"name":"wp","href":"https:\/\/api.w.org\/{rel}","templated":true}]}}