{"id":47098,"date":"2023-06-26T11:11:38","date_gmt":"2023-06-26T04:11:38","guid":{"rendered":"https:\/\/mouldking.store\/shop\/dk-5008-eva-01-motorcycle-with-998-pieces\/"},"modified":"2023-06-26T11:11:38","modified_gmt":"2023-06-26T04:11:38","slug":"dk-5008-eva-01-motorcycle-with-998-pieces","status":"publish","type":"product","link":"https:\/\/mouldking.store\/hu\/shop\/dk-5008-eva-01-motorcycle-with-998-pieces\/","title":{"rendered":"DK 5008 EVA-01 Motorker\u00e9kp\u00e1r 998 darabbal"},"content":{"rendered":"<div>\u2705 DK 5008 EVA-01 Motorcycle<br \/>&nbsp;<br \/>\u2705EVO-01 Motorcycle (EVO-01 Motorcycle) belongs to the Technic theme series of building block sets, and the whole set contains 998 building block particles. First release in 2023.<br \/>&nbsp;<br \/>\ud83d\udeab FONTOS!&nbsp;<br \/>&nbsp;<br \/>Product Name: EVA-01 Motorcycle<br \/>&nbsp;<br \/>Kateg\u00f3ria: M\u0171szaki<br \/>&nbsp;<br \/>This Kit Contains: DK 5008<br \/>&nbsp;<br \/>998 pcs Good Quality Bricks&nbsp;<br \/>&nbsp;<br \/>Size: 35 x 12 x 22 cm&nbsp;<br \/>&nbsp;<br \/>K\u00e9zi utas\u00edt\u00e1sok&nbsp;<br \/>&nbsp;<br \/>\ud83d\udcccA f\u0151szerepl\u0151 term\u00e9szete&nbsp;<br \/>&nbsp;<br \/>Introducing our proud collection named \u201cEVA-01 Motorcycle\u201d you should not miss.&nbsp;<br \/>&nbsp;<br \/>The EVO-01 Motorcycle set focused on constructing a motorcycle model using building blocks. Building block sets offer an engaging and creative experience for builders. They typically come with instructions that guide users through the construction process, allowing them to assemble the model piece by piece. These sets promote spatial awareness, problem-solving skills, and imaginative play.<\/div>","protected":false},"excerpt":{"rendered":"<p>M\u00e1rka: DK<br \/>\nNem: Uniszex<br \/>\nKoroszt\u00e1ly: &gt; 6 \u00e9v<br \/>\nModel Number: 5008<br \/>\nBesorol\u00e1s: \u00d6sszeszerel\u00e9s<br \/>\nM\u0171anyag blokk forma: \u00f6nz\u00e1r\u00f3 t\u00e9gla<br \/>\nAnyaga: M\u0171anyag<br \/>\nM\u0171anyag t\u00edpus: ABS<br \/>\nBricks Blocks: 998 +<br \/>\nEredeti doboza nincs<\/p>","protected":false},"featured_media":47088,"comment_status":"open","ping_status":"closed","template":"","meta":{"_acf_changed":false},"product_cat":[1357,364],"product_tag":[12142,2449,389,11080],"class_list":["product","first","instock","shipping-taxable","purchasable","product-type-simple"],"acf":[],"_links":{"self":[{"href":"https:\/\/mouldking.store\/hu\/wp-json\/wp\/v2\/product\/47098","targetHints":{"allow":["GET"]}}],"collection":[{"href":"https:\/\/mouldking.store\/hu\/wp-json\/wp\/v2\/product"}],"about":[{"href":"https:\/\/mouldking.store\/hu\/wp-json\/wp\/v2\/types\/product"}],"replies":[{"embeddable":true,"href":"https:\/\/mouldking.store\/hu\/wp-json\/wp\/v2\/comments?post=47098"}],"wp:featuredmedia":[{"embeddable":true,"href":"https:\/\/mouldking.store\/hu\/wp-json\/wp\/v2\/media\/47088"}],"wp:attachment":[{"href":"https:\/\/mouldking.store\/hu\/wp-json\/wp\/v2\/media?parent=47098"}],"wp:term":[{"taxonomy":"product_cat","embeddable":true,"href":"https:\/\/mouldking.store\/hu\/wp-json\/wp\/v2\/product_cat?post=47098"},{"taxonomy":"product_tag","embeddable":true,"href":"https:\/\/mouldking.store\/hu\/wp-json\/wp\/v2\/product_tag?post=47098"}],"curies":[{"name":"wp","href":"https:\/\/api.w.org\/{rel}","templated":true}]}}