{"id":47107,"date":"2023-06-26T11:18:49","date_gmt":"2023-06-26T04:18:49","guid":{"rendered":"https:\/\/mouldking.store\/shop\/yourbricks-20011-shockwave-with-530-pieces\/"},"modified":"2023-06-26T11:18:49","modified_gmt":"2023-06-26T04:18:49","slug":"yourbricks-20011-shockwave-with-530-pieces","status":"publish","type":"product","link":"https:\/\/mouldking.store\/hu\/shop\/yourbricks-20011-shockwave-with-530-pieces\/","title":{"rendered":"YOURBRICKS 20011 Shockwave with 530 Pieces"},"content":{"rendered":"<div>\u2705 YOURBRICKS 20011 Shockwave<br \/>&nbsp;<br \/>\u2705In the Transformers franchise, Shockwave is a prominent character who is often depicted as a loyal and formidable member of the Decepticons, the antagonistic faction of sentient robots.<br \/>&nbsp;<br \/>\ud83d\udeab FONTOS!&nbsp;<br \/>&nbsp;<br \/>Product Name: Shockwave<br \/>&nbsp;<br \/>Kateg\u00f3ria: Alkot\u00f3&nbsp;<br \/>&nbsp;<br \/>This Kit Contains:&nbsp; YOURBRICKS 20011<br \/>&nbsp;<br \/>530 pcs Good Quality Bricks&nbsp;<br \/>&nbsp;<br \/>Size: 27cm<br \/>&nbsp;<br \/>K\u00e9zi utas\u00edt\u00e1sok&nbsp;<br \/>&nbsp;<br \/>\ud83d\udcccA f\u0151szerepl\u0151 term\u00e9szete&nbsp;<br \/>&nbsp;<br \/>Introducing our proud collection named \u201cShockwave\u201d you should not miss.&nbsp;<br \/>&nbsp;<br \/>Shockwave is typically portrayed as a large, one-eyed robot with a distinct, cyclopean visor. He has a predominantly purple color scheme and a sleek, mechanical design. His body is often characterized by angular shapes and powerful, imposing stature. Shockwave is known for his cold, calculating nature and unwavering loyalty to the Decepticon cause. He is often portrayed as highly intelligent, logical, and strategic, serving as one of the Decepticons&#8217; key scientists and military commanders. Shockwave is typically depicted as a master of logic and efficiency, prioritizing logical decisions over emotional responses.<\/div>","protected":false},"excerpt":{"rendered":"<p>Brand: YOURBRICKS<br \/>\nNem: Uniszex<br \/>\nKoroszt\u00e1ly: &gt; 6 \u00e9v<br \/>\nModel Number: 20011<br \/>\nBesorol\u00e1s: \u00d6sszeszerel\u00e9s<br \/>\nM\u0171anyag blokk forma: \u00f6nz\u00e1r\u00f3 t\u00e9gla<br \/>\nAnyaga: M\u0171anyag<br \/>\nM\u0171anyag t\u00edpus: ABS<br \/>\nBricks Blocks: 530 +<br \/>\nEredeti doboza nincs<\/p>","protected":false},"featured_media":47099,"comment_status":"open","ping_status":"closed","template":"","meta":{"_acf_changed":false},"product_cat":[1365,371],"product_tag":[11072,8452,590,12143,6795],"class_list":["product","first","instock","shipping-taxable","purchasable","product-type-simple"],"acf":[],"_links":{"self":[{"href":"https:\/\/mouldking.store\/hu\/wp-json\/wp\/v2\/product\/47107","targetHints":{"allow":["GET"]}}],"collection":[{"href":"https:\/\/mouldking.store\/hu\/wp-json\/wp\/v2\/product"}],"about":[{"href":"https:\/\/mouldking.store\/hu\/wp-json\/wp\/v2\/types\/product"}],"replies":[{"embeddable":true,"href":"https:\/\/mouldking.store\/hu\/wp-json\/wp\/v2\/comments?post=47107"}],"wp:featuredmedia":[{"embeddable":true,"href":"https:\/\/mouldking.store\/hu\/wp-json\/wp\/v2\/media\/47099"}],"wp:attachment":[{"href":"https:\/\/mouldking.store\/hu\/wp-json\/wp\/v2\/media?parent=47107"}],"wp:term":[{"taxonomy":"product_cat","embeddable":true,"href":"https:\/\/mouldking.store\/hu\/wp-json\/wp\/v2\/product_cat?post=47107"},{"taxonomy":"product_tag","embeddable":true,"href":"https:\/\/mouldking.store\/hu\/wp-json\/wp\/v2\/product_tag?post=47107"}],"curies":[{"name":"wp","href":"https:\/\/api.w.org\/{rel}","templated":true}]}}