{"id":47113,"date":"2023-06-26T11:26:05","date_gmt":"2023-06-26T04:26:05","guid":{"rendered":"https:\/\/mouldking.store\/shop\/panlosbrick-672106-rapid-with-2426-pieces\/"},"modified":"2023-06-26T11:26:05","modified_gmt":"2023-06-26T04:26:05","slug":"panlosbrick-672106-rapid-with-2426-pieces","status":"publish","type":"product","link":"https:\/\/mouldking.store\/hu\/shop\/panlosbrick-672106-rapid-with-2426-pieces\/","title":{"rendered":"PANLOSBRICK 672106 Rapid with 2426 Pieces"},"content":{"rendered":"<div>\u2705 PANLOS 672106 Rapid<br \/>&nbsp;<br \/>\u2705PANLOS 672106 Rapid Motorcycle would be a construction toy set focused on building a motorcycle model using building blocks. It includes various pieces and components to assemble the motorcycle, such as wheels, a frame, bodywork, and other details.<br \/>&nbsp;<br \/>\ud83d\udeab FONTOS!&nbsp;<br \/>&nbsp;<br \/>Product Name: Rapid<br \/>&nbsp;<br \/>Kateg\u00f3ria: M\u0171szaki&nbsp;<br \/>&nbsp;<br \/>This Kit Contains: PANLOS 672106&nbsp;<br \/>&nbsp;<br \/>2426 pcs Good Quality Bricks&nbsp;<br \/>&nbsp;<br \/>Size: 54 \u00d7 18 \u00d7 27 cm<br \/>&nbsp;<br \/>K\u00e9zi utas\u00edt\u00e1sok&nbsp;<br \/>&nbsp;<br \/>\ud83d\udcccA f\u0151szerepl\u0151 term\u00e9szete&nbsp;<br \/>&nbsp;<br \/>Introducing our proud collection named \u201cRapid\u201d you should not miss.&nbsp;<br \/>&nbsp;<br \/>Building block sets like this often come with instructions that guide users through the construction process, allowing them to follow step-by-step guidelines to build the model. These sets encourage creativity, problem-solving skills, and fine motor skills as builders assemble the pieces and create their own motorcycle designs.<\/div>","protected":false},"excerpt":{"rendered":"<p>M\u00e1rka: PANLOSBRICK<br \/>\nNem: Uniszex<br \/>\nKoroszt\u00e1ly: &gt; 6 \u00e9v<br \/>\nModel Number: 672106<br \/>\nBesorol\u00e1s: \u00d6sszeszerel\u00e9s<br \/>\nM\u0171anyag blokk forma: \u00f6nz\u00e1r\u00f3 t\u00e9gla<br \/>\nAnyaga: M\u0171anyag<br \/>\nM\u0171anyag t\u00edpus: ABS<br \/>\nBricks Blocks: 2426 +<br \/>\nEredeti doboza nincs<\/p>","protected":false},"featured_media":47108,"comment_status":"open","ping_status":"closed","template":"","meta":{"_acf_changed":false},"product_cat":[1357,364],"product_tag":[2449,12144,389,11080],"class_list":["product","first","instock","shipping-taxable","purchasable","product-type-simple"],"acf":[],"_links":{"self":[{"href":"https:\/\/mouldking.store\/hu\/wp-json\/wp\/v2\/product\/47113","targetHints":{"allow":["GET"]}}],"collection":[{"href":"https:\/\/mouldking.store\/hu\/wp-json\/wp\/v2\/product"}],"about":[{"href":"https:\/\/mouldking.store\/hu\/wp-json\/wp\/v2\/types\/product"}],"replies":[{"embeddable":true,"href":"https:\/\/mouldking.store\/hu\/wp-json\/wp\/v2\/comments?post=47113"}],"wp:featuredmedia":[{"embeddable":true,"href":"https:\/\/mouldking.store\/hu\/wp-json\/wp\/v2\/media\/47108"}],"wp:attachment":[{"href":"https:\/\/mouldking.store\/hu\/wp-json\/wp\/v2\/media?parent=47113"}],"wp:term":[{"taxonomy":"product_cat","embeddable":true,"href":"https:\/\/mouldking.store\/hu\/wp-json\/wp\/v2\/product_cat?post=47113"},{"taxonomy":"product_tag","embeddable":true,"href":"https:\/\/mouldking.store\/hu\/wp-json\/wp\/v2\/product_tag?post=47113"}],"curies":[{"name":"wp","href":"https:\/\/api.w.org\/{rel}","templated":true}]}}