{"id":47141,"date":"2023-06-26T11:53:14","date_gmt":"2023-06-26T04:53:14","guid":{"rendered":"https:\/\/mouldking.store\/shop\/zhegao-00381-telescope-with-649-pieces\/"},"modified":"2023-06-26T11:53:14","modified_gmt":"2023-06-26T04:53:14","slug":"zhegao-00381-telescope-with-649-pieces","status":"publish","type":"product","link":"https:\/\/mouldking.store\/hu\/shop\/zhegao-00381-telescope-with-649-pieces\/","title":{"rendered":"ZHEGAO 00381 Telescope with 649 Pieces"},"content":{"rendered":"<div>\u2705 ZheGao 00381 Telescope&nbsp;<br \/>&nbsp;<br \/>\u2705A telescope is an optical instrument used to observe distant objects in space. It collects and focuses light, allowing astronomers and enthusiasts to study celestial bodies such as stars, planets, galaxies, and nebulae. Telescopes can also be used for terrestrial observations, such as birdwatching or surveillance.<br \/>&nbsp;<br \/>\ud83d\udeab FONTOS!&nbsp;<br \/>&nbsp;<br \/>Product Name: Telescope&nbsp;<br \/>&nbsp;<br \/>Kateg\u00f3ria: Alkot\u00f3&nbsp;<br \/>&nbsp;<br \/>This Kit Contains:&nbsp; ZheGao 00381<br \/>&nbsp;<br \/>649 pcs Good Quality Bricks&nbsp;<br \/>&nbsp;<br \/>Size: 18.8 \u00d7 16.9 \u00d7 23.8 cm<br \/>&nbsp;<br \/>K\u00e9zi utas\u00edt\u00e1sok&nbsp;<br \/>&nbsp;<br \/>\ud83d\udcccA f\u0151szerepl\u0151 term\u00e9szete&nbsp;<br \/>&nbsp;<br \/>Introducing our proud collection named \u201cTelescope \u201d you should not miss.&nbsp;<br \/>&nbsp;<br \/>The primary component of a telescope is the objective, which gathers and focuses incoming light. Refracting telescopes use a convex lens as the objective, while reflecting telescopes use a concave mirror. The eyepiece is responsible for magnifying the focused image produced by the objective. It determines the final magnification and provides a means for the observer to view the image. Telescopes are often mounted on a tripod or an equatorial mount, which allows for easy movement and tracking of celestial objects as the Earth rotates.<\/div>","protected":false},"excerpt":{"rendered":"<p>M\u00e1rka: ZHEGAO<br \/>\nNem: Uniszex<br \/>\nKoroszt\u00e1ly: &gt; 6 \u00e9v<br \/>\nModel Number: 00381<br \/>\nBesorol\u00e1s: \u00d6sszeszerel\u00e9s<br \/>\nM\u0171anyag blokk forma: \u00f6nz\u00e1r\u00f3 t\u00e9gla<br \/>\nAnyaga: M\u0171anyag<br \/>\nM\u0171anyag t\u00edpus: ABS<br \/>\nBricks Blocks: 649 +<br \/>\nEredeti doboza nincs<\/p>","protected":false},"featured_media":47135,"comment_status":"open","ping_status":"closed","template":"","meta":{"_acf_changed":false},"product_cat":[1365,371],"product_tag":[11072,8452,8155],"class_list":["product","first","instock","shipping-taxable","purchasable","product-type-simple"],"acf":[],"_links":{"self":[{"href":"https:\/\/mouldking.store\/hu\/wp-json\/wp\/v2\/product\/47141","targetHints":{"allow":["GET"]}}],"collection":[{"href":"https:\/\/mouldking.store\/hu\/wp-json\/wp\/v2\/product"}],"about":[{"href":"https:\/\/mouldking.store\/hu\/wp-json\/wp\/v2\/types\/product"}],"replies":[{"embeddable":true,"href":"https:\/\/mouldking.store\/hu\/wp-json\/wp\/v2\/comments?post=47141"}],"wp:featuredmedia":[{"embeddable":true,"href":"https:\/\/mouldking.store\/hu\/wp-json\/wp\/v2\/media\/47135"}],"wp:attachment":[{"href":"https:\/\/mouldking.store\/hu\/wp-json\/wp\/v2\/media?parent=47141"}],"wp:term":[{"taxonomy":"product_cat","embeddable":true,"href":"https:\/\/mouldking.store\/hu\/wp-json\/wp\/v2\/product_cat?post=47141"},{"taxonomy":"product_tag","embeddable":true,"href":"https:\/\/mouldking.store\/hu\/wp-json\/wp\/v2\/product_tag?post=47141"}],"curies":[{"name":"wp","href":"https:\/\/api.w.org\/{rel}","templated":true}]}}