{"id":47147,"date":"2023-06-26T11:58:34","date_gmt":"2023-06-26T04:58:34","guid":{"rendered":"https:\/\/mouldking.store\/shop\/zhegao-00425-microscope-with-light-with-545-pieces\/"},"modified":"2023-06-26T11:58:34","modified_gmt":"2023-06-26T04:58:34","slug":"zhegao-00425-microscope-with-light-with-545-pieces","status":"publish","type":"product","link":"https:\/\/mouldking.store\/hu\/shop\/zhegao-00425-microscope-with-light-with-545-pieces\/","title":{"rendered":"ZHEGAO 00425 Microscope With Light with 545 Pieces"},"content":{"rendered":"<div>\u2705 ZheGao 00425 Microscope With Light<br \/>&nbsp;<br \/>\u2705A microscope is a scientific instrument used to observe and magnify tiny objects that are not visible to the naked eye. It utilizes various optical techniques to enhance the resolution and detail of the object being observed. Microscopes are essential tools in fields such as biology, medicine, materials science, and research.<br \/>&nbsp;<br \/>\ud83d\udeab FONTOS!&nbsp;<br \/>&nbsp;<br \/>Product Name: Microscope With Light<br \/>&nbsp;<br \/>Kateg\u00f3ria: Alkot\u00f3&nbsp;<br \/>&nbsp;<br \/>This Kit Contains: ZheGao 00425<br \/>&nbsp;<br \/>545 pcs Good Quality Bricks&nbsp;<br \/>&nbsp;<br \/>K\u00e9zi utas\u00edt\u00e1sok&nbsp;<br \/>&nbsp;<br \/>\ud83d\udcccA f\u0151szerepl\u0151 term\u00e9szete&nbsp;<br \/>&nbsp;<br \/>Introducing our proud collection named \u201cMicroscope With Light\u201d you should not miss.&nbsp;<br \/>&nbsp;<br \/>&nbsp;The objective lens is the primary component that gathers and magnifies light from the specimen. It is usually a combination of lenses designed to provide different levels of magnification and resolution. The eyepiece, also known as the ocular lens, is located at the top of the microscope and provides further magnification to the image formed by the objective lens. It is the part through which the viewer observes the specimen. Microscopes employ various methods to illuminate the specimen. In most modern microscopes, this is achieved through built-in LED lights or halogen bulbs located under the stage or above the objective lens. This illumination helps in enhancing the contrast and visibility of the specimen.<\/div>","protected":false},"excerpt":{"rendered":"<p>M\u00e1rka: ZHEGAO<br \/>\nNem: Uniszex<br \/>\nKoroszt\u00e1ly: &gt; 6 \u00e9v<br \/>\nModel Number: 00425<br \/>\nBesorol\u00e1s: \u00d6sszeszerel\u00e9s<br \/>\nM\u0171anyag blokk forma: \u00f6nz\u00e1r\u00f3 t\u00e9gla<br \/>\nAnyaga: M\u0171anyag<br \/>\nM\u0171anyag t\u00edpus: ABS<br \/>\nBricks Blocks: 545 +<br \/>\nEredeti doboza nincs<\/p>","protected":false},"featured_media":47142,"comment_status":"open","ping_status":"closed","template":"","meta":{"_acf_changed":false},"product_cat":[1365,371],"product_tag":[11072,8452,12147],"class_list":["product","first","instock","shipping-taxable","purchasable","product-type-simple"],"acf":[],"_links":{"self":[{"href":"https:\/\/mouldking.store\/hu\/wp-json\/wp\/v2\/product\/47147","targetHints":{"allow":["GET"]}}],"collection":[{"href":"https:\/\/mouldking.store\/hu\/wp-json\/wp\/v2\/product"}],"about":[{"href":"https:\/\/mouldking.store\/hu\/wp-json\/wp\/v2\/types\/product"}],"replies":[{"embeddable":true,"href":"https:\/\/mouldking.store\/hu\/wp-json\/wp\/v2\/comments?post=47147"}],"wp:featuredmedia":[{"embeddable":true,"href":"https:\/\/mouldking.store\/hu\/wp-json\/wp\/v2\/media\/47142"}],"wp:attachment":[{"href":"https:\/\/mouldking.store\/hu\/wp-json\/wp\/v2\/media?parent=47147"}],"wp:term":[{"taxonomy":"product_cat","embeddable":true,"href":"https:\/\/mouldking.store\/hu\/wp-json\/wp\/v2\/product_cat?post=47147"},{"taxonomy":"product_tag","embeddable":true,"href":"https:\/\/mouldking.store\/hu\/wp-json\/wp\/v2\/product_tag?post=47147"}],"curies":[{"name":"wp","href":"https:\/\/api.w.org\/{rel}","templated":true}]}}