{"id":47287,"date":"2023-06-26T19:00:00","date_gmt":"2023-06-26T12:00:00","guid":{"rendered":"https:\/\/mouldking.store\/shop\/moc-factory-89332-garten-of-banban-mr-kabob-man-with-66-pieces\/"},"modified":"2025-12-16T22:24:53","modified_gmt":"2025-12-16T15:24:53","slug":"moc-factory-89332-garten-of-banban-mr-kabob-man-with-66-pieces","status":"publish","type":"product","link":"https:\/\/mouldking.store\/hu\/shop\/moc-factory-89332-garten-of-banban-mr-kabob-man-with-66-pieces\/","title":{"rendered":"MOC Factory 89332 Garten of Banban Mr. Kabob Man with 66 Pieces"},"content":{"rendered":"<div>\u2705 MOC-89332 Garten of Banban Mr. Kabob Man<\/p>\n<p>\u2705Mr. Kabob Man is a metallic, mannequin-like figure with cross eyes, two metal bars for arms, and two wheels as support. There are ropes that help support Mr. Kabob Man as well. It is supposed to mimic Banban as you put Banban&#8217;s party hats on it.<\/p>\n<p>\ud83d\udeab FONTOS!<\/p>\n<p>Product Name: Garten of Banban Mr. Kabob Man<\/p>\n<p>Kateg\u00f3ria: Film<\/p>\n<p>This Kit Contains: C9595Y01<\/p>\n<p>66 pcs Good Quality Bricks<\/p>\n<p>Size: 11.7 x 2.6 x 17.7 cm<\/p>\n<p>S\u00faly: 0,04 kg<\/p>\n<p>PDF \u00datmutat\u00f3<\/p>\n<p>\ud83d\udcccA f\u0151szerepl\u0151 term\u00e9szete<\/p>\n<p>Introducing our proud collection named \u201cGarten of Banban Mr. Kabob Man\u201d you should not miss.<\/p>\n<p>Mr. Kabob Man is a character that appears in the Garten of Banban III It appears behind a wall but is inaccessible at first. To get access to him, the Player must give him its &#8220;costume&#8221;, being 2 party hats. After giving Mr. Kabob Man its costume, it can be clicked on to drive a short bit forward and say a random quote. It also has a button attached to it that, when pressed, will cause a deep-pitched scream to play, which is used to scare a Baby Opila Chick for a mission after this.<\/p><\/div>","protected":false},"excerpt":{"rendered":"<p>M\u00e1rka: MOC Factory<br \/>\nNem: Uniszex<br \/>\nKoroszt\u00e1ly: &gt; 6 \u00e9v<br \/>\nModel Number: 89332<br \/>\nBesorol\u00e1s: \u00d6sszeszerel\u00e9s<br \/>\nM\u0171anyag blokk forma: \u00f6nz\u00e1r\u00f3 t\u00e9gla<br \/>\nAnyaga: M\u0171anyag<br \/>\nM\u0171anyag t\u00edpus: ABS<br \/>\nBricks Blocks: 66 +<br \/>\nEredeti doboza nincs<\/p>","protected":false},"featured_media":47279,"comment_status":"open","ping_status":"closed","template":"","meta":{"_acf_changed":false},"product_cat":[1365,371],"product_tag":[11475,11072,8452,9139,11474,12099,12163],"class_list":["product","first","instock","shipping-taxable","purchasable","product-type-simple"],"acf":[],"_links":{"self":[{"href":"https:\/\/mouldking.store\/hu\/wp-json\/wp\/v2\/product\/47287","targetHints":{"allow":["GET"]}}],"collection":[{"href":"https:\/\/mouldking.store\/hu\/wp-json\/wp\/v2\/product"}],"about":[{"href":"https:\/\/mouldking.store\/hu\/wp-json\/wp\/v2\/types\/product"}],"replies":[{"embeddable":true,"href":"https:\/\/mouldking.store\/hu\/wp-json\/wp\/v2\/comments?post=47287"}],"wp:featuredmedia":[{"embeddable":true,"href":"https:\/\/mouldking.store\/hu\/wp-json\/wp\/v2\/media\/47279"}],"wp:attachment":[{"href":"https:\/\/mouldking.store\/hu\/wp-json\/wp\/v2\/media?parent=47287"}],"wp:term":[{"taxonomy":"product_cat","embeddable":true,"href":"https:\/\/mouldking.store\/hu\/wp-json\/wp\/v2\/product_cat?post=47287"},{"taxonomy":"product_tag","embeddable":true,"href":"https:\/\/mouldking.store\/hu\/wp-json\/wp\/v2\/product_tag?post=47287"}],"curies":[{"name":"wp","href":"https:\/\/api.w.org\/{rel}","templated":true}]}}