{"id":47319,"date":"2023-06-28T10:53:09","date_gmt":"2023-06-28T03:53:09","guid":{"rendered":"https:\/\/mouldking.store\/shop\/cada-c66004-four-seasons-tree-house-with-1155-pieces\/"},"modified":"2023-06-28T10:53:09","modified_gmt":"2023-06-28T03:53:09","slug":"cada-c66004-four-seasons-tree-house-with-1155-pieces","status":"publish","type":"product","link":"https:\/\/mouldking.store\/hu\/shop\/cada-c66004-four-seasons-tree-house-with-1155-pieces\/","title":{"rendered":"CaDa C66004 N\u00e9gy \u00e9vszak fah\u00e1z 1155 darabbal"},"content":{"rendered":"<div>\u2705 CaDa C66004 N\u00e9gy \u00c9vszak Fah\u00e1z<br \/>&nbsp;<br \/>\u2705A CaDa C66004 Street View 4 Seasons fah\u00e1z egy modul\u00e1ris \u00e9p\u00edt\u0151elem-k\u00e9szlet, amely lehet\u0151v\u00e9 teszi egy r\u00e9szletes \u00e9s testreszabhat\u00f3 fah\u00e1zmodell meg\u00e9p\u00edt\u00e9s\u00e9t. A k\u00e9szlet k\u00f6r\u00fclbel\u00fcl 1155 \u00e9p\u00edt\u0151elemet vagy darabot tartalmaz, amelyeket a mell\u00e9kelt utas\u00edt\u00e1sok szerint \u00f6sszeszerelhetsz, vagy kreat\u00edvan elrendezhetsz saj\u00e1t, egyedi terv megalkot\u00e1s\u00e1hoz.<br \/>&nbsp;<br \/>\ud83d\udeab FONTOS!&nbsp;<br \/>&nbsp;<br \/>Term\u00e9k neve: N\u00e9gy \u00c9vszak Fah\u00e1z<br \/>&nbsp;<br \/>Kateg\u00f3ria: Alkot\u00f3&nbsp;<br \/>&nbsp;<br \/>A k\u00e9szlet tartalma: CaDa C66004&nbsp;<br \/>&nbsp;<br \/>1155 db j\u00f3 min\u0151s\u00e9g\u0171 t\u00e9gla&nbsp;<br \/>&nbsp;<br \/>M\u00e9ret: 26 \u00d7 25,6 \u00d7 12,4 cm<br \/>&nbsp;<br \/>K\u00e9zi utas\u00edt\u00e1sok&nbsp;<br \/>&nbsp;<br \/>\ud83d\udcccA f\u0151szerepl\u0151 term\u00e9szete&nbsp;<br \/>&nbsp;<br \/>Bemutatjuk b\u00fcszke kollekci\u00f3nkat, a \u201eFour Seasons Tree House\u201d-t, amelyet nem szabad kihagynia.&nbsp;<br \/>&nbsp;<br \/>A fah\u00e1z modellj\u00e9t \u00fagy tervezt\u00e9k, hogy a k\u00fcl\u00f6nb\u00f6z\u0151 \u00e9vszakokat \u00e1br\u00e1zolja, bemutatva a lombozat \u00e9s a t\u00e1j v\u00e1ltoz\u00e1sait az \u00e9v sor\u00e1n. Jellemz\u0151en k\u00fcl\u00f6nf\u00e9le elemeket tartalmaz, p\u00e9ld\u00e1ul fat\u00f6rzseket, \u00e1gakat, leveleket \u00e9s kieg\u00e9sz\u00edt\u0151ket, hogy realisztikus \u00e9s mag\u00e1val ragad\u00f3 k\u00f6rnyezetet teremtsen. A CaDa C66004-hez hasonl\u00f3 modul\u00e1ris \u00e9p\u00edt\u0151k\u00e9szletek rugalmass\u00e1got \u00e9s kreativit\u00e1st k\u00edn\u00e1lnak, lehet\u0151v\u00e9 t\u00e9ve az alkatr\u00e9szek m\u00f3dos\u00edt\u00e1s\u00e1t \u00e9s \u00e1trendez\u00e9s\u00e9t, hogy a fah\u00e1zat az \u00d6n ig\u00e9nyei szerint szabhassa testre.&nbsp;<\/div>","protected":false},"excerpt":{"rendered":"<p>M\u00e1rka: CaDa<br \/>\nNem: Uniszex<br \/>\nKoroszt\u00e1ly: 8 \u00e9v felett<br \/>\nModellsz\u00e1m: C66004<br \/>\nBesorol\u00e1s: \u00d6sszeszerel\u00e9s<br \/>\nM\u0171anyag blokk forma: \u00f6nz\u00e1r\u00f3 t\u00e9gla<br \/>\nAnyaga: M\u0171anyag<br \/>\nM\u0171anyag t\u00edpus: ABS<br \/>\nT\u00e9gl\u00e1k Blokkok: 1155 +<br \/>\nEredeti doboza nincs<\/p>","protected":false},"featured_media":47313,"comment_status":"open","ping_status":"closed","template":"","meta":{"_acf_changed":false},"product_cat":[1365,1395,371,390],"product_tag":[12164,11072,8452,2318,11099,392,12076,5983,548],"class_list":["product","first","instock","shipping-taxable","purchasable","product-type-simple"],"acf":[],"_links":{"self":[{"href":"https:\/\/mouldking.store\/hu\/wp-json\/wp\/v2\/product\/47319","targetHints":{"allow":["GET"]}}],"collection":[{"href":"https:\/\/mouldking.store\/hu\/wp-json\/wp\/v2\/product"}],"about":[{"href":"https:\/\/mouldking.store\/hu\/wp-json\/wp\/v2\/types\/product"}],"replies":[{"embeddable":true,"href":"https:\/\/mouldking.store\/hu\/wp-json\/wp\/v2\/comments?post=47319"}],"wp:featuredmedia":[{"embeddable":true,"href":"https:\/\/mouldking.store\/hu\/wp-json\/wp\/v2\/media\/47313"}],"wp:attachment":[{"href":"https:\/\/mouldking.store\/hu\/wp-json\/wp\/v2\/media?parent=47319"}],"wp:term":[{"taxonomy":"product_cat","embeddable":true,"href":"https:\/\/mouldking.store\/hu\/wp-json\/wp\/v2\/product_cat?post=47319"},{"taxonomy":"product_tag","embeddable":true,"href":"https:\/\/mouldking.store\/hu\/wp-json\/wp\/v2\/product_tag?post=47319"}],"curies":[{"name":"wp","href":"https:\/\/api.w.org\/{rel}","templated":true}]}}