{"id":47326,"date":"2023-06-28T10:53:43","date_gmt":"2023-06-28T03:53:43","guid":{"rendered":"https:\/\/mouldking.store\/shop\/panlosbrick-637009-nimitz-class-aircraft-carrier-with-1988-pieces\/"},"modified":"2023-06-28T10:53:43","modified_gmt":"2023-06-28T03:53:43","slug":"panlosbrick-637009-nimitz-class-aircraft-carrier-with-1988-pieces","status":"publish","type":"product","link":"https:\/\/mouldking.store\/hu\/shop\/panlosbrick-637009-nimitz-class-aircraft-carrier-with-1988-pieces\/","title":{"rendered":"PANLOSBRICK 637009 Nimitz-Class Aircraft Carrier with 1988 Pieces"},"content":{"rendered":"<div>\u2705 Panlos 637009 Nimitz-Class Aircraft Carrier<br \/>&nbsp;<br \/>\u2705The Nimitz-class aircraft carriers are a class of nuclear-powered supercarriers that serve as the backbone of the United States Navy&#8217;s aircraft carrier fleet. These carriers are the largest warships ever built and are named after Admiral Chester W. Nimitz, who was the commander of the U.S. Pacific Fleet during World War II.<br \/>&nbsp;<br \/>\ud83d\udeab FONTOS!&nbsp;<br \/>&nbsp;<br \/>Product Name: Nimitz-Class Aircraft Carrier<br \/>&nbsp;<br \/>Kateg\u00f3ria: Katonai<br \/>&nbsp;<br \/>This Kit Contains: Panlos 637009<br \/>&nbsp;<br \/>1988 pcs Good Quality Bricks&nbsp;<br \/>&nbsp;<br \/>Size: 61 \u00d7 19 \u00d7 19 cm<br \/>&nbsp;<br \/>K\u00e9zi utas\u00edt\u00e1sok&nbsp;<br \/>&nbsp;<br \/>\ud83d\udcccA f\u0151szerepl\u0151 term\u00e9szete&nbsp;<br \/>&nbsp;<br \/>Introducing our proud collection named \u201cNimitz-Class Aircraft Carrier\u201d you should not miss.&nbsp;<br \/>&nbsp;<br \/>The Nimitz-class carriers were designed and constructed to replace the aging Essex-class carriers. The class currently consists of ten active ships: USS Nimitz (CVN-68), USS Dwight D. Eisenhower (CVN-69), USS Carl Vinson (CVN-70), USS Theodore Roosevelt (CVN-71), USS Abraham Lincoln (CVN-72), USS George Washington (CVN-73), USS John C. Stennis (CVN-74), USS Harry S. Truman (CVN-75), USS Ronald Reagan (CVN-76), and USS George H.W. Bush (CVN-77).<\/div>","protected":false},"excerpt":{"rendered":"<p>M\u00e1rka: PANLOSBRICK<br \/>\nNem: Uniszex<br \/>\nKoroszt\u00e1ly: &gt; 6 \u00e9v<br \/>\nModel Number: 637009<br \/>\nBesorol\u00e1s: \u00d6sszeszerel\u00e9s<br \/>\nM\u0171anyag blokk forma: \u00f6nz\u00e1r\u00f3 t\u00e9gla<br \/>\nAnyaga: M\u0171anyag<br \/>\nM\u0171anyag t\u00edpus: ABS<br \/>\nBricks Blocks: 1988 +<br \/>\nEredeti doboza nincs<\/p>","protected":false},"featured_media":47320,"comment_status":"open","ping_status":"closed","template":"","meta":{"_acf_changed":false},"product_cat":[1350,1357,372,364],"product_tag":[5271,4681,7373,374,12165,12166,389],"class_list":["product","first","instock","shipping-taxable","purchasable","product-type-simple"],"acf":[],"_links":{"self":[{"href":"https:\/\/mouldking.store\/hu\/wp-json\/wp\/v2\/product\/47326","targetHints":{"allow":["GET"]}}],"collection":[{"href":"https:\/\/mouldking.store\/hu\/wp-json\/wp\/v2\/product"}],"about":[{"href":"https:\/\/mouldking.store\/hu\/wp-json\/wp\/v2\/types\/product"}],"replies":[{"embeddable":true,"href":"https:\/\/mouldking.store\/hu\/wp-json\/wp\/v2\/comments?post=47326"}],"wp:featuredmedia":[{"embeddable":true,"href":"https:\/\/mouldking.store\/hu\/wp-json\/wp\/v2\/media\/47320"}],"wp:attachment":[{"href":"https:\/\/mouldking.store\/hu\/wp-json\/wp\/v2\/media?parent=47326"}],"wp:term":[{"taxonomy":"product_cat","embeddable":true,"href":"https:\/\/mouldking.store\/hu\/wp-json\/wp\/v2\/product_cat?post=47326"},{"taxonomy":"product_tag","embeddable":true,"href":"https:\/\/mouldking.store\/hu\/wp-json\/wp\/v2\/product_tag?post=47326"}],"curies":[{"name":"wp","href":"https:\/\/api.w.org\/{rel}","templated":true}]}}