{"id":47354,"date":"2023-06-28T10:57:45","date_gmt":"2023-06-28T03:57:45","guid":{"rendered":"https:\/\/mouldking.store\/shop\/panlosbrick-632016-king-tiger-heavy-tank-with-motor-with-1974-pieces\/"},"modified":"2023-06-28T10:57:45","modified_gmt":"2023-06-28T03:57:45","slug":"panlosbrick-632016-king-tiger-heavy-tank-with-motor-with-1974-pieces","status":"publish","type":"product","link":"https:\/\/mouldking.store\/hu\/shop\/panlosbrick-632016-king-tiger-heavy-tank-with-motor-with-1974-pieces\/","title":{"rendered":"PANLOSBRICK 632016 King Tiger neh\u00e9z tank motorral, 1974 darabbal"},"content":{"rendered":"<div>\u2705 PANLOS 632016 King Tiger Heavy Tank With Motor<br \/>&nbsp;<br \/>\u2705The King Tiger, officially known as the Tiger II or Tiger B, was a heavy tank deployed by Germany during World War II. It was one of the largest and heaviest tanks to see combat in the war. The tank&#8217;s official German designation was Panzerkampfwagen Tiger Ausf. B.<br \/>&nbsp;<br \/>\ud83d\udeab FONTOS!&nbsp;<br \/>&nbsp;<br \/>Product Name: King Tiger Heavy Tank With Motor<br \/>&nbsp;<br \/>Kateg\u00f3ria: Katonai<br \/>&nbsp;<br \/>This Kit Contains: PANLOS 632016&nbsp;<br \/>&nbsp;<br \/>1974 pcs Good Quality Bricks&nbsp;<br \/>&nbsp;<br \/>Size: 36 \u00d7 13 \u00d7 14 cm<br \/>&nbsp;<br \/>K\u00e9zi utas\u00edt\u00e1sok&nbsp;<br \/>&nbsp;<br \/>\ud83d\udcccA f\u0151szerepl\u0151 term\u00e9szete&nbsp;<br \/>&nbsp;<br \/>Introducing our proud collection named \u201cKing Tiger Heavy Tank With Motor\u201d you should not miss.&nbsp;<br \/>&nbsp;<br \/>The King Tiger was developed as an improved version of its predecessor, the Tiger I. It featured thick armor and a powerful 88mm main gun, which gave it formidable firepower and protection on the battlefield. The tank&#8217;s frontal armor was exceptionally thick, making it difficult to penetrate for most Allied tanks and anti-tank weapons of the time. The King Tiger had a crew of five: a commander, gunner, loader, radio operator, and driver. It had a weight of approximately 68 tons and was powered by a V12 Maybach HL 230 P30 engine, which provided a maximum speed of around 26 miles per hour (42 kilometers per hour).<\/div>","protected":false},"excerpt":{"rendered":"<p>M\u00e1rka: PANLOSBRICK<br \/>\nNem: Uniszex<br \/>\nKoroszt\u00e1ly: &gt; 6 \u00e9v<br \/>\nModel Number: 632016<br \/>\nBesorol\u00e1s: \u00d6sszeszerel\u00e9s<br \/>\nM\u0171anyag blokk forma: \u00f6nz\u00e1r\u00f3 t\u00e9gla<br \/>\nAnyaga: M\u0171anyag<br \/>\nM\u0171anyag t\u00edpus: ABS<br \/>\nBricks Blocks: 1974 +<br \/>\nEredeti doboza nincs<\/p>","protected":false},"featured_media":47348,"comment_status":"open","ping_status":"closed","template":"","meta":{"_acf_changed":false},"product_cat":[1350,1357,371,372,390,581,6016,415,364],"product_tag":[12111,9925,374,485,389,6482],"class_list":["product","first","instock","shipping-taxable","purchasable","product-type-simple"],"acf":[],"_links":{"self":[{"href":"https:\/\/mouldking.store\/hu\/wp-json\/wp\/v2\/product\/47354","targetHints":{"allow":["GET"]}}],"collection":[{"href":"https:\/\/mouldking.store\/hu\/wp-json\/wp\/v2\/product"}],"about":[{"href":"https:\/\/mouldking.store\/hu\/wp-json\/wp\/v2\/types\/product"}],"replies":[{"embeddable":true,"href":"https:\/\/mouldking.store\/hu\/wp-json\/wp\/v2\/comments?post=47354"}],"wp:featuredmedia":[{"embeddable":true,"href":"https:\/\/mouldking.store\/hu\/wp-json\/wp\/v2\/media\/47348"}],"wp:attachment":[{"href":"https:\/\/mouldking.store\/hu\/wp-json\/wp\/v2\/media?parent=47354"}],"wp:term":[{"taxonomy":"product_cat","embeddable":true,"href":"https:\/\/mouldking.store\/hu\/wp-json\/wp\/v2\/product_cat?post=47354"},{"taxonomy":"product_tag","embeddable":true,"href":"https:\/\/mouldking.store\/hu\/wp-json\/wp\/v2\/product_tag?post=47354"}],"curies":[{"name":"wp","href":"https:\/\/api.w.org\/{rel}","templated":true}]}}