{"id":47450,"date":"2023-06-30T09:34:08","date_gmt":"2023-06-30T02:34:08","guid":{"rendered":"https:\/\/mouldking.store\/shop\/sembo-202191-j-35-fighter-with-1109-pieces\/"},"modified":"2023-06-30T09:34:08","modified_gmt":"2023-06-30T02:34:08","slug":"sembo-202191-j-35-fighter-with-1109-pieces","status":"publish","type":"product","link":"https:\/\/mouldking.store\/hu\/shop\/sembo-202191-j-35-fighter-with-1109-pieces\/","title":{"rendered":"SEMBO 202191 J-35 FIGHTER with 1109 Pieces"},"content":{"rendered":"<div>\u2705SEMBO 202191 J-35 FIGHTER<br \/>&nbsp;<br \/>\u2705J-35 FIGHTER consists of approximately 1109 bricks or pieces. Building block sets like these allow you to construct a model or replica of a fighter aircraft using interlocking bricks.<br \/>&nbsp;<br \/>\ud83d\udeab FONTOS!&nbsp;<br \/>&nbsp;<br \/>Product Name: J-35 FIGHTER<br \/>&nbsp;<br \/>Kateg\u00f3ria: Katonai<br \/>&nbsp;<br \/>This Kit Contains: SEMBO 202191<br \/>&nbsp;<br \/>1109 pcs Good Quality Bricks &nbsp;<br \/>&nbsp;<br \/>K\u00e9zi utas\u00edt\u00e1sok&nbsp;<br \/>&nbsp;<br \/>\ud83d\udcccA f\u0151szerepl\u0151 term\u00e9szete&nbsp;<br \/>&nbsp;<br \/>Introducing our proud collection named \u201cJ-35 FIGHTER\u201d you should not miss.&nbsp;<br \/>&nbsp;<br \/>J-35 FIGHTER is a fictional or generic representation of a fighter aircraft rather than a specific model based on a real-world fighter. These building block sets can be a fun and creative way to build and play, allowing you to assemble models based on your own imagination or following instructions provided with the set.<\/div>","protected":false},"excerpt":{"rendered":"<p>M\u00e1rka: SEMBO<br \/>\nNem: Uniszex<br \/>\nKoroszt\u00e1ly: &gt; 6 \u00e9v<br \/>\nModel Number: 202191<br \/>\nBesorol\u00e1s: \u00d6sszeszerel\u00e9s<br \/>\nM\u0171anyag blokk forma: \u00f6nz\u00e1r\u00f3 t\u00e9gla<br \/>\nAnyaga: M\u0171anyag<br \/>\nM\u0171anyag t\u00edpus: ABS<br \/>\nBricks Blocks: 1109 +<br \/>\nEredeti doboza nincs<\/p>","protected":false},"featured_media":47444,"comment_status":"open","ping_status":"closed","template":"","meta":{"_acf_changed":false},"product_cat":[1350,1357,372,364],"product_tag":[11101,7374,12177,374,389],"class_list":["product","first","instock","shipping-taxable","purchasable","product-type-simple"],"acf":[],"_links":{"self":[{"href":"https:\/\/mouldking.store\/hu\/wp-json\/wp\/v2\/product\/47450","targetHints":{"allow":["GET"]}}],"collection":[{"href":"https:\/\/mouldking.store\/hu\/wp-json\/wp\/v2\/product"}],"about":[{"href":"https:\/\/mouldking.store\/hu\/wp-json\/wp\/v2\/types\/product"}],"replies":[{"embeddable":true,"href":"https:\/\/mouldking.store\/hu\/wp-json\/wp\/v2\/comments?post=47450"}],"wp:featuredmedia":[{"embeddable":true,"href":"https:\/\/mouldking.store\/hu\/wp-json\/wp\/v2\/media\/47444"}],"wp:attachment":[{"href":"https:\/\/mouldking.store\/hu\/wp-json\/wp\/v2\/media?parent=47450"}],"wp:term":[{"taxonomy":"product_cat","embeddable":true,"href":"https:\/\/mouldking.store\/hu\/wp-json\/wp\/v2\/product_cat?post=47450"},{"taxonomy":"product_tag","embeddable":true,"href":"https:\/\/mouldking.store\/hu\/wp-json\/wp\/v2\/product_tag?post=47450"}],"curies":[{"name":"wp","href":"https:\/\/api.w.org\/{rel}","templated":true}]}}