{"id":47469,"date":"2023-06-30T10:29:02","date_gmt":"2023-06-30T03:29:02","guid":{"rendered":"https:\/\/mouldking.store\/shop\/panlosbrick-672007-suzuki-b-king-motorcycle-with-1056-pieces\/"},"modified":"2023-06-30T10:29:02","modified_gmt":"2023-06-30T03:29:02","slug":"panlosbrick-672007-suzuki-b-king-motorcycle-with-1056-pieces","status":"publish","type":"product","link":"https:\/\/mouldking.store\/hu\/shop\/panlosbrick-672007-suzuki-b-king-motorcycle-with-1056-pieces\/","title":{"rendered":"PANLOSBRICK 672007 Suzuki B-King Motorcycle with 1056 Pieces"},"content":{"rendered":"<div>\u2705 Panlos 672007 Suzuki B-King Motorcycle<br \/>&nbsp;<br \/>\u2705The Suzuki B-King is a motorcycle model that was introduced by Suzuki in 2007. It is known for its powerful engine, aggressive styling, and streetfighter design.&nbsp;<br \/>&nbsp;<br \/>\ud83d\udeab FONTOS!&nbsp;<br \/>&nbsp;<br \/>Product Name: Suzuki B-King Motorcycle<br \/>&nbsp;<br \/>Kateg\u00f3ria: M\u0171szaki<br \/>&nbsp;<br \/>This Kit Contains: Panlos 672007&nbsp;<br \/>&nbsp;<br \/>1056 pcs Good Quality Bricks&nbsp;<br \/>&nbsp;<br \/>Size: 38 \u00d7 12 \u00d7 21.5 cm<br \/>&nbsp;<br \/>K\u00e9zi utas\u00edt\u00e1sok&nbsp;<br \/>&nbsp;<br \/>\ud83d\udcccA f\u0151szerepl\u0151 term\u00e9szete&nbsp;<br \/>&nbsp;<br \/>Introducing our proud collection named \u201cSuzuki B-King Motorcycle\u201d you should not miss.&nbsp;<br \/>&nbsp;<br \/>&nbsp;The Suzuki B-King is powered by a 1,340cc inline-four engine, which is derived from the Suzuki Hayabusa sportbike. It delivers strong performance and acceleration, making it a high-performance motorcycle. The B-King features a distinctive and aggressive design with sharp lines and muscular styling. It has a naked or streetfighter appearance, emphasizing its powerful performance and street presence. With its powerful engine, the B-King offers impressive acceleration and speed. It has a strong torque output, which contributes to its quick and responsive performance.<\/div>","protected":false},"excerpt":{"rendered":"<p>M\u00e1rka: PANLOSBRICK<br \/>\nNem: Uniszex<br \/>\nKoroszt\u00e1ly: &gt; 6 \u00e9v<br \/>\nModel Number: 672007<br \/>\nBesorol\u00e1s: \u00d6sszeszerel\u00e9s<br \/>\nM\u0171anyag blokk forma: \u00f6nz\u00e1r\u00f3 t\u00e9gla<br \/>\nAnyaga: M\u0171anyag<br \/>\nM\u0171anyag t\u00edpus: ABS<br \/>\nBricks Blocks: 1056 +<br \/>\nEredeti doboza nincs<\/p>","protected":false},"featured_media":47465,"comment_status":"open","ping_status":"closed","template":"","meta":{"_acf_changed":false},"product_cat":[1357,364],"product_tag":[7374,2449,3012,12181,389,11080],"class_list":["product","first","instock","shipping-taxable","purchasable","product-type-simple"],"acf":[],"_links":{"self":[{"href":"https:\/\/mouldking.store\/hu\/wp-json\/wp\/v2\/product\/47469","targetHints":{"allow":["GET"]}}],"collection":[{"href":"https:\/\/mouldking.store\/hu\/wp-json\/wp\/v2\/product"}],"about":[{"href":"https:\/\/mouldking.store\/hu\/wp-json\/wp\/v2\/types\/product"}],"replies":[{"embeddable":true,"href":"https:\/\/mouldking.store\/hu\/wp-json\/wp\/v2\/comments?post=47469"}],"wp:featuredmedia":[{"embeddable":true,"href":"https:\/\/mouldking.store\/hu\/wp-json\/wp\/v2\/media\/47465"}],"wp:attachment":[{"href":"https:\/\/mouldking.store\/hu\/wp-json\/wp\/v2\/media?parent=47469"}],"wp:term":[{"taxonomy":"product_cat","embeddable":true,"href":"https:\/\/mouldking.store\/hu\/wp-json\/wp\/v2\/product_cat?post=47469"},{"taxonomy":"product_tag","embeddable":true,"href":"https:\/\/mouldking.store\/hu\/wp-json\/wp\/v2\/product_tag?post=47469"}],"curies":[{"name":"wp","href":"https:\/\/api.w.org\/{rel}","templated":true}]}}